{"id":19570,"date":"2025-07-21T07:23:17","date_gmt":"2025-07-21T07:23:17","guid":{"rendered":"https:\/\/intimusdream.com\/index.php\/produto\/pretty-love-ovo-vibratrio-rosa-fisher-controlado-por-aplicativo\/"},"modified":"2026-01-09T15:09:09","modified_gmt":"2026-01-09T15:09:09","slug":"pretty-love-ovo-vibratrio-rosa-fisher-controlado-por-aplicativo","status":"publish","type":"product","link":"https:\/\/intimusdream.com\/index.php\/produto\/pretty-love-ovo-vibratrio-rosa-fisher-controlado-por-aplicativo\/","title":{"rendered":"PRETTY LOVE &#8211; OVO VIBRAT\u00d3RIO ROSA FISHER CONTROLADO POR APLICATIVO"},"content":{"rendered":"<p>Desfrute do prazer em qualquer lugar com este pequeno ovo vibrat\u00f3rio incrivelmente discreto controlado por aplicativo. Este ovo de formato oval \u00e9 ideal para preliminares e estimula\u00e7\u00e3o durante o dia. Leve sua vida amorosa para o pr\u00f3ximo n\u00edvel e use o telefone do seu parceiro para controlar o ovo.<\/p>\n<p>Coloque essa beleza er\u00f3tica em sua roupa \u00edntima, para que voc\u00ea possa receber um prazer espont\u00e2neo incr\u00edvel nas m\u00e3os de seu parceiro, n\u00e3o importa sua localiza\u00e7\u00e3o. Avan\u00e7ado com aplicativos gratuitos de controle de smartphone, os ovos s\u00e3o feitos de silicone e incluem 12 fun\u00e7\u00f5es de vibra\u00e7\u00e3o diferentes. \u00c9 algo que voc\u00ea definitivamente n\u00e3o quer perder.<\/p>\n<p>&nbsp;<\/p>\n","protected":false},"excerpt":{"rendered":"<p>Desfrute do prazer em qualquer lugar com este pequeno ovo vibrat\u00f3rio incrivelmente discreto controlado por aplicativo. Este ovo de formato [&hellip;]<\/p>\n","protected":false},"featured_media":19569,"comment_status":"open","ping_status":"closed","template":"","meta":{"site-sidebar-layout":"default","site-content-layout":"","ast-site-content-layout":"default","site-content-style":"default","site-sidebar-style":"default","ast-global-header-display":"","ast-banner-title-visibility":"","ast-main-header-display":"","ast-hfb-above-header-display":"","ast-hfb-below-header-display":"","ast-hfb-mobile-header-display":"","site-post-title":"","ast-breadcrumbs-content":"","ast-featured-img":"","footer-sml-layout":"","theme-transparent-header-meta":"default","adv-header-id-meta":"","stick-header-meta":"","header-above-stick-meta":"","header-main-stick-meta":"","header-below-stick-meta":"","astra-migrate-meta-layouts":"set","ast-page-background-enabled":"default","ast-page-background-meta":{"desktop":{"background-color":"var(--ast-global-color-5)","background-image":"","background-repeat":"repeat","background-position":"center center","background-size":"auto","background-attachment":"scroll","background-type":"","background-media":"","overlay-type":"","overlay-color":"","overlay-opacity":"","overlay-gradient":""},"tablet":{"background-color":"","background-image":"","background-repeat":"repeat","background-position":"center center","background-size":"auto","background-attachment":"scroll","background-type":"","background-media":"","overlay-type":"","overlay-color":"","overlay-opacity":"","overlay-gradient":""},"mobile":{"background-color":"","background-image":"","background-repeat":"repeat","background-position":"center center","background-size":"auto","background-attachment":"scroll","background-type":"","background-media":"","overlay-type":"","overlay-color":"","overlay-opacity":"","overlay-gradient":""}},"ast-content-background-meta":{"desktop":{"background-color":"var(--ast-global-color-4)","background-image":"","background-repeat":"repeat","background-position":"center center","background-size":"auto","background-attachment":"scroll","background-type":"","background-media":"","overlay-type":"","overlay-color":"","overlay-opacity":"","overlay-gradient":""},"tablet":{"background-color":"var(--ast-global-color-4)","background-image":"","background-repeat":"repeat","background-position":"center center","background-size":"auto","background-attachment":"scroll","background-type":"","background-media":"","overlay-type":"","overlay-color":"","overlay-opacity":"","overlay-gradient":""},"mobile":{"background-color":"var(--ast-global-color-4)","background-image":"","background-repeat":"repeat","background-position":"center center","background-size":"auto","background-attachment":"scroll","background-type":"","background-media":"","overlay-type":"","overlay-color":"","overlay-opacity":"","overlay-gradient":""}}},"product_brand":[421],"product_cat":[419,420],"product_tag":[],"class_list":{"0":"post-19570","1":"product","2":"type-product","3":"status-publish","4":"has-post-thumbnail","6":"product_brand-pretty-love-smart","7":"product_cat-outlet","8":"product_cat-vibradores-com-app","9":"desktop-align-left","10":"tablet-align-left","11":"mobile-align-left","13":"first","14":"instock","15":"shipping-taxable","16":"purchasable","17":"product-type-simple"},"_links":{"self":[{"href":"https:\/\/intimusdream.com\/index.php\/wp-json\/wp\/v2\/product\/19570","targetHints":{"allow":["GET"]}}],"collection":[{"href":"https:\/\/intimusdream.com\/index.php\/wp-json\/wp\/v2\/product"}],"about":[{"href":"https:\/\/intimusdream.com\/index.php\/wp-json\/wp\/v2\/types\/product"}],"replies":[{"embeddable":true,"href":"https:\/\/intimusdream.com\/index.php\/wp-json\/wp\/v2\/comments?post=19570"}],"wp:featuredmedia":[{"embeddable":true,"href":"https:\/\/intimusdream.com\/index.php\/wp-json\/wp\/v2\/media\/19569"}],"wp:attachment":[{"href":"https:\/\/intimusdream.com\/index.php\/wp-json\/wp\/v2\/media?parent=19570"}],"wp:term":[{"taxonomy":"product_brand","embeddable":true,"href":"https:\/\/intimusdream.com\/index.php\/wp-json\/wp\/v2\/product_brand?post=19570"},{"taxonomy":"product_cat","embeddable":true,"href":"https:\/\/intimusdream.com\/index.php\/wp-json\/wp\/v2\/product_cat?post=19570"},{"taxonomy":"product_tag","embeddable":true,"href":"https:\/\/intimusdream.com\/index.php\/wp-json\/wp\/v2\/product_tag?post=19570"}],"curies":[{"name":"wp","href":"https:\/\/api.w.org\/{rel}","templated":true}]}}