{"id":19616,"date":"2025-07-21T07:24:22","date_gmt":"2025-07-21T07:24:22","guid":{"rendered":"https:\/\/intimusdream.com\/index.php\/produto\/pretty-love-baird-g-spot-12-vibraes-recarregvel-rosa-aplicativo\/"},"modified":"2026-01-09T15:12:58","modified_gmt":"2026-01-09T15:12:58","slug":"pretty-love-baird-g-spot-12-vibraes-recarregvel-rosa-aplicativo","status":"publish","type":"product","link":"https:\/\/intimusdream.com\/index.php\/produto\/pretty-love-baird-g-spot-12-vibraes-recarregvel-rosa-aplicativo\/","title":{"rendered":"PRETTY LOVE &#8211; BAIRD G-SPOT 12 VIBRA?ES RECARREGVEL ROSA APLICATIVO"},"content":{"rendered":"<p>Desfrute de um prazer discreto e poderoso para o seu ponto G \u2013 quando e onde quiser! O maravilhoso e ergonomicamente curvado G-Spot APP Vibrator da Pretty Love. Possui superf\u00edcie aveludada e de toque macio para maior conforto durante o jogo e o uso. Os 12 modos de vibra\u00e7\u00e3o podem ser controlados diretamente atrav\u00e9s do aplicativo Pretty Love com 3 fun\u00e7\u00f5es principais: modo autom\u00e1tico, modo de imers\u00e3o e modo de m\u00fasica, e essas fun\u00e7\u00f5es podem ser controladas a qualquer hora, em qualquer lugar do mundo, controle de longo prazo. dist\u00e2ncia. O vibrador \u00e9 feito de silicone e revestido por uma textura aveludada com toque macio. Isto significa que pode ser inserido com muita facilidade e \u00e9 extremamente agrad\u00e1vel quando usado. \u00c9 feito de silicone \u00e0 prova d&#8217;\u00e1gua para que voc\u00ea possa aproveitar o banho sozinho ou se divertir com seu parceiro.<\/p>\n<ul>\n<li><strong>Fun\u00e7\u00e3o:<\/strong> 12 fun\u00e7\u00f5es de vibra\u00e7\u00e3o Aplicativo m\u00f3vel Controle de longa dist\u00e2ncia<\/li>\n<li><strong>Alimenta\u00e7\u00e3o:<\/strong> USB recarreg\u00e1vel<\/li>\n<li><strong>Material:<\/strong> Silicone ABS<\/li>\n<li><strong>Cor:<\/strong> 0101S Rosa<\/li>\n<li><strong>Tamanho da embalagem mm:<\/strong> 177*97*57<\/li>\n<\/ul>\n","protected":false},"excerpt":{"rendered":"<p>Desfrute de um prazer discreto e poderoso para o seu ponto G \u2013 quando e onde quiser! O maravilhoso e [&hellip;]<\/p>\n","protected":false},"featured_media":19615,"comment_status":"open","ping_status":"closed","template":"","meta":{"site-sidebar-layout":"default","site-content-layout":"","ast-site-content-layout":"default","site-content-style":"default","site-sidebar-style":"default","ast-global-header-display":"","ast-banner-title-visibility":"","ast-main-header-display":"","ast-hfb-above-header-display":"","ast-hfb-below-header-display":"","ast-hfb-mobile-header-display":"","site-post-title":"","ast-breadcrumbs-content":"","ast-featured-img":"","footer-sml-layout":"","theme-transparent-header-meta":"default","adv-header-id-meta":"","stick-header-meta":"","header-above-stick-meta":"","header-main-stick-meta":"","header-below-stick-meta":"","astra-migrate-meta-layouts":"set","ast-page-background-enabled":"default","ast-page-background-meta":{"desktop":{"background-color":"var(--ast-global-color-5)","background-image":"","background-repeat":"repeat","background-position":"center center","background-size":"auto","background-attachment":"scroll","background-type":"","background-media":"","overlay-type":"","overlay-color":"","overlay-opacity":"","overlay-gradient":""},"tablet":{"background-color":"","background-image":"","background-repeat":"repeat","background-position":"center center","background-size":"auto","background-attachment":"scroll","background-type":"","background-media":"","overlay-type":"","overlay-color":"","overlay-opacity":"","overlay-gradient":""},"mobile":{"background-color":"","background-image":"","background-repeat":"repeat","background-position":"center center","background-size":"auto","background-attachment":"scroll","background-type":"","background-media":"","overlay-type":"","overlay-color":"","overlay-opacity":"","overlay-gradient":""}},"ast-content-background-meta":{"desktop":{"background-color":"var(--ast-global-color-4)","background-image":"","background-repeat":"repeat","background-position":"center center","background-size":"auto","background-attachment":"scroll","background-type":"","background-media":"","overlay-type":"","overlay-color":"","overlay-opacity":"","overlay-gradient":""},"tablet":{"background-color":"var(--ast-global-color-4)","background-image":"","background-repeat":"repeat","background-position":"center center","background-size":"auto","background-attachment":"scroll","background-type":"","background-media":"","overlay-type":"","overlay-color":"","overlay-opacity":"","overlay-gradient":""},"mobile":{"background-color":"var(--ast-global-color-4)","background-image":"","background-repeat":"repeat","background-position":"center center","background-size":"auto","background-attachment":"scroll","background-type":"","background-media":"","overlay-type":"","overlay-color":"","overlay-opacity":"","overlay-gradient":""}}},"product_brand":[426],"product_cat":[420],"product_tag":[],"class_list":{"0":"post-19616","1":"product","2":"type-product","3":"status-publish","4":"has-post-thumbnail","6":"product_brand-pretty-love-flirtation","7":"product_cat-vibradores-com-app","8":"desktop-align-left","9":"tablet-align-left","10":"mobile-align-left","12":"first","13":"outofstock","14":"shipping-taxable","15":"purchasable","16":"product-type-simple"},"_links":{"self":[{"href":"https:\/\/intimusdream.com\/index.php\/wp-json\/wp\/v2\/product\/19616","targetHints":{"allow":["GET"]}}],"collection":[{"href":"https:\/\/intimusdream.com\/index.php\/wp-json\/wp\/v2\/product"}],"about":[{"href":"https:\/\/intimusdream.com\/index.php\/wp-json\/wp\/v2\/types\/product"}],"replies":[{"embeddable":true,"href":"https:\/\/intimusdream.com\/index.php\/wp-json\/wp\/v2\/comments?post=19616"}],"wp:featuredmedia":[{"embeddable":true,"href":"https:\/\/intimusdream.com\/index.php\/wp-json\/wp\/v2\/media\/19615"}],"wp:attachment":[{"href":"https:\/\/intimusdream.com\/index.php\/wp-json\/wp\/v2\/media?parent=19616"}],"wp:term":[{"taxonomy":"product_brand","embeddable":true,"href":"https:\/\/intimusdream.com\/index.php\/wp-json\/wp\/v2\/product_brand?post=19616"},{"taxonomy":"product_cat","embeddable":true,"href":"https:\/\/intimusdream.com\/index.php\/wp-json\/wp\/v2\/product_cat?post=19616"},{"taxonomy":"product_tag","embeddable":true,"href":"https:\/\/intimusdream.com\/index.php\/wp-json\/wp\/v2\/product_tag?post=19616"}],"curies":[{"name":"wp","href":"https:\/\/api.w.org\/{rel}","templated":true}]}}