{"id":19622,"date":"2025-07-21T07:24:24","date_gmt":"2025-07-21T07:24:24","guid":{"rendered":"https:\/\/intimusdream.com\/index.php\/produto\/pretty-love-baird-g-spot-12-vibraes-recarregvel-lila-app\/"},"modified":"2026-01-09T15:13:19","modified_gmt":"2026-01-09T15:13:19","slug":"pretty-love-baird-g-spot-12-vibraes-recarregvel-lila-app","status":"publish","type":"product","link":"https:\/\/intimusdream.com\/index.php\/produto\/pretty-love-baird-g-spot-12-vibraes-recarregvel-lila-app\/","title":{"rendered":"PRETTY LOVE &#8211; BAIRD G-SPOT 12 VIBRA\u00c7\u00d5ES RECARREG\u00c1VEL LILA APP"},"content":{"rendered":"<p>Desfrute de um prazer discreto e poderoso para o seu ponto G \u2013 quando e onde quiser! O maravilhoso e ergonomicamente curvado G-Spot APP Vibrator da Pretty Love. Possui superf\u00edcie aveludada e de toque macio para maior conforto durante o jogo e o uso. Os 12 modos de vibra\u00e7\u00e3o podem ser controlados diretamente atrav\u00e9s do aplicativo Pretty Love com 3 fun\u00e7\u00f5es principais: modo autom\u00e1tico, modo de imers\u00e3o e modo de m\u00fasica, e essas fun\u00e7\u00f5es podem ser controladas a qualquer hora, em qualquer lugar do mundo, controle de longo prazo. dist\u00e2ncia. O vibrador \u00e9 feito de silicone e revestido por uma textura aveludada com toque macio. Isto significa que pode ser inserido com muita facilidade e \u00e9 extremamente agrad\u00e1vel quando usado. \u00c9 feito de silicone \u00e0 prova d&#8217;\u00e1gua para que voc\u00ea possa aproveitar o banho sozinho ou se divertir com seu parceiro.<\/p>\n<ul>\n<li><strong>Fun\u00e7\u00e3o:<\/strong> 12 fun\u00e7\u00f5es de vibra\u00e7\u00e3o Aplicativo m\u00f3vel Controle de longa dist\u00e2ncia<\/li>\n<li><strong>Alimenta\u00e7\u00e3o:<\/strong> USB recarreg\u00e1vel<\/li>\n<li><strong>Material:<\/strong> Silicone ABS<\/li>\n<li><strong>Cor:<\/strong> Lil\u00e1<\/li>\n<li><strong>Tamanho da embalagem mm:<\/strong> 177*97*57<\/li>\n<\/ul>\n<p><img fetchpriority=\"high\" decoding=\"async\" class=\"alignleft size-medium wp-image-20031\" src=\"https:\/\/intimusdream.com\/wp-content\/uploads\/2025\/07\/img_174966_b9c77cf0b5ca26a95c4068a80ff00263_1-300x300.jpg\" alt=\"\" width=\"300\" height=\"300\" srcset=\"https:\/\/intimusdream.com\/wp-content\/uploads\/2025\/07\/img_174966_b9c77cf0b5ca26a95c4068a80ff00263_1-300x300.jpg 300w, https:\/\/intimusdream.com\/wp-content\/uploads\/2025\/07\/img_174966_b9c77cf0b5ca26a95c4068a80ff00263_1-150x150.jpg 150w, https:\/\/intimusdream.com\/wp-content\/uploads\/2025\/07\/img_174966_b9c77cf0b5ca26a95c4068a80ff00263_1-768x768.jpg 768w, https:\/\/intimusdream.com\/wp-content\/uploads\/2025\/07\/img_174966_b9c77cf0b5ca26a95c4068a80ff00263_1-600x600.jpg 600w, https:\/\/intimusdream.com\/wp-content\/uploads\/2025\/07\/img_174966_b9c77cf0b5ca26a95c4068a80ff00263_1-100x100.jpg 100w, https:\/\/intimusdream.com\/wp-content\/uploads\/2025\/07\/img_174966_b9c77cf0b5ca26a95c4068a80ff00263_1.jpg 800w\" sizes=\"(max-width: 300px) 100vw, 300px\" \/> <img decoding=\"async\" class=\"alignleft size-medium wp-image-20032\" src=\"https:\/\/intimusdream.com\/wp-content\/uploads\/2025\/07\/img_174967_d21d86ff3eb191cc5a807b707566ef6a_1-300x300.jpg\" alt=\"\" width=\"300\" height=\"300\" srcset=\"https:\/\/intimusdream.com\/wp-content\/uploads\/2025\/07\/img_174967_d21d86ff3eb191cc5a807b707566ef6a_1-300x300.jpg 300w, https:\/\/intimusdream.com\/wp-content\/uploads\/2025\/07\/img_174967_d21d86ff3eb191cc5a807b707566ef6a_1-150x150.jpg 150w, https:\/\/intimusdream.com\/wp-content\/uploads\/2025\/07\/img_174967_d21d86ff3eb191cc5a807b707566ef6a_1-768x768.jpg 768w, https:\/\/intimusdream.com\/wp-content\/uploads\/2025\/07\/img_174967_d21d86ff3eb191cc5a807b707566ef6a_1-600x600.jpg 600w, https:\/\/intimusdream.com\/wp-content\/uploads\/2025\/07\/img_174967_d21d86ff3eb191cc5a807b707566ef6a_1-100x100.jpg 100w, https:\/\/intimusdream.com\/wp-content\/uploads\/2025\/07\/img_174967_d21d86ff3eb191cc5a807b707566ef6a_1.jpg 800w\" sizes=\"(max-width: 300px) 100vw, 300px\" \/> <img decoding=\"async\" class=\"alignleft size-medium wp-image-20033\" src=\"https:\/\/intimusdream.com\/wp-content\/uploads\/2025\/07\/img_174968_f17dd4b2d48f9c194d59fbcff2c4933b_1-300x300.jpg\" alt=\"\" width=\"300\" height=\"300\" srcset=\"https:\/\/intimusdream.com\/wp-content\/uploads\/2025\/07\/img_174968_f17dd4b2d48f9c194d59fbcff2c4933b_1-300x300.jpg 300w, https:\/\/intimusdream.com\/wp-content\/uploads\/2025\/07\/img_174968_f17dd4b2d48f9c194d59fbcff2c4933b_1-150x150.jpg 150w, https:\/\/intimusdream.com\/wp-content\/uploads\/2025\/07\/img_174968_f17dd4b2d48f9c194d59fbcff2c4933b_1-768x768.jpg 768w, https:\/\/intimusdream.com\/wp-content\/uploads\/2025\/07\/img_174968_f17dd4b2d48f9c194d59fbcff2c4933b_1-600x600.jpg 600w, https:\/\/intimusdream.com\/wp-content\/uploads\/2025\/07\/img_174968_f17dd4b2d48f9c194d59fbcff2c4933b_1-100x100.jpg 100w, https:\/\/intimusdream.com\/wp-content\/uploads\/2025\/07\/img_174968_f17dd4b2d48f9c194d59fbcff2c4933b_1.jpg 800w\" sizes=\"(max-width: 300px) 100vw, 300px\" \/> <img loading=\"lazy\" decoding=\"async\" class=\"alignleft size-medium wp-image-20034\" src=\"https:\/\/intimusdream.com\/wp-content\/uploads\/2025\/07\/img_174969_6c5683cb5a46a900cbc123def6332741_1-300x300.jpg\" alt=\"\" width=\"300\" height=\"300\" srcset=\"https:\/\/intimusdream.com\/wp-content\/uploads\/2025\/07\/img_174969_6c5683cb5a46a900cbc123def6332741_1-300x300.jpg 300w, https:\/\/intimusdream.com\/wp-content\/uploads\/2025\/07\/img_174969_6c5683cb5a46a900cbc123def6332741_1-150x150.jpg 150w, https:\/\/intimusdream.com\/wp-content\/uploads\/2025\/07\/img_174969_6c5683cb5a46a900cbc123def6332741_1-768x768.jpg 768w, https:\/\/intimusdream.com\/wp-content\/uploads\/2025\/07\/img_174969_6c5683cb5a46a900cbc123def6332741_1-600x600.jpg 600w, https:\/\/intimusdream.com\/wp-content\/uploads\/2025\/07\/img_174969_6c5683cb5a46a900cbc123def6332741_1-100x100.jpg 100w, https:\/\/intimusdream.com\/wp-content\/uploads\/2025\/07\/img_174969_6c5683cb5a46a900cbc123def6332741_1.jpg 800w\" sizes=\"(max-width: 300px) 100vw, 300px\" \/> <img loading=\"lazy\" decoding=\"async\" class=\"alignleft size-medium wp-image-20035\" src=\"https:\/\/intimusdream.com\/wp-content\/uploads\/2025\/07\/img_174970_f80d494685e1fa05467f98a7c27ad6c7_1-300x300.jpg\" alt=\"\" width=\"300\" height=\"300\" srcset=\"https:\/\/intimusdream.com\/wp-content\/uploads\/2025\/07\/img_174970_f80d494685e1fa05467f98a7c27ad6c7_1-300x300.jpg 300w, https:\/\/intimusdream.com\/wp-content\/uploads\/2025\/07\/img_174970_f80d494685e1fa05467f98a7c27ad6c7_1-150x150.jpg 150w, https:\/\/intimusdream.com\/wp-content\/uploads\/2025\/07\/img_174970_f80d494685e1fa05467f98a7c27ad6c7_1-768x768.jpg 768w, https:\/\/intimusdream.com\/wp-content\/uploads\/2025\/07\/img_174970_f80d494685e1fa05467f98a7c27ad6c7_1-600x600.jpg 600w, https:\/\/intimusdream.com\/wp-content\/uploads\/2025\/07\/img_174970_f80d494685e1fa05467f98a7c27ad6c7_1-100x100.jpg 100w, https:\/\/intimusdream.com\/wp-content\/uploads\/2025\/07\/img_174970_f80d494685e1fa05467f98a7c27ad6c7_1.jpg 800w\" sizes=\"(max-width: 300px) 100vw, 300px\" \/> <img loading=\"lazy\" decoding=\"async\" class=\"alignleft size-medium wp-image-20036\" src=\"https:\/\/intimusdream.com\/wp-content\/uploads\/2025\/07\/img_174971_3cf958a5cdb20b94b3664d2736c4130a_1-300x300.jpg\" alt=\"\" width=\"300\" height=\"300\" srcset=\"https:\/\/intimusdream.com\/wp-content\/uploads\/2025\/07\/img_174971_3cf958a5cdb20b94b3664d2736c4130a_1-300x300.jpg 300w, https:\/\/intimusdream.com\/wp-content\/uploads\/2025\/07\/img_174971_3cf958a5cdb20b94b3664d2736c4130a_1-150x150.jpg 150w, https:\/\/intimusdream.com\/wp-content\/uploads\/2025\/07\/img_174971_3cf958a5cdb20b94b3664d2736c4130a_1-768x768.jpg 768w, https:\/\/intimusdream.com\/wp-content\/uploads\/2025\/07\/img_174971_3cf958a5cdb20b94b3664d2736c4130a_1-600x600.jpg 600w, https:\/\/intimusdream.com\/wp-content\/uploads\/2025\/07\/img_174971_3cf958a5cdb20b94b3664d2736c4130a_1-100x100.jpg 100w, https:\/\/intimusdream.com\/wp-content\/uploads\/2025\/07\/img_174971_3cf958a5cdb20b94b3664d2736c4130a_1.jpg 800w\" sizes=\"(max-width: 300px) 100vw, 300px\" \/> <img loading=\"lazy\" decoding=\"async\" class=\"alignleft size-medium wp-image-20037\" src=\"https:\/\/intimusdream.com\/wp-content\/uploads\/2025\/07\/img_174972_f7349625a95203e3fae81a62995cd252_1-300x300.jpg\" alt=\"\" width=\"300\" height=\"300\" srcset=\"https:\/\/intimusdream.com\/wp-content\/uploads\/2025\/07\/img_174972_f7349625a95203e3fae81a62995cd252_1-300x300.jpg 300w, https:\/\/intimusdream.com\/wp-content\/uploads\/2025\/07\/img_174972_f7349625a95203e3fae81a62995cd252_1-150x150.jpg 150w, https:\/\/intimusdream.com\/wp-content\/uploads\/2025\/07\/img_174972_f7349625a95203e3fae81a62995cd252_1-768x768.jpg 768w, https:\/\/intimusdream.com\/wp-content\/uploads\/2025\/07\/img_174972_f7349625a95203e3fae81a62995cd252_1-600x600.jpg 600w, https:\/\/intimusdream.com\/wp-content\/uploads\/2025\/07\/img_174972_f7349625a95203e3fae81a62995cd252_1-100x100.jpg 100w, https:\/\/intimusdream.com\/wp-content\/uploads\/2025\/07\/img_174972_f7349625a95203e3fae81a62995cd252_1.jpg 800w\" sizes=\"(max-width: 300px) 100vw, 300px\" \/> <img loading=\"lazy\" decoding=\"async\" class=\"alignleft size-medium wp-image-20038\" src=\"https:\/\/intimusdream.com\/wp-content\/uploads\/2025\/07\/img_174973_14d04ff161ed530b419cb2d0bdbb1867_1-300x300.jpg\" alt=\"\" width=\"300\" height=\"300\" srcset=\"https:\/\/intimusdream.com\/wp-content\/uploads\/2025\/07\/img_174973_14d04ff161ed530b419cb2d0bdbb1867_1-300x300.jpg 300w, https:\/\/intimusdream.com\/wp-content\/uploads\/2025\/07\/img_174973_14d04ff161ed530b419cb2d0bdbb1867_1-150x150.jpg 150w, https:\/\/intimusdream.com\/wp-content\/uploads\/2025\/07\/img_174973_14d04ff161ed530b419cb2d0bdbb1867_1-768x768.jpg 768w, https:\/\/intimusdream.com\/wp-content\/uploads\/2025\/07\/img_174973_14d04ff161ed530b419cb2d0bdbb1867_1-600x600.jpg 600w, https:\/\/intimusdream.com\/wp-content\/uploads\/2025\/07\/img_174973_14d04ff161ed530b419cb2d0bdbb1867_1-100x100.jpg 100w, https:\/\/intimusdream.com\/wp-content\/uploads\/2025\/07\/img_174973_14d04ff161ed530b419cb2d0bdbb1867_1.jpg 800w\" sizes=\"(max-width: 300px) 100vw, 300px\" \/> <img loading=\"lazy\" decoding=\"async\" class=\"alignleft size-medium wp-image-20039\" src=\"https:\/\/intimusdream.com\/wp-content\/uploads\/2025\/07\/img_174974_d94d1208a063fa0cb5c1c951a9f2d8d0_1-300x300.jpg\" alt=\"\" width=\"300\" height=\"300\" srcset=\"https:\/\/intimusdream.com\/wp-content\/uploads\/2025\/07\/img_174974_d94d1208a063fa0cb5c1c951a9f2d8d0_1-300x300.jpg 300w, https:\/\/intimusdream.com\/wp-content\/uploads\/2025\/07\/img_174974_d94d1208a063fa0cb5c1c951a9f2d8d0_1-150x150.jpg 150w, https:\/\/intimusdream.com\/wp-content\/uploads\/2025\/07\/img_174974_d94d1208a063fa0cb5c1c951a9f2d8d0_1-768x768.jpg 768w, https:\/\/intimusdream.com\/wp-content\/uploads\/2025\/07\/img_174974_d94d1208a063fa0cb5c1c951a9f2d8d0_1-600x600.jpg 600w, https:\/\/intimusdream.com\/wp-content\/uploads\/2025\/07\/img_174974_d94d1208a063fa0cb5c1c951a9f2d8d0_1-100x100.jpg 100w, https:\/\/intimusdream.com\/wp-content\/uploads\/2025\/07\/img_174974_d94d1208a063fa0cb5c1c951a9f2d8d0_1.jpg 800w\" sizes=\"(max-width: 300px) 100vw, 300px\" \/> <img loading=\"lazy\" decoding=\"async\" class=\"alignleft size-medium wp-image-20040\" src=\"https:\/\/intimusdream.com\/wp-content\/uploads\/2025\/07\/img_174975_c78d740d3256a3d02a4391a42a81882b_1-300x300.jpg\" alt=\"\" width=\"300\" height=\"300\" srcset=\"https:\/\/intimusdream.com\/wp-content\/uploads\/2025\/07\/img_174975_c78d740d3256a3d02a4391a42a81882b_1-300x300.jpg 300w, https:\/\/intimusdream.com\/wp-content\/uploads\/2025\/07\/img_174975_c78d740d3256a3d02a4391a42a81882b_1-150x150.jpg 150w, https:\/\/intimusdream.com\/wp-content\/uploads\/2025\/07\/img_174975_c78d740d3256a3d02a4391a42a81882b_1-768x768.jpg 768w, https:\/\/intimusdream.com\/wp-content\/uploads\/2025\/07\/img_174975_c78d740d3256a3d02a4391a42a81882b_1-600x600.jpg 600w, https:\/\/intimusdream.com\/wp-content\/uploads\/2025\/07\/img_174975_c78d740d3256a3d02a4391a42a81882b_1-100x100.jpg 100w, https:\/\/intimusdream.com\/wp-content\/uploads\/2025\/07\/img_174975_c78d740d3256a3d02a4391a42a81882b_1.jpg 800w\" sizes=\"(max-width: 300px) 100vw, 300px\" \/> <img loading=\"lazy\" decoding=\"async\" class=\"alignleft size-medium wp-image-20041\" src=\"https:\/\/intimusdream.com\/wp-content\/uploads\/2025\/07\/img_174976_0db33615313f8b916166185a9323bac7_1-1-300x300.jpg\" alt=\"\" width=\"300\" height=\"300\" srcset=\"https:\/\/intimusdream.com\/wp-content\/uploads\/2025\/07\/img_174976_0db33615313f8b916166185a9323bac7_1-1-300x300.jpg 300w, https:\/\/intimusdream.com\/wp-content\/uploads\/2025\/07\/img_174976_0db33615313f8b916166185a9323bac7_1-1-150x150.jpg 150w, https:\/\/intimusdream.com\/wp-content\/uploads\/2025\/07\/img_174976_0db33615313f8b916166185a9323bac7_1-1-768x768.jpg 768w, https:\/\/intimusdream.com\/wp-content\/uploads\/2025\/07\/img_174976_0db33615313f8b916166185a9323bac7_1-1-600x600.jpg 600w, https:\/\/intimusdream.com\/wp-content\/uploads\/2025\/07\/img_174976_0db33615313f8b916166185a9323bac7_1-1-100x100.jpg 100w, https:\/\/intimusdream.com\/wp-content\/uploads\/2025\/07\/img_174976_0db33615313f8b916166185a9323bac7_1-1.jpg 800w\" sizes=\"(max-width: 300px) 100vw, 300px\" \/> <img loading=\"lazy\" decoding=\"async\" class=\"alignleft size-medium wp-image-20042\" src=\"https:\/\/intimusdream.com\/wp-content\/uploads\/2025\/07\/img_174977_00dd62c4665324ab9e92628242f83ef6_1-300x300.jpg\" alt=\"\" width=\"300\" height=\"300\" srcset=\"https:\/\/intimusdream.com\/wp-content\/uploads\/2025\/07\/img_174977_00dd62c4665324ab9e92628242f83ef6_1-300x300.jpg 300w, https:\/\/intimusdream.com\/wp-content\/uploads\/2025\/07\/img_174977_00dd62c4665324ab9e92628242f83ef6_1-150x150.jpg 150w, https:\/\/intimusdream.com\/wp-content\/uploads\/2025\/07\/img_174977_00dd62c4665324ab9e92628242f83ef6_1-768x768.jpg 768w, https:\/\/intimusdream.com\/wp-content\/uploads\/2025\/07\/img_174977_00dd62c4665324ab9e92628242f83ef6_1-600x600.jpg 600w, https:\/\/intimusdream.com\/wp-content\/uploads\/2025\/07\/img_174977_00dd62c4665324ab9e92628242f83ef6_1-100x100.jpg 100w, https:\/\/intimusdream.com\/wp-content\/uploads\/2025\/07\/img_174977_00dd62c4665324ab9e92628242f83ef6_1.jpg 800w\" sizes=\"(max-width: 300px) 100vw, 300px\" \/> <img loading=\"lazy\" decoding=\"async\" class=\"alignleft size-medium wp-image-20043\" src=\"https:\/\/intimusdream.com\/wp-content\/uploads\/2025\/07\/img_174978_75044edffddd6e0157985ad6510a68f1_1-300x300.jpg\" alt=\"\" width=\"300\" height=\"300\" srcset=\"https:\/\/intimusdream.com\/wp-content\/uploads\/2025\/07\/img_174978_75044edffddd6e0157985ad6510a68f1_1-300x300.jpg 300w, https:\/\/intimusdream.com\/wp-content\/uploads\/2025\/07\/img_174978_75044edffddd6e0157985ad6510a68f1_1-150x150.jpg 150w, https:\/\/intimusdream.com\/wp-content\/uploads\/2025\/07\/img_174978_75044edffddd6e0157985ad6510a68f1_1-768x768.jpg 768w, https:\/\/intimusdream.com\/wp-content\/uploads\/2025\/07\/img_174978_75044edffddd6e0157985ad6510a68f1_1-600x600.jpg 600w, https:\/\/intimusdream.com\/wp-content\/uploads\/2025\/07\/img_174978_75044edffddd6e0157985ad6510a68f1_1-100x100.jpg 100w, https:\/\/intimusdream.com\/wp-content\/uploads\/2025\/07\/img_174978_75044edffddd6e0157985ad6510a68f1_1.jpg 800w\" sizes=\"(max-width: 300px) 100vw, 300px\" \/> <img loading=\"lazy\" decoding=\"async\" class=\"alignleft size-medium wp-image-20044\" src=\"https:\/\/intimusdream.com\/wp-content\/uploads\/2025\/07\/img_174979_cddff07c94643b345d1ff316778f54a1_1-300x300.jpg\" alt=\"\" width=\"300\" height=\"300\" srcset=\"https:\/\/intimusdream.com\/wp-content\/uploads\/2025\/07\/img_174979_cddff07c94643b345d1ff316778f54a1_1-300x300.jpg 300w, https:\/\/intimusdream.com\/wp-content\/uploads\/2025\/07\/img_174979_cddff07c94643b345d1ff316778f54a1_1-150x150.jpg 150w, https:\/\/intimusdream.com\/wp-content\/uploads\/2025\/07\/img_174979_cddff07c94643b345d1ff316778f54a1_1-768x768.jpg 768w, https:\/\/intimusdream.com\/wp-content\/uploads\/2025\/07\/img_174979_cddff07c94643b345d1ff316778f54a1_1-600x600.jpg 600w, https:\/\/intimusdream.com\/wp-content\/uploads\/2025\/07\/img_174979_cddff07c94643b345d1ff316778f54a1_1-100x100.jpg 100w, https:\/\/intimusdream.com\/wp-content\/uploads\/2025\/07\/img_174979_cddff07c94643b345d1ff316778f54a1_1.jpg 800w\" sizes=\"(max-width: 300px) 100vw, 300px\" \/><\/p>\n","protected":false},"excerpt":{"rendered":"<p>Desfrute de um prazer discreto e poderoso para o seu ponto G \u2013 quando e onde quiser! O maravilhoso e [&hellip;]<\/p>\n","protected":false},"featured_media":19621,"comment_status":"open","ping_status":"closed","template":"","meta":{"site-sidebar-layout":"default","site-content-layout":"","ast-site-content-layout":"default","site-content-style":"default","site-sidebar-style":"default","ast-global-header-display":"","ast-banner-title-visibility":"","ast-main-header-display":"","ast-hfb-above-header-display":"","ast-hfb-below-header-display":"","ast-hfb-mobile-header-display":"","site-post-title":"","ast-breadcrumbs-content":"","ast-featured-img":"","footer-sml-layout":"","theme-transparent-header-meta":"default","adv-header-id-meta":"","stick-header-meta":"","header-above-stick-meta":"","header-main-stick-meta":"","header-below-stick-meta":"","astra-migrate-meta-layouts":"set","ast-page-background-enabled":"default","ast-page-background-meta":{"desktop":{"background-color":"var(--ast-global-color-5)","background-image":"","background-repeat":"repeat","background-position":"center center","background-size":"auto","background-attachment":"scroll","background-type":"","background-media":"","overlay-type":"","overlay-color":"","overlay-opacity":"","overlay-gradient":""},"tablet":{"background-color":"","background-image":"","background-repeat":"repeat","background-position":"center center","background-size":"auto","background-attachment":"scroll","background-type":"","background-media":"","overlay-type":"","overlay-color":"","overlay-opacity":"","overlay-gradient":""},"mobile":{"background-color":"","background-image":"","background-repeat":"repeat","background-position":"center center","background-size":"auto","background-attachment":"scroll","background-type":"","background-media":"","overlay-type":"","overlay-color":"","overlay-opacity":"","overlay-gradient":""}},"ast-content-background-meta":{"desktop":{"background-color":"var(--ast-global-color-4)","background-image":"","background-repeat":"repeat","background-position":"center center","background-size":"auto","background-attachment":"scroll","background-type":"","background-media":"","overlay-type":"","overlay-color":"","overlay-opacity":"","overlay-gradient":""},"tablet":{"background-color":"var(--ast-global-color-4)","background-image":"","background-repeat":"repeat","background-position":"center center","background-size":"auto","background-attachment":"scroll","background-type":"","background-media":"","overlay-type":"","overlay-color":"","overlay-opacity":"","overlay-gradient":""},"mobile":{"background-color":"var(--ast-global-color-4)","background-image":"","background-repeat":"repeat","background-position":"center center","background-size":"auto","background-attachment":"scroll","background-type":"","background-media":"","overlay-type":"","overlay-color":"","overlay-opacity":"","overlay-gradient":""}}},"product_brand":[426],"product_cat":[420],"product_tag":[],"class_list":{"0":"post-19622","1":"product","2":"type-product","3":"status-publish","4":"has-post-thumbnail","6":"product_brand-pretty-love-flirtation","7":"product_cat-vibradores-com-app","8":"desktop-align-left","9":"tablet-align-left","10":"mobile-align-left","12":"first","13":"outofstock","14":"shipping-taxable","15":"purchasable","16":"product-type-simple"},"_links":{"self":[{"href":"https:\/\/intimusdream.com\/index.php\/wp-json\/wp\/v2\/product\/19622","targetHints":{"allow":["GET"]}}],"collection":[{"href":"https:\/\/intimusdream.com\/index.php\/wp-json\/wp\/v2\/product"}],"about":[{"href":"https:\/\/intimusdream.com\/index.php\/wp-json\/wp\/v2\/types\/product"}],"replies":[{"embeddable":true,"href":"https:\/\/intimusdream.com\/index.php\/wp-json\/wp\/v2\/comments?post=19622"}],"wp:featuredmedia":[{"embeddable":true,"href":"https:\/\/intimusdream.com\/index.php\/wp-json\/wp\/v2\/media\/19621"}],"wp:attachment":[{"href":"https:\/\/intimusdream.com\/index.php\/wp-json\/wp\/v2\/media?parent=19622"}],"wp:term":[{"taxonomy":"product_brand","embeddable":true,"href":"https:\/\/intimusdream.com\/index.php\/wp-json\/wp\/v2\/product_brand?post=19622"},{"taxonomy":"product_cat","embeddable":true,"href":"https:\/\/intimusdream.com\/index.php\/wp-json\/wp\/v2\/product_cat?post=19622"},{"taxonomy":"product_tag","embeddable":true,"href":"https:\/\/intimusdream.com\/index.php\/wp-json\/wp\/v2\/product_tag?post=19622"}],"curies":[{"name":"wp","href":"https:\/\/api.w.org\/{rel}","templated":true}]}}