{"id":19640,"date":"2025-07-21T07:24:46","date_gmt":"2025-07-21T07:24:46","guid":{"rendered":"https:\/\/intimusdream.com\/index.php\/produto\/oninder-ovo-vibrante-nairobi-preto-aplicativo-gratuito\/"},"modified":"2026-01-09T15:24:03","modified_gmt":"2026-01-09T15:24:03","slug":"oninder-ovo-vibrante-nairobi-preto-aplicativo-gratuito","status":"publish","type":"product","link":"https:\/\/intimusdream.com\/index.php\/produto\/oninder-ovo-vibrante-nairobi-preto-aplicativo-gratuito\/","title":{"rendered":"ONINDER &#8211; OVO VIBRANTE NAIROBI PRETO &#8211; APLICATIVO GRATUITO"},"content":{"rendered":"<p><strong>OVO DE ONINDER<\/strong> ; Possivelmente o ovo vibrat\u00f3rio de controle remoto mais poderoso do mercado. Mas o que torna o Oninder Egg diferente dos demais? Vibra\u00e7\u00f5es muito poderosas e profundas, especialmente focadas no ponto G, o resultado s\u00e3o orgasmos extremamente mais intensos.<\/p>\n<p><strong>ESCULPIDO PARA SEU PRAZER<\/strong> descubra orgasmos atrav\u00e9s da estimula\u00e7\u00e3o do ponto G<\/p>\n<p>Desfrute de sensa\u00e7\u00f5es intensas e descubra novas formas de prazer pr\u00f3prio com o estimulador de pontos Oninder EGG. Deixe fluir dentro de voc\u00ea como se seu amante lhe desse o prazer mais iluminado e desfrute de um orgasmo intenso e insuportavelmente prazeroso no ponto G. Sucumbir ao seu design impec\u00e1vel e navegar nas ondas do prazer sempre que lhe apetecer.<\/p>\n<p><strong>EXTREMAMENTE SILENCIOSO<\/strong> &#8211; O n\u00edvel de som mais alto de 55dB permite que voc\u00ea o use em qualquer lugar, a qualquer hora, de forma totalmente discreta.<\/p>\n<p><strong>Conhe\u00e7a o ovo Oninder<\/strong><\/p>\n<p>Melhore a sua vida sexual e aumente a sua auto-estima com um ovo vibrat\u00f3rio silencioso, mas poderoso. Desfrute de prazer sem fim a qualquer hora e em qualquer lugar<\/p>\n<p><strong>Conhe\u00e7a o ovo Oninder<\/strong><\/p>\n<p>Melhore a sua vida sexual e aumente a sua auto-estima com um ovo vibrat\u00f3rio silencioso, mas poderoso. Desfrute de prazer sem fim a qualquer hora e em qualquer lugar<\/p>\n<p><strong>Como jogar<\/strong><\/p>\n<p>Oninder Egg \u00e9 inserido na vagina durante o sexo e se concentra no ponto G. Um pouco de lubrificante \u00e0 base de \u00e1gua tornar\u00e1 as sensa\u00e7\u00f5es ainda melhores.<\/p>\n<p><strong>Ergonomicamente perfeito para prazer.<\/strong><\/p>\n<ul>\n<li>Usado durante o sexo, o Oninder Egg \u00e9 ajust\u00e1vel para se ajustar ao seu corpo, sentindo as vibra\u00e7\u00f5es at\u00e9 o \u00faltimo mil\u00edmetro do ponto G. Seu formato ergon\u00f4mico \u00e9 f\u00e1cil de ajustar e permanece no lugar quando voc\u00ea encontra o ajuste perfeito.<\/li>\n<\/ul>\n<p><strong>IPX7 \u00e0 prova d&#8217;\u00e1gua<\/strong><\/p>\n<ul>\n<li>Oninder Egg \u00e9 \u00e0 prova d&#8217;\u00e1gua (IPX7), por isso \u00e9 f\u00e1cil de desfrutar em qualquer lugar e f\u00e1cil de limpar.<\/li>\n<\/ul>\n<p><strong>Aplicativo Oninder<\/strong><\/p>\n<p>Desbloqueie novos recursos de controle de brinquedos com o aplicativo Oninder. Toque na tela do seu smartphone para alterar as configura\u00e7\u00f5es de vibra\u00e7\u00e3o e intensidade, mesmo \u00e0 dist\u00e2ncia.<\/p>\n<p>Aumente o jogo com o aplicativo Oninder e aproveite ao m\u00e1ximo seu ONINDER EGG<\/p>\n<p>Com este vibrador voc\u00ea n\u00e3o s\u00f3 pode escolher entre combina\u00e7\u00f5es predefinidas de vibra\u00e7\u00e3o e intensidade, mas tamb\u00e9m pode compartilhar um controle inovador baseado em aplicativo. Basta baixar o aplicativo ONINDER gratuito em seu dispositivo Android ou iOS e conectar seu smartphone ou tablet.<\/p>\n<p>Compartilhe seu prazer com outros usu\u00e1rios de todo o mundo. Experimente a vibra\u00e7\u00e3o ao ritmo da sua playlist favorita do Spotify diretamente no seu Oninder Egg; sua criatividade n\u00e3o tem limites gra\u00e7as a este aplicativo de controle remoto. Voc\u00ea tamb\u00e9m pode permitir que seu parceiro assuma o controle ou controle o ONINDER de outros usu\u00e1rios atrav\u00e9s da rede social.<\/p>\n<p>Embarque em aventuras inesperadas e aventure-se nos mundos digitais completamente novos do aplicativo Oninder. Obviamente, a aplica\u00e7\u00e3o est\u00e1 em conformidade com o GDPR e com todos os regulamentos europeus de prote\u00e7\u00e3o de dados. Desta forma, voc\u00ea pode relaxar completamente e levar sua vida sexual a um novo n\u00edvel. O que voc\u00ea est\u00e1 esperando? Algumas horas de prazer apaixonado esperam por voc\u00ea.<\/p>\n<ul>\n<li>Motor potente<\/li>\n<li>Possibilidade de usar tamb\u00e9m sem aplica\u00e7\u00e3o<\/li>\n<li>Variedade infinita de programas de vibra\u00e7\u00e3o atrav\u00e9s do aplicativo<\/li>\n<li>\u00c0 prova d&#8217;\u00e1gua (IPX7)<\/li>\n<li>Bateria de \u00edon de l\u00edtio (carregador USB inclu\u00eddo)<\/li>\n<li>Silicone m\u00e9dico macio.<\/li>\n<li>2 anos de garantia<\/li>\n<\/ul>\n<p style=\"text-align: center;\"><img decoding=\"async\" style=\"text-align: center; width: 800px; height: 588px;\" src=\"https:\/\/interno.dreamlove.es\/UserFiles\/images\/img_130463_a773844ddb08cd3e428957348e0d7d85_1%281%29.png\" alt=\"\" \/><\/p>\n<p align=\"center\"><strong>APLICATIVO ONINDER<\/strong><\/p>\n<p>Desbloqueie novos recursos de controle de brinquedos com o aplicativo ONINDER\u2122. Toque na tela do seu smartphone para alterar as configura\u00e7\u00f5es de vibra\u00e7\u00e3o e intensidade, mesmo \u00e0 dist\u00e2ncia.<\/p>\n<p>Aumente o jogo com o aplicativo ONINDER\u2122 e aproveite ao m\u00e1ximo seu brinquedo ONINDER\u2122.<\/p>\n<p>Com este vibrador voc\u00ea n\u00e3o s\u00f3 pode escolher entre combina\u00e7\u00f5es predefinidas de vibra\u00e7\u00e3o e intensidade, mas tamb\u00e9m pode compartilhar um controle inovador baseado em aplicativo. Basta baixar o aplicativo ONINDER\u2122 gratuito em seu dispositivo Android ou iOS e conectar seu smartphone ou tablet.<\/p>\n<p>Compartilhe seu prazer com outros usu\u00e1rios de todo o mundo. Experimente a vibra\u00e7\u00e3o ao ritmo da sua playlist favorita do Spotify diretamente no seu ONINDER\u2122; sua criatividade n\u00e3o tem limites gra\u00e7as a este aplicativo de controle remoto. Voc\u00ea tamb\u00e9m pode permitir que seu parceiro assuma o controle ou controle o ONINDER\u2122 de outros usu\u00e1rios atrav\u00e9s da rede social.<\/p>\n<p>Viva aventuras inesperadas e aventure-se nos mundos digitais completamente novos do aplicativo ONINDER\u2122. Obviamente, a aplica\u00e7\u00e3o est\u00e1 em conformidade com o GDPR e com todos os regulamentos europeus de prote\u00e7\u00e3o de dados. Desta forma, voc\u00ea pode relaxar completamente e levar sua vida sexual a um novo n\u00edvel. O que voc\u00ea est\u00e1 esperando? Algumas horas de prazer apaixonado esperam por voc\u00ea.<\/p>\n<p><strong>\u2022 Motor potente<\/strong><\/p>\n<p><strong>\u2022 Possibilidade de usar tamb\u00e9m sem aplicativo<\/strong><\/p>\n<p><strong>\u2022 Variedade infinita de programas de vibra\u00e7\u00e3o atrav\u00e9s do aplicativo<\/strong><\/p>\n<p><strong>\u2022 \u00c0 prova d&#8217;\u00e1gua (IPX7)<\/strong><\/p>\n<p><strong>\u2022 Bateria de \u00edon de l\u00edtio (carregador USB inclu\u00eddo)<\/strong><\/p>\n<p><strong>\u2022 Silicone m\u00e9dico macio.<\/strong><\/p>\n<p><strong>\u2022 2 anos de garantia<\/strong><\/p>\n<p align=\"center\"><strong>Por que escolher ONINDER\u2122?<\/strong><\/p>\n<p align=\"center\">Encontre o amor com a pessoa que \u00e9 realmente certa para voc\u00ea ou aumente a confian\u00e7a em casal Jogando no controle remoto com os brinquedos ONINDER\u2122<\/p>\n<p align=\"center\">ONINDER\u2122, o que \u00e9 e como funciona<\/p>\n<p>Em poucas palavras, ONINDER\u2122 \u00e9 um APP que permite ao usu\u00e1rio se conectar com outros perfis online para fazer amigos, ampliar a lista de contatos ao redor do mundo e at\u00e9 conseguir parceiros tempor\u00e1rios ou permanentes.<\/p>\n<p>ONINDER\u2122 \u00e9 uma aplica\u00e7\u00e3o que permite brincar sexualmente com pessoas em diferentes partes do mundo ou aumentar a confian\u00e7a a dois, bem como um servi\u00e7o de encontros online que foi inicialmente desenvolvido na Europa para o mercado europeu. No entanto, estamos confiantes na sua popularidade e expans\u00e3o para outros pa\u00edses do continente europeu. Este servi\u00e7o online est\u00e1 atualmente dispon\u00edvel em diferentes partes do mundo, incluindo a Am\u00e9rica Latina e em breve a \u00c1sia.<\/p>\n<p align=\"center\"><strong>Como funciona<\/strong><\/p>\n<p>Voc\u00ea cria um perfil no ONINDER\u2122 e entra em um clube privado gratuito.<\/p>\n<p>O cadastro gratuito \u00e9 um procedimento comum em aplicativos de namoro, pois \u00e9 algo que beneficia ambas as partes, tanto a empresa quanto o potencial usu\u00e1rio.<\/p>\n<p>Depois que sua conta gratuita for criada, voc\u00ea poder\u00e1 acessar a busca por perfis de outros usu\u00e1rios. Perfis que foram selecionados levando em considera\u00e7\u00e3o os filtros que voc\u00ea ativou anteriormente no momento do cadastro.<\/p>\n<p>Da mesma forma, quanto mais espec\u00edficas forem suas prioridades em rela\u00e7\u00e3o \u00e0s pessoas que voc\u00ea tem interesse em conhecer, mais oportunidades voc\u00ea ter\u00e1 para ter sucesso em sua busca. Por outro lado, se a sua estrat\u00e9gia for mais quantitativa do que qualitativa porque voc\u00ea deseja ter um espectro mais amplo para escolher.<\/p>\n<p>N\u00e3o \u00e9 obrigat\u00f3rio fazer upload de foto, ent\u00e3o voc\u00ea pode navegar com certa privacidade e se quiser continuar experimentando ONINDER\u2122 gratuitamente.Conecte um n\u00edvel mais profundo com o novo aplicativo ONINDER\u2122<\/p>\n<p>Projetado para explorar e fortalecer relacionamentos entre casais, o aplicativo ONINDER\u2122 oferece um espa\u00e7o para brincar, onde voc\u00ea estiver.<\/p>\n<p align=\"center\"><strong>Conhe\u00e7a o aplicativo<\/strong><\/p>\n<p><strong>Controle e jogue.<\/strong><\/p>\n<p>ONINDER\u2122 permite aumentar ou diminuir a intensidade das vibra\u00e7\u00f5es. Com a multivibra\u00e7\u00e3o voc\u00ea pode fazer mais: escolher entre diferentes padr\u00f5es de vibra\u00e7\u00e3o ou trocar de motor ao usar um brinquedo com motor duplo.<\/p>\n<p><strong>Inicie a conversa<\/strong><\/p>\n<p>ONINDER\u2122 \u00e9 uma plataforma que facilita a express\u00e3o aberta e livre sobre seus desejos. Diga ao seu parceiro o que voc\u00ea gosta e pe\u00e7a o que quiser, mesmo no calor do momento.<\/p>\n<p><strong>Cria\u00e7\u00e3o de vibra\u00e7\u00f5es<\/strong><\/p>\n<p>Utilize os diferentes n\u00edveis e curvas de prazer que aumentam ou diminuem a intensidade da vibra\u00e7\u00e3o, d\u00ea asas \u00e0 imagina\u00e7\u00e3o enquanto a aplica\u00e7\u00e3o o surpreende com ritmos irresist\u00edveis.<\/p>\n<p><strong>Amor para verdadeiros AMANTES<\/strong><\/p>\n<p>Esteja voc\u00ea do outro lado da sala ou do outro lado do oceano, voc\u00ea pode compartilhar o prazer com seu parceiro. Combine seus brinquedos com os aplicativos de ambos os telefones para controlar os diferentes modos de vibra\u00e7\u00e3o, sinta sexualmente a magia da tecnologia.<\/p>\n<p style=\"margin-left: 36.0pt;\" align=\"center\"><strong>Conecte-se com seu parceiro de longa dist\u00e2ncia<\/strong><\/p>\n<p style=\"margin-left: 36.0pt;\" align=\"center\"><strong>Combine diferentes formas de comunica\u00e7\u00e3o com controle de brinquedos de qualquer local.<\/strong><\/p>\n<ol>\n<li><strong>Bate-papo\/chamada de voz\/chamada de v\u00eddeo<\/strong><\/li>\n<li><strong>Link de controle<\/strong><\/li>\n<li><strong>Controle ao vivo<\/strong><\/li>\n<li><strong>Sexo \u00e0 dist\u00e2ncia<\/strong><\/li>\n<\/ol>\n<p style=\"margin-left: 141.6pt;\"><strong>Tempo de resposta r\u00e1pido<\/strong><\/p>\n<p style=\"margin-left: 36.0pt;\">\u2022 Sinta os movimentos do seu parceiro quase em tempo real. Constru\u00eddo com sensores avan\u00e7ados, voc\u00ea sentir\u00e1 todas as a\u00e7\u00f5es do seu parceiro durante a sess\u00e3o.<\/p>\n<p style=\"margin-left: 36.0pt;\"><strong>Plataforma Segura<\/strong><\/p>\n<p style=\"margin-left: 36.0pt;\">\u2022 Seu bate-papo por v\u00eddeo \u00e9 criptografado e vai diretamente para o dispositivo do seu parceiro. Nenhuma das suas mensagens de texto ou sess\u00f5es de v\u00eddeo passa pelos nossos servidores. Respeitamos sua privacidade e seguran\u00e7a!<\/p>\n<p style=\"margin-left: 36.0pt;\"><strong>M\u00faltiplas op\u00e7\u00f5es de conex\u00e3o<\/strong><\/p>\n<p style=\"margin-left: 36.0pt;\">\u2022 N\u00e3o quer usar nosso software de bate-papo por v\u00eddeo? Voc\u00ea pode conectar os brinquedos ao nosso aplicativo e usar um aplicativo de bate-papo por v\u00eddeo de terceiros &#8211; Skype-. O sexo no Skype nunca mais ser\u00e1 o mesmo.<\/p>\n<p align=\"center\"><strong>\u2022 Quais modos de jogo o Oninder\u2122 possui?<\/strong><\/p>\n<ul>\n<li><strong>Longa dist\u00e2ncia<\/strong><\/li>\n<\/ul>\n<p><strong>Controle o prazer do seu parceiro atrav\u00e9s do aplicativo ONINDER\u2122 ou deixe que ele controle voc\u00ea, independentemente da dist\u00e2ncia f\u00edsica. Com a op\u00e7\u00e3o de sincronizar seus brinquedos para sentir as mesmas sensa\u00e7\u00f5es, prometemos que o sexo por v\u00eddeo ou por telefone nunca mais ser\u00e1 o mesmo.<\/strong><\/p>\n<ul>\n<li><strong>Jogo P\u00fablico<\/strong><\/li>\n<\/ul>\n<p><strong>Use um brinquedo com um parceiro em diferentes locais p\u00fablicos e veja se consegue conter os gemidos.<\/strong><\/p>\n<ul>\n<li><strong>Jogo solo<\/strong><\/li>\n<\/ul>\n<p><strong>Os brinquedos sexuais permitem aumentar sua autoestima e felicidade pessoal. Com nosso aplicativo, um brinquedo ONINDER\u2122 e um pouco de imagina\u00e7\u00e3o, a vida estar\u00e1 aos seus p\u00e9s pelo tempo que voc\u00ea precisar.<\/strong><\/p>\n<ul>\n<li><strong>Conhe\u00e7a os jogadores sexuais ONINDER\u2122<\/strong><\/li>\n<\/ul>\n<p align=\"center\"><strong>A dist\u00e2ncia n\u00e3o \u00e9 um problema. Envie um link de controle para um amigo ou fa\u00e7a com que estranhos sensuais controlem seu brinquedo para um sexo virtual atrevido.<\/strong><\/p>\n<p align=\"center\"><strong>Mas posso conhecer novas pessoas que usam brinquedos ONINDER\u2122?<\/strong><\/p>\n<p>ONINDER\u2122 n\u00e3o \u00e9 apenas um aplicativo de jogos para casais, \u00e9 uma &#8220;Rede Social para Jogadores Sexuais&#8221; que conectar\u00e1 voc\u00ea com pessoas de qualquer lugar do mundo.<\/p>\n<p>Antigamente, se voc\u00ea quisesse brincar com seu parceiro ou com algu\u00e9m que n\u00e3o conhecia, era necess\u00e1rio ter um ponto de encontro f\u00edsico. Hoje em dia existem tantas op\u00e7\u00f5es que \u00e9 muito f\u00e1cil se perder, e os Sex Gamers de quem voc\u00ea est\u00e1 pr\u00f3ximo podem n\u00e3o ter os mesmos gostos que voc\u00ea.<\/p>\n<p>\u00c9 aqui que entra ONINDER\u2122, uma plataforma que busca conectar gamers sexuais de todo o mundo, gra\u00e7as a algoritmos respons\u00e1veis por analisar os gostos pessoais de cada usu\u00e1rio.<\/p>\n<p>Os criadores desta \u201crede social para jogadores sexuais\u201d garantem que gra\u00e7as ao seu servi\u00e7o \u201ca actividade sexual entre os utilizadores de brinquedos sexuais aumentar\u00e1 consideravelmente\u201d. Para isso teremos que inserir alguns dados e assim criar um perfil ONINDER\u2122.<\/p>\n<p>J\u00e1 sabemos que ONINDER\u2122 \u00e9 um aplicativo para brincar sexualmente com seu parceiro ou estranhos e tamb\u00e9m uma rede social. Agora vamos falar sobre os recursos;\u00a1Controlado remotamente por meio do seu iPhone ou Android!<\/p>\n<p>&nbsp;<\/p>\n<p align=\"center\"><strong>Nossos brinquedos sexuais Bluetooth se conectam sem fio aos nossos aplicativos.<\/strong><\/p>\n<p><strong>Voc\u00ea tem o controle<\/strong><\/p>\n<p><strong>Controle remotamente a linha de brinquedos ONINDER\u2122 de perto ou de longe, onde quer que voc\u00ea esteja.<\/strong><\/p>\n<p><strong>Fun\u00e7\u00f5es principais:<\/strong><\/p>\n<ul>\n<li><strong>Controle local<\/strong><\/li>\n<li><strong>Texto\/\u00e1udio\/chat de v\u00eddeo<\/strong><\/li>\n<li><strong>Controle de longa dist\u00e2ncia<\/strong><\/li>\n<li><strong>Sincronize com sua m\u00fasica<\/strong><\/li>\n<li><strong>Sexo \u00e0 dist\u00e2ncia<\/strong><\/li>\n<\/ul>\n<p align=\"center\"><strong>Compat\u00edvel com:<\/strong><\/p>\n<p align=\"center\"><strong>iPhone\/iPad Air\/iPad Mini\/iPod Touch iOS 11.0 e superior<\/strong><\/p>\n<p align=\"center\"><strong>Android 4.3 e superior com Bluetooth 4.0 habilitado<\/strong><\/p>\n<p align=\"center\"><strong>Vamos falar sobre algumas perguntas frequentes sobre o aplicativo.<\/strong><\/p>\n<p align=\"center\"><strong>\u00bfComo posso alterar minhas prefer\u00eancias de idioma no Oninder?<\/strong><\/p>\n<p>\u2022 No menu, se\u00e7\u00e3o &#8220;Configura\u00e7\u00f5es&#8221; voc\u00ea pode alterar o idioma do App. Dispon\u00edvel em espanhol, ingl\u00eas, italiano, alem\u00e3o, franc\u00eas e portugu\u00eas.<\/p>\n<p align=\"center\"><strong>E se eu tiver sido restringido do ONINDER\u2122 devido \u00e0 idade?<\/strong><\/p>\n<p align=\"center\"><strong>\u2022<\/strong> Para acessar o ONINDER\u2122 \u00e9 obrigat\u00f3rio ter mais de 18 anos, o App restringe seu uso a menores.<\/p>\n<p align=\"center\">\u2022 Em caso de erro, entre em contato com um dos moderadores do ONINDER\u2122 e ele solicitar\u00e1 a documenta\u00e7\u00e3o necess\u00e1ria para atestar que voc\u00ea \u00e9 maior de idade.<\/p>\n<p align=\"center\"><strong>Posso excluir uma mensagem de bate-papo?<\/strong><\/p>\n<p align=\"center\"><strong>\u2022<\/strong> Sim, voc\u00ea pode excluir mensagens do chat para que a outra pessoa n\u00e3o veja.<\/p>\n<p align=\"center\"><strong>Como posso bloquear um usu\u00e1rio?<\/strong><\/p>\n<p align=\"center\">\u2022 Para bloquear um usu\u00e1rio, voc\u00ea precisa inserir o perfil que deseja bloquear e bloque\u00e1-lo a partir da\u00ed. Voc\u00ea ver\u00e1 uma janela na qual dever\u00e1 especificar o motivo, para que os moderadores do ONINDER\u2122 possam tomar as medidas cab\u00edveis.<\/p>\n<p align=\"center\"><strong>Posso enviar mensagens para qualquer usu\u00e1rio que fa\u00e7a parte do ONINDER\u2122?<\/strong><\/p>\n<p align=\"center\">Na verdade, a resposta \u00e9 SIM, voc\u00ea pode enviar mensagens a qualquer usu\u00e1rio que fa\u00e7a parte da comunidade ONINDER\u2122.<\/p>\n<p align=\"center\"><strong>Como posso excluir minha conta?<\/strong><\/p>\n<p align=\"center\">Voc\u00ea pode excluir sua conta ONINDER\u2122 no menu, se\u00e7\u00e3o \u201cConfigura\u00e7\u00f5es\u201d.<\/p>\n<p align=\"center\"><strong>O ONINDER\u2122 \u00e9 gratuito?<\/strong><\/p>\n<p align=\"center\">ONINDER\u2122 \u00e9 totalmente gratuito, basta baixar o App dispon\u00edvel para ANDROID E IOS.<\/p>\n<p align=\"center\"><strong>Quem pode usar ONINDER\u2122?<\/strong><\/p>\n<p align=\"center\">ONINDER\u2122 \u00e9 um aplicativo para todos os p\u00fablicos maiores de 18 anos.<\/p>\n<p align=\"center\"><strong>Posso usar o ONINDER\u2122 sem me registrar?<\/strong><\/p>\n<p align=\"center\">Sim, voc\u00ea poder\u00e1 usar o ONINDER\u2122 localmente, mas n\u00e3o poder\u00e1 acessar a busca de pessoas, conversar, fazer videochamadas ou controlar o brinquedo de outra pessoa.<\/p>\n<p align=\"center\"><strong>Descubra mais informa\u00e7\u00f5es sobre ONINDER\u2122 e todos os produtos em www.oninder.com<\/strong><\/p>\n","protected":false},"excerpt":{"rendered":"<p>OVO DE ONINDER ; Possivelmente o ovo vibrat\u00f3rio de controle remoto mais poderoso do mercado. Mas o que torna o [&hellip;]<\/p>\n","protected":false},"featured_media":19639,"comment_status":"open","ping_status":"closed","template":"","meta":{"site-sidebar-layout":"default","site-content-layout":"","ast-site-content-layout":"default","site-content-style":"default","site-sidebar-style":"default","ast-global-header-display":"","ast-banner-title-visibility":"","ast-main-header-display":"","ast-hfb-above-header-display":"","ast-hfb-below-header-display":"","ast-hfb-mobile-header-display":"","site-post-title":"","ast-breadcrumbs-content":"","ast-featured-img":"","footer-sml-layout":"","theme-transparent-header-meta":"default","adv-header-id-meta":"","stick-header-meta":"","header-above-stick-meta":"","header-main-stick-meta":"","header-below-stick-meta":"","astra-migrate-meta-layouts":"set","ast-page-background-enabled":"default","ast-page-background-meta":{"desktop":{"background-color":"var(--ast-global-color-5)","background-image":"","background-repeat":"repeat","background-position":"center center","background-size":"auto","background-attachment":"scroll","background-type":"","background-media":"","overlay-type":"","overlay-color":"","overlay-opacity":"","overlay-gradient":""},"tablet":{"background-color":"","background-image":"","background-repeat":"repeat","background-position":"center center","background-size":"auto","background-attachment":"scroll","background-type":"","background-media":"","overlay-type":"","overlay-color":"","overlay-opacity":"","overlay-gradient":""},"mobile":{"background-color":"","background-image":"","background-repeat":"repeat","background-position":"center center","background-size":"auto","background-attachment":"scroll","background-type":"","background-media":"","overlay-type":"","overlay-color":"","overlay-opacity":"","overlay-gradient":""}},"ast-content-background-meta":{"desktop":{"background-color":"var(--ast-global-color-4)","background-image":"","background-repeat":"repeat","background-position":"center center","background-size":"auto","background-attachment":"scroll","background-type":"","background-media":"","overlay-type":"","overlay-color":"","overlay-opacity":"","overlay-gradient":""},"tablet":{"background-color":"var(--ast-global-color-4)","background-image":"","background-repeat":"repeat","background-position":"center center","background-size":"auto","background-attachment":"scroll","background-type":"","background-media":"","overlay-type":"","overlay-color":"","overlay-opacity":"","overlay-gradient":""},"mobile":{"background-color":"var(--ast-global-color-4)","background-image":"","background-repeat":"repeat","background-position":"center center","background-size":"auto","background-attachment":"scroll","background-type":"","background-media":"","overlay-type":"","overlay-color":"","overlay-opacity":"","overlay-gradient":""}}},"product_brand":[424],"product_cat":[420],"product_tag":[],"class_list":{"0":"post-19640","1":"product","2":"type-product","3":"status-publish","4":"has-post-thumbnail","6":"product_brand-oninder","7":"product_cat-vibradores-com-app","8":"desktop-align-left","9":"tablet-align-left","10":"mobile-align-left","12":"first","13":"instock","14":"shipping-taxable","15":"purchasable","16":"product-type-simple"},"_links":{"self":[{"href":"https:\/\/intimusdream.com\/index.php\/wp-json\/wp\/v2\/product\/19640","targetHints":{"allow":["GET"]}}],"collection":[{"href":"https:\/\/intimusdream.com\/index.php\/wp-json\/wp\/v2\/product"}],"about":[{"href":"https:\/\/intimusdream.com\/index.php\/wp-json\/wp\/v2\/types\/product"}],"replies":[{"embeddable":true,"href":"https:\/\/intimusdream.com\/index.php\/wp-json\/wp\/v2\/comments?post=19640"}],"wp:featuredmedia":[{"embeddable":true,"href":"https:\/\/intimusdream.com\/index.php\/wp-json\/wp\/v2\/media\/19639"}],"wp:attachment":[{"href":"https:\/\/intimusdream.com\/index.php\/wp-json\/wp\/v2\/media?parent=19640"}],"wp:term":[{"taxonomy":"product_brand","embeddable":true,"href":"https:\/\/intimusdream.com\/index.php\/wp-json\/wp\/v2\/product_brand?post=19640"},{"taxonomy":"product_cat","embeddable":true,"href":"https:\/\/intimusdream.com\/index.php\/wp-json\/wp\/v2\/product_cat?post=19640"},{"taxonomy":"product_tag","embeddable":true,"href":"https:\/\/intimusdream.com\/index.php\/wp-json\/wp\/v2\/product_tag?post=19640"}],"curies":[{"name":"wp","href":"https:\/\/api.w.org\/{rel}","templated":true}]}}