{"id":19685,"date":"2025-07-21T13:33:04","date_gmt":"2025-07-21T13:33:04","guid":{"rendered":"https:\/\/intimusdream.com\/index.php\/produto\/toyjoy-vibrador-preto-com-luz-luminada\/"},"modified":"2026-01-09T15:06:24","modified_gmt":"2026-01-09T15:06:24","slug":"toyjoy-vibrador-preto-com-luz-luminada","status":"publish","type":"product","link":"https:\/\/intimusdream.com\/index.php\/produto\/toyjoy-vibrador-preto-com-luz-luminada\/","title":{"rendered":"TOYJOY &#8211; VIBRADOR PRETO COM LUZ LUMINADA"},"content":{"rendered":"<p>Ilumine sua vida amorosa com o Luminate da Cole\u00e7\u00e3o Lovelight da LUZ by TOYJOY. O Luminate \u00e9 um vibrador suave para o ponto G com 7 configura\u00e7\u00f5es emocionantes. Este design moderno e elegante \u00e9 feito de silicone premium macio ao toque e possui uma ponta curva para m\u00e1xima estimula\u00e7\u00e3o do ponto G. O Luminate \u00e9 recarreg\u00e1vel via USB (cabo de carregamento incluso), \u00e0 prova d&#8217;\u00e1gua e possui uma elegante luz ambiente LED multicolorida que permite que voc\u00ea crie o clima para uma divers\u00e3o \u00edntima e sensacional no escuro.<\/p>\n<p><u><em><strong>Especifica\u00e7\u00f5es<\/strong><\/em><\/u><\/p>\n<ul>\n<li>Comprimento total 17,0 cm &#8211; 6,63 polegadas<\/li>\n<li>Comprimento inser\u00edvel 10 cm &#8211; 3,94 polegadas<\/li>\n<li>Di\u00e2metro inser\u00edvel 3,5 cm &#8211; 1,38 polegadas<\/li>\n<li>Material Silicone<\/li>\n<li>Resist\u00eancia \u00e0 \u00e1gua \u00c0 prova d&#8217;\u00e1gua<\/li>\n<li>Modos de vibra\u00e7\u00e3o 7<\/li>\n<li>Tipo de bateria \u00cdon de l\u00edtio<\/li>\n<\/ul>\n<p><strong>ToyJoy<\/strong>\u00a0\u00e9 uma marca vibrante e inovadora no mundo dos produtos l\u00fadicos e \u00edntimos. Conhecida por sua linha diversificada e de alta qualidade,\u00a0<strong>a ToyJoy<\/strong>\u00a0oferece uma ampla gama de itens que atendem a diversos gostos e prefer\u00eancias. A marca se concentra em criar produtos divertidos, seguros e f\u00e1ceis de usar, garantindo que sejam acess\u00edveis e agrad\u00e1veis para todos. Com um olhar atento para design, funcionalidade e uso de materiais seguros para o corpo, a ToyJoy integra as tecnologias mais recentes em seus produtos, tornando-se uma das favoritas entre os consumidores que buscam adicionar um toque de alegria e emo\u00e7\u00e3o \u00e0s suas vidas pessoais.\u00a0<strong>A ToyJoy<\/strong>\u00a0se destaca por seu compromisso com a satisfa\u00e7\u00e3o do cliente, a excel\u00eancia do produto e a seguran\u00e7a.<\/p>\n","protected":false},"excerpt":{"rendered":"<p>Ilumine sua vida amorosa com o Luminate da Cole\u00e7\u00e3o Lovelight da LUZ by TOYJOY. O Luminate \u00e9 um vibrador suave [&hellip;]<\/p>\n","protected":false},"featured_media":19684,"comment_status":"open","ping_status":"closed","template":"","meta":{"site-sidebar-layout":"default","site-content-layout":"","ast-site-content-layout":"default","site-content-style":"default","site-sidebar-style":"default","ast-global-header-display":"","ast-banner-title-visibility":"","ast-main-header-display":"","ast-hfb-above-header-display":"","ast-hfb-below-header-display":"","ast-hfb-mobile-header-display":"","site-post-title":"","ast-breadcrumbs-content":"","ast-featured-img":"","footer-sml-layout":"","theme-transparent-header-meta":"default","adv-header-id-meta":"","stick-header-meta":"","header-above-stick-meta":"","header-main-stick-meta":"","header-below-stick-meta":"","astra-migrate-meta-layouts":"set","ast-page-background-enabled":"default","ast-page-background-meta":{"desktop":{"background-color":"var(--ast-global-color-5)","background-image":"","background-repeat":"repeat","background-position":"center center","background-size":"auto","background-attachment":"scroll","background-type":"","background-media":"","overlay-type":"","overlay-color":"","overlay-opacity":"","overlay-gradient":""},"tablet":{"background-color":"","background-image":"","background-repeat":"repeat","background-position":"center center","background-size":"auto","background-attachment":"scroll","background-type":"","background-media":"","overlay-type":"","overlay-color":"","overlay-opacity":"","overlay-gradient":""},"mobile":{"background-color":"","background-image":"","background-repeat":"repeat","background-position":"center center","background-size":"auto","background-attachment":"scroll","background-type":"","background-media":"","overlay-type":"","overlay-color":"","overlay-opacity":"","overlay-gradient":""}},"ast-content-background-meta":{"desktop":{"background-color":"var(--ast-global-color-4)","background-image":"","background-repeat":"repeat","background-position":"center center","background-size":"auto","background-attachment":"scroll","background-type":"","background-media":"","overlay-type":"","overlay-color":"","overlay-opacity":"","overlay-gradient":""},"tablet":{"background-color":"var(--ast-global-color-4)","background-image":"","background-repeat":"repeat","background-position":"center center","background-size":"auto","background-attachment":"scroll","background-type":"","background-media":"","overlay-type":"","overlay-color":"","overlay-opacity":"","overlay-gradient":""},"mobile":{"background-color":"var(--ast-global-color-4)","background-image":"","background-repeat":"repeat","background-position":"center center","background-size":"auto","background-attachment":"scroll","background-type":"","background-media":"","overlay-type":"","overlay-color":"","overlay-opacity":"","overlay-gradient":""}}},"product_brand":[432],"product_cat":[429],"product_tag":[],"class_list":{"0":"post-19685","1":"product","2":"type-product","3":"status-publish","4":"has-post-thumbnail","6":"product_brand-toyjoy","7":"product_cat-vibradores-hi-tech","8":"desktop-align-left","9":"tablet-align-left","10":"mobile-align-left","12":"first","13":"instock","14":"shipping-taxable","15":"purchasable","16":"product-type-simple"},"_links":{"self":[{"href":"https:\/\/intimusdream.com\/index.php\/wp-json\/wp\/v2\/product\/19685","targetHints":{"allow":["GET"]}}],"collection":[{"href":"https:\/\/intimusdream.com\/index.php\/wp-json\/wp\/v2\/product"}],"about":[{"href":"https:\/\/intimusdream.com\/index.php\/wp-json\/wp\/v2\/types\/product"}],"replies":[{"embeddable":true,"href":"https:\/\/intimusdream.com\/index.php\/wp-json\/wp\/v2\/comments?post=19685"}],"wp:featuredmedia":[{"embeddable":true,"href":"https:\/\/intimusdream.com\/index.php\/wp-json\/wp\/v2\/media\/19684"}],"wp:attachment":[{"href":"https:\/\/intimusdream.com\/index.php\/wp-json\/wp\/v2\/media?parent=19685"}],"wp:term":[{"taxonomy":"product_brand","embeddable":true,"href":"https:\/\/intimusdream.com\/index.php\/wp-json\/wp\/v2\/product_brand?post=19685"},{"taxonomy":"product_cat","embeddable":true,"href":"https:\/\/intimusdream.com\/index.php\/wp-json\/wp\/v2\/product_cat?post=19685"},{"taxonomy":"product_tag","embeddable":true,"href":"https:\/\/intimusdream.com\/index.php\/wp-json\/wp\/v2\/product_tag?post=19685"}],"curies":[{"name":"wp","href":"https:\/\/api.w.org\/{rel}","templated":true}]}}