{"id":19695,"date":"2025-07-21T13:33:12","date_gmt":"2025-07-21T13:33:12","guid":{"rendered":"https:\/\/intimusdream.com\/index.php\/produto\/we-vibe-vibrador-app-nova\/"},"modified":"2026-01-09T15:09:53","modified_gmt":"2026-01-09T15:09:53","slug":"we-vibe-vibrador-app-nova","status":"publish","type":"product","link":"https:\/\/intimusdream.com\/index.php\/produto\/we-vibe-vibrador-app-nova\/","title":{"rendered":"WE-VIBE &#8211; VIBRADOR APP NOVA"},"content":{"rendered":"<p>Intensifique seu orgasmo. Combina a agrad\u00e1vel sensa\u00e7\u00e3o de plenitude interior com uma vibra\u00e7\u00e3o simult\u00e2nea do ponto G e do clit\u00f3ris. O estimulador clitoriano de design exclusivo da Nova flexiona com movimento para permanecer em contato com o clit\u00f3ris.<\/p>\n<ul>\n<li>Mais de dez modos<\/li>\n<li>2 motores silenciosos<\/li>\n<li>Capa de chuva<\/li>\n<li>Funciona com o aplicativo We-Connect<\/li>\n<\/ul>\n<p>Estimula\u00e7\u00e3o dupla poderosa como nunca antes. Controle o prazer do seu ponto G e deixe o estimulador clitoriano exclusivo e flex\u00edvel da Nova ficar em contato com o seu clit\u00f3ris. Nova by We-Vibe\u2122 combina plenitude com aut\u00eantica estimula\u00e7\u00e3o simult\u00e2nea do ponto G e do clit\u00f3ris.<\/p>\n<p>Intensifique seus orgasmos. Voc\u00ea est\u00e1 no controle com mais de 10 modos de vibra\u00e7\u00e3o para levar seu cl\u00edmax a uma nova dimens\u00e3o. Use os bot\u00f5es de controle para alterar os modos e a intensidade, para o m\u00e1ximo prazer, tanto por dentro quanto por fora. Misture e combine para experimentar novas combina\u00e7\u00f5es e n\u00e3o se esque\u00e7a de usar o Nova ao tomar banho ou tomar banho para uma experi\u00eancia verdadeiramente sensual.<\/p>\n<p>Convide seu parceiro para compartilhar a divers\u00e3o. Com o aplicativo We-Connect\u2122, voc\u00ea pode controlar o Nova esteja ele ao seu lado, em outra sala ou at\u00e9 mesmo em outro continente. Compartilhe o controle com seu parceiro e desfrute da emo\u00e7\u00e3o remota que far\u00e1 com que voc\u00eas se sintam juntos, n\u00e3o importa aonde a vida os leve.<\/p>\n<p>Medidas: 21,5 cm x 6,5 cm<\/p>\n","protected":false},"excerpt":{"rendered":"<p>Intensifique seu orgasmo. Combina a agrad\u00e1vel sensa\u00e7\u00e3o de plenitude interior com uma vibra\u00e7\u00e3o simult\u00e2nea do ponto G e do clit\u00f3ris. [&hellip;]<\/p>\n","protected":false},"featured_media":19694,"comment_status":"open","ping_status":"closed","template":"","meta":{"site-sidebar-layout":"default","site-content-layout":"","ast-site-content-layout":"default","site-content-style":"default","site-sidebar-style":"default","ast-global-header-display":"","ast-banner-title-visibility":"","ast-main-header-display":"","ast-hfb-above-header-display":"","ast-hfb-below-header-display":"","ast-hfb-mobile-header-display":"","site-post-title":"","ast-breadcrumbs-content":"","ast-featured-img":"","footer-sml-layout":"","theme-transparent-header-meta":"default","adv-header-id-meta":"","stick-header-meta":"","header-above-stick-meta":"","header-main-stick-meta":"","header-below-stick-meta":"","astra-migrate-meta-layouts":"set","ast-page-background-enabled":"default","ast-page-background-meta":{"desktop":{"background-color":"var(--ast-global-color-5)","background-image":"","background-repeat":"repeat","background-position":"center center","background-size":"auto","background-attachment":"scroll","background-type":"","background-media":"","overlay-type":"","overlay-color":"","overlay-opacity":"","overlay-gradient":""},"tablet":{"background-color":"","background-image":"","background-repeat":"repeat","background-position":"center center","background-size":"auto","background-attachment":"scroll","background-type":"","background-media":"","overlay-type":"","overlay-color":"","overlay-opacity":"","overlay-gradient":""},"mobile":{"background-color":"","background-image":"","background-repeat":"repeat","background-position":"center center","background-size":"auto","background-attachment":"scroll","background-type":"","background-media":"","overlay-type":"","overlay-color":"","overlay-opacity":"","overlay-gradient":""}},"ast-content-background-meta":{"desktop":{"background-color":"var(--ast-global-color-4)","background-image":"","background-repeat":"repeat","background-position":"center center","background-size":"auto","background-attachment":"scroll","background-type":"","background-media":"","overlay-type":"","overlay-color":"","overlay-opacity":"","overlay-gradient":""},"tablet":{"background-color":"var(--ast-global-color-4)","background-image":"","background-repeat":"repeat","background-position":"center center","background-size":"auto","background-attachment":"scroll","background-type":"","background-media":"","overlay-type":"","overlay-color":"","overlay-opacity":"","overlay-gradient":""},"mobile":{"background-color":"var(--ast-global-color-4)","background-image":"","background-repeat":"repeat","background-position":"center center","background-size":"auto","background-attachment":"scroll","background-type":"","background-media":"","overlay-type":"","overlay-color":"","overlay-opacity":"","overlay-gradient":""}}},"product_brand":[425],"product_cat":[429],"product_tag":[],"class_list":{"0":"post-19695","1":"product","2":"type-product","3":"status-publish","4":"has-post-thumbnail","6":"product_brand-we-vibe","7":"product_cat-vibradores-hi-tech","8":"desktop-align-left","9":"tablet-align-left","10":"mobile-align-left","12":"first","13":"instock","14":"shipping-taxable","15":"purchasable","16":"product-type-simple"},"_links":{"self":[{"href":"https:\/\/intimusdream.com\/index.php\/wp-json\/wp\/v2\/product\/19695","targetHints":{"allow":["GET"]}}],"collection":[{"href":"https:\/\/intimusdream.com\/index.php\/wp-json\/wp\/v2\/product"}],"about":[{"href":"https:\/\/intimusdream.com\/index.php\/wp-json\/wp\/v2\/types\/product"}],"replies":[{"embeddable":true,"href":"https:\/\/intimusdream.com\/index.php\/wp-json\/wp\/v2\/comments?post=19695"}],"wp:featuredmedia":[{"embeddable":true,"href":"https:\/\/intimusdream.com\/index.php\/wp-json\/wp\/v2\/media\/19694"}],"wp:attachment":[{"href":"https:\/\/intimusdream.com\/index.php\/wp-json\/wp\/v2\/media?parent=19695"}],"wp:term":[{"taxonomy":"product_brand","embeddable":true,"href":"https:\/\/intimusdream.com\/index.php\/wp-json\/wp\/v2\/product_brand?post=19695"},{"taxonomy":"product_cat","embeddable":true,"href":"https:\/\/intimusdream.com\/index.php\/wp-json\/wp\/v2\/product_cat?post=19695"},{"taxonomy":"product_tag","embeddable":true,"href":"https:\/\/intimusdream.com\/index.php\/wp-json\/wp\/v2\/product_tag?post=19695"}],"curies":[{"name":"wp","href":"https:\/\/api.w.org\/{rel}","templated":true}]}}