{"id":19701,"date":"2025-07-21T13:33:13","date_gmt":"2025-07-21T13:33:13","guid":{"rendered":"https:\/\/intimusdream.com\/index.php\/produto\/pretty-love-amour-prstata-e-g-spot-lilac\/"},"modified":"2026-01-09T15:10:58","modified_gmt":"2026-01-09T15:10:58","slug":"pretty-love-amour-prstata-e-g-spot-lilac","status":"publish","type":"product","link":"https:\/\/intimusdream.com\/index.php\/produto\/pretty-love-amour-prstata-e-g-spot-lilac\/","title":{"rendered":"PRETTY LOVE &#8211; AMOUR PR\u00d3STATA E G-SPOT LILAC"},"content":{"rendered":"<p>Amour \u00e9 especial para meninos, \u00e9 um fant\u00e1stico estimulador de pr\u00f3stata e test\u00edculos, a vibra\u00e7\u00e3o na pr\u00f3stata est\u00e1 cientificamente comprovada para ajudar a melhorar a ere\u00e7\u00e3o e ter orgasmos mais intensos, gra\u00e7as a brinquedos como este podemos potencializar as sensa\u00e7\u00f5es.<\/p>\n<ul>\n<li>12 fun\u00e7\u00f5es de vibra\u00e7\u00e3o<\/li>\n<li>100% silicone m\u00e9dico<\/li>\n<li>Toque suave<\/li>\n<li>Tecnologia de toque<\/li>\n<li>\u00c1gua<\/li>\n<li>Recarreg\u00e1vel pela rede el\u00e9trica ou computador (adaptadores inclu\u00eddos)<\/li>\n<li>Este estimulador tamb\u00e9m \u00e9 v\u00e1lido para a \u00e1rea vaginal.<\/li>\n<li>Medi\u00e7\u00f5es do vibrador: Veja a imagem<\/li>\n<li>Apresenta\u00e7\u00e3o em estojo r\u00edgido com manual de instru\u00e7\u00f5es, bolsa de viagem e carregador.<\/li>\n<li>Lil\u00e1s.<\/li>\n<li>Inclui pr\u00e1tico saco de pano para guardar o produto ap\u00f3s o uso!<\/li>\n<\/ul>\n<p>A Pretty Love fabrica produtos com exigentes padr\u00f5es de qualidade, todos os seus produtos s\u00e3o projetados nos Estados Unidos e possuem garantia de 1 ano para defeitos t\u00e9cnicos.<\/p>\n<p>&nbsp;<\/p>\n<p>&nbsp;<\/p>\n","protected":false},"excerpt":{"rendered":"<p>Amour \u00e9 especial para meninos, \u00e9 um fant\u00e1stico estimulador de pr\u00f3stata e test\u00edculos, a vibra\u00e7\u00e3o na pr\u00f3stata est\u00e1 cientificamente comprovada [&hellip;]<\/p>\n","protected":false},"featured_media":19700,"comment_status":"open","ping_status":"closed","template":"","meta":{"site-sidebar-layout":"left-sidebar","site-content-layout":"","ast-site-content-layout":"default","site-content-style":"default","site-sidebar-style":"default","ast-global-header-display":"","ast-banner-title-visibility":"","ast-main-header-display":"","ast-hfb-above-header-display":"","ast-hfb-below-header-display":"","ast-hfb-mobile-header-display":"","site-post-title":"","ast-breadcrumbs-content":"","ast-featured-img":"","footer-sml-layout":"","theme-transparent-header-meta":"default","adv-header-id-meta":"","stick-header-meta":"","header-above-stick-meta":"","header-main-stick-meta":"","header-below-stick-meta":"","astra-migrate-meta-layouts":"set","ast-page-background-enabled":"default","ast-page-background-meta":{"desktop":{"background-color":"var(--ast-global-color-5)","background-image":"","background-repeat":"repeat","background-position":"center center","background-size":"auto","background-attachment":"scroll","background-type":"","background-media":"","overlay-type":"","overlay-color":"","overlay-opacity":"","overlay-gradient":""},"tablet":{"background-color":"","background-image":"","background-repeat":"repeat","background-position":"center center","background-size":"auto","background-attachment":"scroll","background-type":"","background-media":"","overlay-type":"","overlay-color":"","overlay-opacity":"","overlay-gradient":""},"mobile":{"background-color":"","background-image":"","background-repeat":"repeat","background-position":"center center","background-size":"auto","background-attachment":"scroll","background-type":"","background-media":"","overlay-type":"","overlay-color":"","overlay-opacity":"","overlay-gradient":""}},"ast-content-background-meta":{"desktop":{"background-color":"var(--ast-global-color-4)","background-image":"","background-repeat":"repeat","background-position":"center center","background-size":"auto","background-attachment":"scroll","background-type":"","background-media":"","overlay-type":"","overlay-color":"","overlay-opacity":"","overlay-gradient":""},"tablet":{"background-color":"var(--ast-global-color-4)","background-image":"","background-repeat":"repeat","background-position":"center center","background-size":"auto","background-attachment":"scroll","background-type":"","background-media":"","overlay-type":"","overlay-color":"","overlay-opacity":"","overlay-gradient":""},"mobile":{"background-color":"var(--ast-global-color-4)","background-image":"","background-repeat":"repeat","background-position":"center center","background-size":"auto","background-attachment":"scroll","background-type":"","background-media":"","overlay-type":"","overlay-color":"","overlay-opacity":"","overlay-gradient":""}}},"product_brand":[438],"product_cat":[419,429],"product_tag":[],"class_list":{"0":"post-19701","1":"product","2":"type-product","3":"status-publish","4":"has-post-thumbnail","6":"product_brand-pretty-love-c-type","7":"product_cat-outlet","8":"product_cat-vibradores-hi-tech","9":"desktop-align-left","10":"tablet-align-left","11":"mobile-align-left","13":"first","14":"instock","15":"shipping-taxable","16":"purchasable","17":"product-type-simple"},"_links":{"self":[{"href":"https:\/\/intimusdream.com\/index.php\/wp-json\/wp\/v2\/product\/19701","targetHints":{"allow":["GET"]}}],"collection":[{"href":"https:\/\/intimusdream.com\/index.php\/wp-json\/wp\/v2\/product"}],"about":[{"href":"https:\/\/intimusdream.com\/index.php\/wp-json\/wp\/v2\/types\/product"}],"replies":[{"embeddable":true,"href":"https:\/\/intimusdream.com\/index.php\/wp-json\/wp\/v2\/comments?post=19701"}],"wp:featuredmedia":[{"embeddable":true,"href":"https:\/\/intimusdream.com\/index.php\/wp-json\/wp\/v2\/media\/19700"}],"wp:attachment":[{"href":"https:\/\/intimusdream.com\/index.php\/wp-json\/wp\/v2\/media?parent=19701"}],"wp:term":[{"taxonomy":"product_brand","embeddable":true,"href":"https:\/\/intimusdream.com\/index.php\/wp-json\/wp\/v2\/product_brand?post=19701"},{"taxonomy":"product_cat","embeddable":true,"href":"https:\/\/intimusdream.com\/index.php\/wp-json\/wp\/v2\/product_cat?post=19701"},{"taxonomy":"product_tag","embeddable":true,"href":"https:\/\/intimusdream.com\/index.php\/wp-json\/wp\/v2\/product_tag?post=19701"}],"curies":[{"name":"wp","href":"https:\/\/api.w.org\/{rel}","templated":true}]}}