{"id":19713,"date":"2025-07-21T13:33:29","date_gmt":"2025-07-21T13:33:29","guid":{"rendered":"https:\/\/intimusdream.com\/index.php\/produto\/nalone-estimulador-de-clitris-fifi-2\/"},"modified":"2026-01-09T15:11:19","modified_gmt":"2026-01-09T15:11:19","slug":"nalone-estimulador-de-clitris-fifi-2","status":"publish","type":"product","link":"https:\/\/intimusdream.com\/index.php\/produto\/nalone-estimulador-de-clitris-fifi-2\/","title":{"rendered":"NALONE &#8211; ESTIMULADOR DE CLIT\u00d3RIS FIFI 2"},"content":{"rendered":"<p><span style=\"line-height: 20.8px;\">Descubra um novo conceito, achou que j\u00e1 tinha visto de tudo? Nalone esconde mais do que voc\u00ea v\u00ea, \u00e0 primeira vista um vibrador normal, dentro de tecnologia de ponta a servi\u00e7o do prazer.<\/span><\/p>\n<p>Conhe\u00e7a o Fifi, um estimulador clitoriano externo que far\u00e1 deste brinquedo um aliado perfeito para o seu prazer. \u00c9 ergonomicamente projetado para m\u00e1ximo contato com o clit\u00f3ris, transmitir\u00e1 fortes vibra\u00e7\u00f5es oscilantes ao seu corpo.<\/p>\n<p>O silicone com que \u00e9 feito \u00e9 seguro e garante uma estimula\u00e7\u00e3o perfeita.<\/p>\n<p>Especifica\u00e7\u00f5es;<\/p>\n<ul>\n<li>Material: Silicone e ABS<\/li>\n<li>Modos de vibra\u00e7\u00e3o: 7 modos de vibra\u00e7\u00e3o sonora<\/li>\n<li>N\u00edvel m\u00e1ximo de ru\u00eddo: menos de 50 dB<\/li>\n<li>Dimens\u00f5es: 92 mm (C) x 51 mm (P)<\/li>\n<li>Carregamento: bateria de l\u00edtio (cabo de carregamento USB inclu\u00eddo)<\/li>\n<li>100% \u00e0 prova d&#8217;\u00e1gua<\/li>\n<\/ul>\n<p style=\"text-align: center;\"><img decoding=\"async\" style=\"width: 370px; height: 363px;\" src=\"https:\/\/interno.dreamlove.es\/UserFiles\/images\/nalone2%281%29.png\" alt=\"\" \/><\/p>\n<p style=\"text-align: center;\">\u2460 Ponta vibrat\u00f3ria\u2461 cabo de conex\u00e3o de acess\u00f3rio\u2462 Ponta vibrat\u00f3ria\u2463 Ponta vibrat\u00f3ria\u2464 Acess\u00f3rio ligado\/desligado\/modo de vibra\u00e7\u00e3o avan\u00e7ado \u2466 conector de acess\u00f3rio\u2465 Fi Fi ligado\/desligado\/modo de vibra\u00e7\u00e3o avan\u00e7ado\u2467 Porta de carregamento<\/p>\n<p><strong>Modos de estimula\u00e7\u00e3o<\/strong><\/p>\n<ul>\n<li>1. Vibra\u00e7\u00e3o lenta<\/li>\n<li>2. Vibra\u00e7\u00e3o m\u00e9dia<\/li>\n<li>3. Vibra\u00e7\u00e3o r\u00e1pida<\/li>\n<li>4. Vibra\u00e7\u00e3o de pulso m\u00e9dio<\/li>\n<li>5. Vibra\u00e7\u00e3o de pulso r\u00e1pido<\/li>\n<li>6. 2 vibra\u00e7\u00f5es curtas e uma longa<\/li>\n<li>7. Vibra\u00e7\u00e3o de pulso graduada<\/li>\n<\/ul>\n<p><strong>Como usar<\/strong><\/p>\n<ul>\n<li>1. Para carregar seu vibrador, conecte o cabo USB do carregador a um adaptador USB (recomenda-se um adaptador 5V\/1A). Conecte a outra parte do cabo USB \u00e0 base do vibrador (na parte inferior do vibrador). Durante o carregamento, uma luz azul no painel de controle piscar\u00e1 para indicar que o carregamento est\u00e1 em andamento. Depois de carregado, a luz ir\u00e1 parar de piscar para indicar que est\u00e1 pronto para uso. Observe que na primeira vez que voc\u00ea us\u00e1-lo, ou se n\u00e3o o usar h\u00e1 muito tempo, a luz pode demorar alguns minutos.<\/li>\n<li>2. Para ligar o vibrador, pressione e segure o bot\u00e3o<img decoding=\"async\" style=\"width: 19px; height: 18px;\" src=\"https:\/\/interno.dreamlove.es\/UserFiles\/images\/flecha.png\" alt=\"\" \/> por 3 segundos.<\/li>\n<li>3. Se voc\u00ea pressionar rapidamente o bot\u00e3o <img decoding=\"async\" style=\"line-height: 20.8px; width: 19px; height: 18px;\" src=\"https:\/\/interno.dreamlove.es\/UserFiles\/images\/flecha.png\" alt=\"\" \/> , o vibrador entrar\u00e1 no modo manual. Cada vez que voc\u00ea pressiona o bot\u00e3o <img decoding=\"async\" style=\"line-height: 20.8px; width: 19px; height: 18px;\" src=\"https:\/\/interno.dreamlove.es\/UserFiles\/images\/flecha.png\" alt=\"\" \/> Vai mudar o modo de vibra\u00e7\u00e3o, passando por todos eles.<\/li>\n<li>4. Para desligar o vibrador, pressione e segure o bot\u00e3o \u201c \u201d por 3 segundos<\/li>\n<li>5. Para utilizar o acess\u00f3rio FiFi 2, conecte o acess\u00f3rio na base FIFI 2 (Especifica\u00e7\u00e3o &#8211; Ponto 6. Se voc\u00ea pressionar rapidamente o bot\u00e3o \u201c \u201d o vibrador entrar\u00e1 no modo manual. Cada vez que voc\u00ea pressionar o bot\u00e3o \u201c \u201d ele ir\u00e1 mudar o modo de vibra\u00e7\u00e3o, passando por todos eles<\/li>\n<li>7. Para desligar o vibrador, pressione e segure o bot\u00e3o <img decoding=\"async\" style=\"line-height: 20.8px; width: 19px; height: 18px;\" src=\"https:\/\/interno.dreamlove.es\/UserFiles\/images\/flecha.png\" alt=\"\" \/> por 3 segundos<\/li>\n<\/ul>\n<p><strong>Avisos<\/strong><\/p>\n<ol>\n<li>\u25c6 Certifique-se de carregar totalmente o vibrador antes de us\u00e1-lo.<\/li>\n<li>\u25c6 Limpe\/desinfete seu vibrador com \u00e1gua morna e sab\u00e3o antibacteriano.<\/li>\n<li>\u25c6 Utilize apenas lubrificantes sol\u00faveis em \u00e1gua. Nunca use \u00f3leos de massagem, cremes para as m\u00e3os ou outros tipos de lubrificantes<\/li>\n<li>.\u25c6 Ap\u00f3s o uso, \u00e9 aconselh\u00e1vel limpar o vibrador para evitar o crescimento bacteriano.<\/li>\n<li>\u25c6 \u00c1gua morna e sab\u00e3o antibacteriano podem ser usados para limpar o vibrador<\/li>\n<\/ol>\n<p>.\u25c6 Seque o vibrador com uma toalha limpa e macia e guarde-o na bolsa inclu\u00edda. N\u00e3o exponha seu vibrador \u00e0 luz solar direta.\u25c6 Guarde seu vibrador na bolsa inclu\u00edda em um local limpo e seco.Limpeza e cuidadosRecomenda\u00e7\u00f5es de seguran\u00e7a<\/p>\n<p style=\"line-height: 20.8px;\">Abrir uma caixa de produtos NALONE \u00e9 garantia de qualidade. Cada produto \u00e9 embalado em uma elegante e \u00fanica caixa branca r\u00edgida, na qual voc\u00ea encontrar\u00e1 dentro<\/p>\n<ul style=\"line-height: 20.8px;\">\n<li>Vibrador Fifi2<\/li>\n<li>Cabo USB<\/li>\n<li>capa de cetim<\/li>\n<li>1 ano de garantia<\/li>\n<li>Manual do usu\u00e1rio<\/li>\n<li>Instru\u00e7\u00f5es de uso<\/li>\n<\/ul>\n<p>&nbsp;<\/p>\n","protected":false},"excerpt":{"rendered":"<p>Descubra um novo conceito, achou que j\u00e1 tinha visto de tudo? Nalone esconde mais do que voc\u00ea v\u00ea, \u00e0 primeira [&hellip;]<\/p>\n","protected":false},"featured_media":19712,"comment_status":"open","ping_status":"closed","template":"","meta":{"site-sidebar-layout":"default","site-content-layout":"","ast-site-content-layout":"default","site-content-style":"default","site-sidebar-style":"default","ast-global-header-display":"","ast-banner-title-visibility":"","ast-main-header-display":"","ast-hfb-above-header-display":"","ast-hfb-below-header-display":"","ast-hfb-mobile-header-display":"","site-post-title":"","ast-breadcrumbs-content":"","ast-featured-img":"","footer-sml-layout":"","theme-transparent-header-meta":"default","adv-header-id-meta":"","stick-header-meta":"","header-above-stick-meta":"","header-main-stick-meta":"","header-below-stick-meta":"","astra-migrate-meta-layouts":"set","ast-page-background-enabled":"default","ast-page-background-meta":{"desktop":{"background-color":"var(--ast-global-color-5)","background-image":"","background-repeat":"repeat","background-position":"center center","background-size":"auto","background-attachment":"scroll","background-type":"","background-media":"","overlay-type":"","overlay-color":"","overlay-opacity":"","overlay-gradient":""},"tablet":{"background-color":"","background-image":"","background-repeat":"repeat","background-position":"center center","background-size":"auto","background-attachment":"scroll","background-type":"","background-media":"","overlay-type":"","overlay-color":"","overlay-opacity":"","overlay-gradient":""},"mobile":{"background-color":"","background-image":"","background-repeat":"repeat","background-position":"center center","background-size":"auto","background-attachment":"scroll","background-type":"","background-media":"","overlay-type":"","overlay-color":"","overlay-opacity":"","overlay-gradient":""}},"ast-content-background-meta":{"desktop":{"background-color":"var(--ast-global-color-4)","background-image":"","background-repeat":"repeat","background-position":"center center","background-size":"auto","background-attachment":"scroll","background-type":"","background-media":"","overlay-type":"","overlay-color":"","overlay-opacity":"","overlay-gradient":""},"tablet":{"background-color":"var(--ast-global-color-4)","background-image":"","background-repeat":"repeat","background-position":"center center","background-size":"auto","background-attachment":"scroll","background-type":"","background-media":"","overlay-type":"","overlay-color":"","overlay-opacity":"","overlay-gradient":""},"mobile":{"background-color":"var(--ast-global-color-4)","background-image":"","background-repeat":"repeat","background-position":"center center","background-size":"auto","background-attachment":"scroll","background-type":"","background-media":"","overlay-type":"","overlay-color":"","overlay-opacity":"","overlay-gradient":""}}},"product_brand":[430],"product_cat":[419,429],"product_tag":[],"class_list":{"0":"post-19713","1":"product","2":"type-product","3":"status-publish","4":"has-post-thumbnail","6":"product_brand-nalone","7":"product_cat-outlet","8":"product_cat-vibradores-hi-tech","9":"desktop-align-left","10":"tablet-align-left","11":"mobile-align-left","13":"first","14":"instock","15":"shipping-taxable","16":"purchasable","17":"product-type-simple"},"_links":{"self":[{"href":"https:\/\/intimusdream.com\/index.php\/wp-json\/wp\/v2\/product\/19713","targetHints":{"allow":["GET"]}}],"collection":[{"href":"https:\/\/intimusdream.com\/index.php\/wp-json\/wp\/v2\/product"}],"about":[{"href":"https:\/\/intimusdream.com\/index.php\/wp-json\/wp\/v2\/types\/product"}],"replies":[{"embeddable":true,"href":"https:\/\/intimusdream.com\/index.php\/wp-json\/wp\/v2\/comments?post=19713"}],"wp:featuredmedia":[{"embeddable":true,"href":"https:\/\/intimusdream.com\/index.php\/wp-json\/wp\/v2\/media\/19712"}],"wp:attachment":[{"href":"https:\/\/intimusdream.com\/index.php\/wp-json\/wp\/v2\/media?parent=19713"}],"wp:term":[{"taxonomy":"product_brand","embeddable":true,"href":"https:\/\/intimusdream.com\/index.php\/wp-json\/wp\/v2\/product_brand?post=19713"},{"taxonomy":"product_cat","embeddable":true,"href":"https:\/\/intimusdream.com\/index.php\/wp-json\/wp\/v2\/product_cat?post=19713"},{"taxonomy":"product_tag","embeddable":true,"href":"https:\/\/intimusdream.com\/index.php\/wp-json\/wp\/v2\/product_tag?post=19713"}],"curies":[{"name":"wp","href":"https:\/\/api.w.org\/{rel}","templated":true}]}}