{"id":19717,"date":"2025-07-21T13:33:30","date_gmt":"2025-07-21T13:33:30","guid":{"rendered":"https:\/\/intimusdream.com\/index.php\/produto\/pretty-love-smart-vibrador-snaky-vibe-7-v-3-ccegas\/"},"modified":"2026-01-09T15:11:19","modified_gmt":"2026-01-09T15:11:19","slug":"pretty-love-smart-vibrador-snaky-vibe-7-v-3-ccegas","status":"publish","type":"product","link":"https:\/\/intimusdream.com\/index.php\/produto\/pretty-love-smart-vibrador-snaky-vibe-7-v-3-ccegas\/","title":{"rendered":"PRETTY LOVE &#8211; SMART VIBRADOR SNAKY VIBE 7 V + 3 C\u00d3CEGAS"},"content":{"rendered":"<p style=\"box-sizing: border-box; font-family: ''''Roboto Slab'''', sans-serif; margin-top: 0px; font-size: 14px; color: #393939; line-height: 1.5 !important;\">Pretty Love lan\u00e7a um brinquedo \u00fanico, com infinitas possibilidades de brincadeira, seja voc\u00ea heterossexual, homossexual ou l\u00e9sbica, seja qual for sua condi\u00e7\u00e3o, esse brinquedo vai estimular todos os membros de um relacionamento de m\u00e3o dupla.<\/p>\n<p style=\"box-sizing: border-box; font-family: ''''Roboto Slab'''', sans-serif; margin-top: 0px; font-size: 14px; color: #393939; line-height: 1.5 !important;\">Suas infinitas possibilidades permitem ao usu\u00e1rio dar asas \u00e0 imagina\u00e7\u00e3o e ao mesmo tempo experimentar sensa\u00e7\u00f5es muito agrad\u00e1veis.<\/p>\n<ul>\n<li style=\"box-sizing: border-box; margin-top: 0px; line-height: 1.5 !important;\">Suas duas extremidades de diferentes dimens\u00f5es permitem brincar de diferentes maneiras, seja atrav\u00e9s de estimula\u00e7\u00e3o vaginal ou anal.<\/li>\n<\/ul>\n<p style=\"box-sizing: border-box; font-family: ''''Roboto Slab'''', sans-serif; margin-top: 0px; font-size: 14px; color: #393939; line-height: 1.5 !important;\">A sua constru\u00e7\u00e3o em silicone torna-o macio, delicado e extremamente flex\u00edvel para o m\u00e1ximo conforto do utilizador, ao mesmo tempo que o torna totalmente higi\u00e9nico e f\u00e1cil de limpar.<\/p>\n<ul>\n<li style=\"box-sizing: border-box; font-family: ''''Roboto Slab'''', sans-serif; margin-top: 0px; font-size: 14px; color: #393939; line-height: 1.5 !important;\">\u00danico na sua gama com a fun\u00e7\u00e3o <strong>C\u00f3cegas<\/strong> , como se fosse um dedo estimulante.<\/li>\n<\/ul>\n<p style=\"box-sizing: border-box; font-family: ''''Roboto Slab'''', sans-serif; margin-top: 0px; font-size: 14px; color: #393939; line-height: 1.5 !important;\">\u00c9 caracterizado por;<\/p>\n<ul>\n<li style=\"box-sizing: border-box; margin-top: 0px; line-height: 1.5 !important;\">100% silicone extremamente macio<\/li>\n<li style=\"box-sizing: border-box; margin-top: 0px; line-height: 1.5 !important;\">2 motores potentes<\/li>\n<li style=\"box-sizing: border-box; margin-top: 0px; line-height: 1.5 !important;\">7 fun\u00e7\u00f5es de vibra\u00e7\u00e3o<\/li>\n<li style=\"box-sizing: border-box; margin-top: 0px; line-height: 1.5 !important;\">Recarreg\u00e1vel<\/li>\n<li style=\"box-sizing: border-box; margin-top: 0px; line-height: 1.5 !important;\">Flex\u00edvel e conveniente de usar<\/li>\n<li style=\"box-sizing: border-box; margin-top: 0px; line-height: 1.5 !important;\">Medidas; 600 mm de comprimento total x 30 mm de largura em cada vibrador inser\u00edvel<\/li>\n<\/ul>\n<p style=\"box-sizing: border-box; font-family: ''''Roboto Slab'''', sans-serif; margin-top: 0px; color: #393939; font-size: 14px !important; line-height: 1.5 !important;\">Inclui carregador USB<\/p>\n<p style=\"box-sizing: border-box; font-family: ''''Roboto Slab'''', sans-serif; margin-top: 0px; color: #393939; font-size: 14px !important; line-height: 1.5 !important;\"><span style=\"box-sizing: border-box; line-height: 19.0909px;\">A Pretty Love fabrica produtos com exigentes padr\u00f5es de qualidade, todos os seus produtos s\u00e3o projetados nos Estados Unidos e possuem garantia de 1 ano para defeitos t\u00e9cnicos.<\/span><\/p>\n<p>&nbsp;<\/p>\n","protected":false},"excerpt":{"rendered":"<p>Pretty Love lan\u00e7a um brinquedo \u00fanico, com infinitas possibilidades de brincadeira, seja voc\u00ea heterossexual, homossexual ou l\u00e9sbica, seja qual for [&hellip;]<\/p>\n","protected":false},"featured_media":19716,"comment_status":"open","ping_status":"closed","template":"","meta":{"site-sidebar-layout":"default","site-content-layout":"","ast-site-content-layout":"default","site-content-style":"default","site-sidebar-style":"default","ast-global-header-display":"","ast-banner-title-visibility":"","ast-main-header-display":"","ast-hfb-above-header-display":"","ast-hfb-below-header-display":"","ast-hfb-mobile-header-display":"","site-post-title":"","ast-breadcrumbs-content":"","ast-featured-img":"","footer-sml-layout":"","theme-transparent-header-meta":"default","adv-header-id-meta":"","stick-header-meta":"","header-above-stick-meta":"","header-main-stick-meta":"","header-below-stick-meta":"","astra-migrate-meta-layouts":"set","ast-page-background-enabled":"default","ast-page-background-meta":{"desktop":{"background-color":"var(--ast-global-color-5)","background-image":"","background-repeat":"repeat","background-position":"center center","background-size":"auto","background-attachment":"scroll","background-type":"","background-media":"","overlay-type":"","overlay-color":"","overlay-opacity":"","overlay-gradient":""},"tablet":{"background-color":"","background-image":"","background-repeat":"repeat","background-position":"center center","background-size":"auto","background-attachment":"scroll","background-type":"","background-media":"","overlay-type":"","overlay-color":"","overlay-opacity":"","overlay-gradient":""},"mobile":{"background-color":"","background-image":"","background-repeat":"repeat","background-position":"center center","background-size":"auto","background-attachment":"scroll","background-type":"","background-media":"","overlay-type":"","overlay-color":"","overlay-opacity":"","overlay-gradient":""}},"ast-content-background-meta":{"desktop":{"background-color":"var(--ast-global-color-4)","background-image":"","background-repeat":"repeat","background-position":"center center","background-size":"auto","background-attachment":"scroll","background-type":"","background-media":"","overlay-type":"","overlay-color":"","overlay-opacity":"","overlay-gradient":""},"tablet":{"background-color":"var(--ast-global-color-4)","background-image":"","background-repeat":"repeat","background-position":"center center","background-size":"auto","background-attachment":"scroll","background-type":"","background-media":"","overlay-type":"","overlay-color":"","overlay-opacity":"","overlay-gradient":""},"mobile":{"background-color":"var(--ast-global-color-4)","background-image":"","background-repeat":"repeat","background-position":"center center","background-size":"auto","background-attachment":"scroll","background-type":"","background-media":"","overlay-type":"","overlay-color":"","overlay-opacity":"","overlay-gradient":""}}},"product_brand":[421],"product_cat":[419,429],"product_tag":[],"class_list":{"0":"post-19717","1":"product","2":"type-product","3":"status-publish","4":"has-post-thumbnail","6":"product_brand-pretty-love-smart","7":"product_cat-outlet","8":"product_cat-vibradores-hi-tech","9":"desktop-align-left","10":"tablet-align-left","11":"mobile-align-left","13":"first","14":"instock","15":"shipping-taxable","16":"purchasable","17":"product-type-simple"},"_links":{"self":[{"href":"https:\/\/intimusdream.com\/index.php\/wp-json\/wp\/v2\/product\/19717","targetHints":{"allow":["GET"]}}],"collection":[{"href":"https:\/\/intimusdream.com\/index.php\/wp-json\/wp\/v2\/product"}],"about":[{"href":"https:\/\/intimusdream.com\/index.php\/wp-json\/wp\/v2\/types\/product"}],"replies":[{"embeddable":true,"href":"https:\/\/intimusdream.com\/index.php\/wp-json\/wp\/v2\/comments?post=19717"}],"wp:featuredmedia":[{"embeddable":true,"href":"https:\/\/intimusdream.com\/index.php\/wp-json\/wp\/v2\/media\/19716"}],"wp:attachment":[{"href":"https:\/\/intimusdream.com\/index.php\/wp-json\/wp\/v2\/media?parent=19717"}],"wp:term":[{"taxonomy":"product_brand","embeddable":true,"href":"https:\/\/intimusdream.com\/index.php\/wp-json\/wp\/v2\/product_brand?post=19717"},{"taxonomy":"product_cat","embeddable":true,"href":"https:\/\/intimusdream.com\/index.php\/wp-json\/wp\/v2\/product_cat?post=19717"},{"taxonomy":"product_tag","embeddable":true,"href":"https:\/\/intimusdream.com\/index.php\/wp-json\/wp\/v2\/product_tag?post=19717"}],"curies":[{"name":"wp","href":"https:\/\/api.w.org\/{rel}","templated":true}]}}