{"id":19723,"date":"2025-07-21T13:33:35","date_gmt":"2025-07-21T13:33:35","guid":{"rendered":"https:\/\/intimusdream.com\/index.php\/produto\/womanvibe-dedo-estimulador-de-silicone-aisha\/"},"modified":"2026-01-09T15:11:25","modified_gmt":"2026-01-09T15:11:25","slug":"womanvibe-dedo-estimulador-de-silicone-aisha","status":"publish","type":"product","link":"https:\/\/intimusdream.com\/index.php\/produto\/womanvibe-dedo-estimulador-de-silicone-aisha\/","title":{"rendered":"WOMANVIBE &#8211; DEDO ESTIMULADOR DE SILICONE AISHA"},"content":{"rendered":"<p>Womanvibe aisha, um estimulador completo! Use-o a qualquer hora ou em qualquer lugar, gra\u00e7as ao seu tamanho compacto \u00e9 flex\u00edvel. Quando seu dedo precisar de ajuda, aisha lhe dar\u00e1 a ajuda de que voc\u00ea precisa! Bugsy atinge a incr\u00edvel velocidade de 11.000 rpm com um ru\u00eddo inferior a 55db.<\/p>\n<p>Qualidade alcan\u00e7ada gra\u00e7as ao silicone macio e sedoso que respeita o seu corpo e o meio ambiente.<\/p>\n<ul>\n<li>Medidas; 3,3 x 9 cm<\/li>\n<li>Silencioso e discreto<\/li>\n<li>Design ergon\u00f4mico<\/li>\n<li>1 velocidade poderosa.<\/li>\n<li>Flex\u00edvel<\/li>\n<li>Teclas de um bot\u00e3o f\u00e1ceis de usar.<\/li>\n<li>Materiais que n\u00e3o irritam a pele<\/li>\n<li>Aproximadamente quarenta e cinco minutos de prazer ininterrupto na maior intensidade<\/li>\n<li>1 ano de garantia.<\/li>\n<\/ul>\n<p>T\u00e3o f\u00e1cil quanto colocar as pilhas inclu\u00eddas (LR44) e jogar! Voc\u00ea ficar\u00e1 surpreso com o poder e o toque.<\/p>\n<p>Instru\u00e7\u00f5es de uso;<\/p>\n<ul>\n<li>Pressione o bot\u00e3o preto inferior para ativar a vibra\u00e7\u00e3o, certifique-se de que as pilhas estejam inseridas corretamente.<\/li>\n<\/ul>\n<p><strong>Elimina\u00e7\u00e3o<\/strong><\/p>\n<p>O descarte de dispositivos eletr\u00f4nicos deve ser realizado de acordo com os regulamentos para res\u00edduos perigosos em vigor na Uni\u00e3o Europeia e em outros pa\u00edses europeus ou de acordo com os regulamentos locais. Siga os regulamentos de descarte de lixo espec\u00edficos do seu pa\u00eds e, em caso de d\u00favida, pergunte ao seu revendedor sobre as op\u00e7\u00f5es de descarte.<\/p>\n<p><strong>Conte\u00fado<\/strong><\/p>\n<p>Abrir uma caixa de produtos Womanvibe \u00e9 exclusivo. Todos os produtos incluem caixa de apresenta\u00e7\u00e3o Deluxe com fundo dourado.<\/p>\n<p>Dentro voc\u00ea encontrar\u00e1<\/p>\n<ul>\n<li>Vibrador Aisha<\/li>\n<li>Baterias<\/li>\n<\/ul>\n<p style=\"text-align: center;\">\n","protected":false},"excerpt":{"rendered":"<p>Womanvibe aisha, um estimulador completo! Use-o a qualquer hora ou em qualquer lugar, gra\u00e7as ao seu tamanho compacto \u00e9 flex\u00edvel. [&hellip;]<\/p>\n","protected":false},"featured_media":19722,"comment_status":"open","ping_status":"closed","template":"","meta":{"site-sidebar-layout":"default","site-content-layout":"","ast-site-content-layout":"default","site-content-style":"default","site-sidebar-style":"default","ast-global-header-display":"","ast-banner-title-visibility":"","ast-main-header-display":"","ast-hfb-above-header-display":"","ast-hfb-below-header-display":"","ast-hfb-mobile-header-display":"","site-post-title":"","ast-breadcrumbs-content":"","ast-featured-img":"","footer-sml-layout":"","theme-transparent-header-meta":"default","adv-header-id-meta":"","stick-header-meta":"","header-above-stick-meta":"","header-main-stick-meta":"","header-below-stick-meta":"","astra-migrate-meta-layouts":"set","ast-page-background-enabled":"default","ast-page-background-meta":{"desktop":{"background-color":"var(--ast-global-color-5)","background-image":"","background-repeat":"repeat","background-position":"center center","background-size":"auto","background-attachment":"scroll","background-type":"","background-media":"","overlay-type":"","overlay-color":"","overlay-opacity":"","overlay-gradient":""},"tablet":{"background-color":"","background-image":"","background-repeat":"repeat","background-position":"center center","background-size":"auto","background-attachment":"scroll","background-type":"","background-media":"","overlay-type":"","overlay-color":"","overlay-opacity":"","overlay-gradient":""},"mobile":{"background-color":"","background-image":"","background-repeat":"repeat","background-position":"center center","background-size":"auto","background-attachment":"scroll","background-type":"","background-media":"","overlay-type":"","overlay-color":"","overlay-opacity":"","overlay-gradient":""}},"ast-content-background-meta":{"desktop":{"background-color":"var(--ast-global-color-4)","background-image":"","background-repeat":"repeat","background-position":"center center","background-size":"auto","background-attachment":"scroll","background-type":"","background-media":"","overlay-type":"","overlay-color":"","overlay-opacity":"","overlay-gradient":""},"tablet":{"background-color":"var(--ast-global-color-4)","background-image":"","background-repeat":"repeat","background-position":"center center","background-size":"auto","background-attachment":"scroll","background-type":"","background-media":"","overlay-type":"","overlay-color":"","overlay-opacity":"","overlay-gradient":""},"mobile":{"background-color":"var(--ast-global-color-4)","background-image":"","background-repeat":"repeat","background-position":"center center","background-size":"auto","background-attachment":"scroll","background-type":"","background-media":"","overlay-type":"","overlay-color":"","overlay-opacity":"","overlay-gradient":""}}},"product_brand":[440],"product_cat":[429],"product_tag":[],"class_list":{"0":"post-19723","1":"product","2":"type-product","3":"status-publish","4":"has-post-thumbnail","6":"product_brand-womanvibe","7":"product_cat-vibradores-hi-tech","8":"desktop-align-left","9":"tablet-align-left","10":"mobile-align-left","12":"first","13":"instock","14":"shipping-taxable","15":"purchasable","16":"product-type-simple"},"_links":{"self":[{"href":"https:\/\/intimusdream.com\/index.php\/wp-json\/wp\/v2\/product\/19723","targetHints":{"allow":["GET"]}}],"collection":[{"href":"https:\/\/intimusdream.com\/index.php\/wp-json\/wp\/v2\/product"}],"about":[{"href":"https:\/\/intimusdream.com\/index.php\/wp-json\/wp\/v2\/types\/product"}],"replies":[{"embeddable":true,"href":"https:\/\/intimusdream.com\/index.php\/wp-json\/wp\/v2\/comments?post=19723"}],"wp:featuredmedia":[{"embeddable":true,"href":"https:\/\/intimusdream.com\/index.php\/wp-json\/wp\/v2\/media\/19722"}],"wp:attachment":[{"href":"https:\/\/intimusdream.com\/index.php\/wp-json\/wp\/v2\/media?parent=19723"}],"wp:term":[{"taxonomy":"product_brand","embeddable":true,"href":"https:\/\/intimusdream.com\/index.php\/wp-json\/wp\/v2\/product_brand?post=19723"},{"taxonomy":"product_cat","embeddable":true,"href":"https:\/\/intimusdream.com\/index.php\/wp-json\/wp\/v2\/product_cat?post=19723"},{"taxonomy":"product_tag","embeddable":true,"href":"https:\/\/intimusdream.com\/index.php\/wp-json\/wp\/v2\/product_tag?post=19723"}],"curies":[{"name":"wp","href":"https:\/\/api.w.org\/{rel}","templated":true}]}}