{"id":19729,"date":"2025-07-21T13:33:36","date_gmt":"2025-07-21T13:33:36","guid":{"rendered":"https:\/\/intimusdream.com\/index.php\/produto\/nalone-vibrador-dancer-com-coelho-e-vibrao-som\/"},"modified":"2026-01-09T15:11:26","modified_gmt":"2026-01-09T15:11:26","slug":"nalone-vibrador-dancer-com-coelho-e-vibrao-som","status":"publish","type":"product","link":"https:\/\/intimusdream.com\/index.php\/produto\/nalone-vibrador-dancer-com-coelho-e-vibrao-som\/","title":{"rendered":"NALONE &#8211; VIBRADOR DANCER COM COELHO E VIBRAO SOM"},"content":{"rendered":"<p>A Dan\u00e7arina ser\u00e1 o seu brinquedo preferido, o seu melhor parceiro de dan\u00e7a. \u00c9 ativado por som e gra\u00e7as ao seu design obter\u00e1 estimula\u00e7\u00e3o interna e externa com vibra\u00e7\u00f5es poderosas e silenciosas que poder\u00e1 controlar por voz ou com os seus bot\u00f5es. Alterne e escolha entre os seus 7 modos de vibra\u00e7\u00e3o ou escolha o modo de vibra\u00e7\u00e3o sonora e alcance o cl\u00edmax de uma forma \u00fanica e emocionante.<\/p>\n<p>Caracter\u00edsticas.<\/p>\n<ul>\n<li>Material: Silicone e ABS<\/li>\n<li>Recarreg\u00e1vel<\/li>\n<li>Bateria de l\u00edtio<\/li>\n<li>Vibra\u00e7\u00f5es silenciosas: menos de 50 dB<\/li>\n<li>7 modos de vibra\u00e7\u00e3o<\/li>\n<li>vibra\u00e7\u00e3o de voz<\/li>\n<li>Comprimento total: 223 mm<\/li>\n<\/ul>\n","protected":false},"excerpt":{"rendered":"<p>A Dan\u00e7arina ser\u00e1 o seu brinquedo preferido, o seu melhor parceiro de dan\u00e7a. \u00c9 ativado por som e gra\u00e7as ao [&hellip;]<\/p>\n","protected":false},"featured_media":19728,"comment_status":"open","ping_status":"closed","template":"","meta":{"site-sidebar-layout":"default","site-content-layout":"","ast-site-content-layout":"default","site-content-style":"default","site-sidebar-style":"default","ast-global-header-display":"","ast-banner-title-visibility":"","ast-main-header-display":"","ast-hfb-above-header-display":"","ast-hfb-below-header-display":"","ast-hfb-mobile-header-display":"","site-post-title":"","ast-breadcrumbs-content":"","ast-featured-img":"","footer-sml-layout":"","theme-transparent-header-meta":"default","adv-header-id-meta":"","stick-header-meta":"","header-above-stick-meta":"","header-main-stick-meta":"","header-below-stick-meta":"","astra-migrate-meta-layouts":"set","ast-page-background-enabled":"default","ast-page-background-meta":{"desktop":{"background-color":"var(--ast-global-color-5)","background-image":"","background-repeat":"repeat","background-position":"center center","background-size":"auto","background-attachment":"scroll","background-type":"","background-media":"","overlay-type":"","overlay-color":"","overlay-opacity":"","overlay-gradient":""},"tablet":{"background-color":"","background-image":"","background-repeat":"repeat","background-position":"center center","background-size":"auto","background-attachment":"scroll","background-type":"","background-media":"","overlay-type":"","overlay-color":"","overlay-opacity":"","overlay-gradient":""},"mobile":{"background-color":"","background-image":"","background-repeat":"repeat","background-position":"center center","background-size":"auto","background-attachment":"scroll","background-type":"","background-media":"","overlay-type":"","overlay-color":"","overlay-opacity":"","overlay-gradient":""}},"ast-content-background-meta":{"desktop":{"background-color":"var(--ast-global-color-4)","background-image":"","background-repeat":"repeat","background-position":"center center","background-size":"auto","background-attachment":"scroll","background-type":"","background-media":"","overlay-type":"","overlay-color":"","overlay-opacity":"","overlay-gradient":""},"tablet":{"background-color":"var(--ast-global-color-4)","background-image":"","background-repeat":"repeat","background-position":"center center","background-size":"auto","background-attachment":"scroll","background-type":"","background-media":"","overlay-type":"","overlay-color":"","overlay-opacity":"","overlay-gradient":""},"mobile":{"background-color":"var(--ast-global-color-4)","background-image":"","background-repeat":"repeat","background-position":"center center","background-size":"auto","background-attachment":"scroll","background-type":"","background-media":"","overlay-type":"","overlay-color":"","overlay-opacity":"","overlay-gradient":""}}},"product_brand":[430],"product_cat":[429],"product_tag":[],"class_list":{"0":"post-19729","1":"product","2":"type-product","3":"status-publish","4":"has-post-thumbnail","6":"product_brand-nalone","7":"product_cat-vibradores-hi-tech","8":"desktop-align-left","9":"tablet-align-left","10":"mobile-align-left","12":"first","13":"outofstock","14":"shipping-taxable","15":"purchasable","16":"product-type-simple"},"_links":{"self":[{"href":"https:\/\/intimusdream.com\/index.php\/wp-json\/wp\/v2\/product\/19729","targetHints":{"allow":["GET"]}}],"collection":[{"href":"https:\/\/intimusdream.com\/index.php\/wp-json\/wp\/v2\/product"}],"about":[{"href":"https:\/\/intimusdream.com\/index.php\/wp-json\/wp\/v2\/types\/product"}],"replies":[{"embeddable":true,"href":"https:\/\/intimusdream.com\/index.php\/wp-json\/wp\/v2\/comments?post=19729"}],"wp:featuredmedia":[{"embeddable":true,"href":"https:\/\/intimusdream.com\/index.php\/wp-json\/wp\/v2\/media\/19728"}],"wp:attachment":[{"href":"https:\/\/intimusdream.com\/index.php\/wp-json\/wp\/v2\/media?parent=19729"}],"wp:term":[{"taxonomy":"product_brand","embeddable":true,"href":"https:\/\/intimusdream.com\/index.php\/wp-json\/wp\/v2\/product_brand?post=19729"},{"taxonomy":"product_cat","embeddable":true,"href":"https:\/\/intimusdream.com\/index.php\/wp-json\/wp\/v2\/product_cat?post=19729"},{"taxonomy":"product_tag","embeddable":true,"href":"https:\/\/intimusdream.com\/index.php\/wp-json\/wp\/v2\/product_tag?post=19729"}],"curies":[{"name":"wp","href":"https:\/\/api.w.org\/{rel}","templated":true}]}}