{"id":19745,"date":"2025-07-21T13:34:00","date_gmt":"2025-07-21T13:34:00","guid":{"rendered":"https:\/\/intimusdream.com\/index.php\/produto\/treasure-laurence-rabbit-vibrator-watchme-wireless-technology-compatvel\/"},"modified":"2026-01-09T15:12:34","modified_gmt":"2026-01-09T15:12:34","slug":"treasure-laurence-rabbit-vibrator-watchme-wireless-technology-compatvel","status":"publish","type":"product","link":"https:\/\/intimusdream.com\/index.php\/produto\/treasure-laurence-rabbit-vibrator-watchme-wireless-technology-compatvel\/","title":{"rendered":"TREASURE &#8211; LAURENCE RABBIT VIBRATOR WATCHME WIRELESS TECHNOLOGY COMPAT\u00cdVEL"},"content":{"rendered":"<p>TESOURO LAURENCE COELHO, Voc\u00ea ter\u00e1 um tesouro para descobrir! Embora na Treasure tenhamos brinquedos vers\u00e1teis para quase todas as partes do corpo que voc\u00ea deseja estimular, com LAURANCE permite que voc\u00ea n\u00e3o tenha que escolher apenas uma para poder focar dentro e fora ao mesmo tempo! Mas nem sempre voc\u00ea precisa sentir a mesma coisa, certo?<\/p>\n<p>LAURENCE RABBIT \u00e9 composto por dois motores independentes, ideais para escolher a intensidade de cada um deles ou, diretamente, a sua atividade. Voc\u00ea est\u00e1 mais clitoriana hoje? Escolha. O que voc\u00ea quer se estimular por dentro? V\u00e1 em frente! Ambos? Deixe a festa come\u00e7ar!<\/p>\n<p>Este vibrador \u00e9 feito de silicone m\u00e9dico flex\u00edvel e pode ser colocado confortavelmente e suavemente contra a pele. A particularidade deste produto de bem-estar sexual \u00e9 o controle remoto sem fio, com o qual voc\u00ea pode controlar facilmente o prazer do rel\u00f3gio sem interromper o estado de excita\u00e7\u00e3o. Voc\u00ea pode selecionar entre 7 programas de vibra\u00e7\u00e3o emocionantes com diferentes graus de intensidade.<\/p>\n<p>Caracter\u00edsticas<\/p>\n<ul>\n<li>7 modos de vibra\u00e7\u00e3o<\/li>\n<li>2 motores super potentes<\/li>\n<li>Estimula\u00e7\u00e3o do clit\u00f3ris e do ponto G<\/li>\n<li>17,5 cm x 3,5 cm (inser\u00edvel 9,0 cm)<\/li>\n<li>Compat\u00edvel com Watchme Wireless Technology (rel\u00f3gio de controle remoto n\u00e3o inclu\u00eddo)<\/li>\n<li>USB recarreg\u00e1vel<\/li>\n<li>IPX7 \u00e0 prova d&#8217;\u00e1gua<\/li>\n<li>Silicone super macio e ABS<\/li>\n<li>Material seguro para o corpo<\/li>\n<li>livre de ftalatos<\/li>\n<li>Presente Lubrificante Neutro WATERFEEL 6 ml<\/li>\n<li>2 anos de garantia culminam em um sextoy exclusivo<\/li>\n<\/ul>\n<p>LIMPEZA<\/p>\n<p>Limpe bem o brinquedo antes e depois de cada uso com \u00e1gua morna e sab\u00e3o neutro.<\/p>\n<p>ARMAZENAR<\/p>\n<p>Guarde seu brinquedo Treasjre em um local livre de poeira e mantenha-o longe de brinquedos feitos de outros materiais. Evite deix\u00e1-lo sob luz solar direta e NUNCA o exponha ao calor extremo.<\/p>\n<p>DICAS DE USO<\/p>\n<p>A Treasure recomenda o uso de lubrificantes \u00e0 base de \u00e1gua para uma inser\u00e7\u00e3o f\u00e1cil e suave de todos os produtos de silicone. N\u00e3o use lubrificantes, \u00f3leos ou cremes de silicone com qualquer produto de silicone, pois eles podem degradar o material do produto e limitar seu desempenho e vida \u00fatil.<\/p>\n<p>2 ANOS DE GARANTIA<\/p>\n<p>Esta garantia se aplica a todos os produtos Treasure adquiridos a partir da data de compra original de tal produto. Esta garantia n\u00e3o cobre danos causados por mau uso ou uso diferente do pretendido e descrito no manual de instru\u00e7\u00f5es do produto, desgaste normal, altera\u00e7\u00e3o, uso irracional, servi\u00e7o por ag\u00eancias de servi\u00e7o n\u00e3o autorizadas ou perda ou dano a baterias ou baterias. remov\u00edvel.<\/p>\n<p style=\"text-align: center;\">O TESOURO OFERECE A VOC\u00ca<\/p>\n<p style=\"text-align: center;\">CONTROLES 100% INTUITIVOS; Mais f\u00e1cil de usar, mais prazer<\/p>\n<p style=\"text-align: center;\">ERGON\u00d4MICO; Adapta-se \u00e0 sua zona \u00edntima<\/p>\n<p style=\"text-align: center;\">LIVRE DE PTALATOS; Sustent\u00e1vel e cuidado com a natureza<\/p>\n<p style=\"text-align: center;\">SILENCIOSO; Prazer \u00edntimo e discreto<\/p>\n<p style=\"text-align: center;\">SEGURO PARA O SEU CORPO; toque de seda<\/p>\n<p style=\"text-align: center;\">PROJETADO NA EUROPA; Projetado e desenvolvido pelos melhores especialistas<\/p>\n<p>TREASURE \u00c9 A GAMA DE VIBRADORES DE LUXO ACESS\u00cdVEIS A TODOS!<\/p>\n<p>Os tesouros mais bem guardados do mundo guardam sempre um segredo e o Tesouro esconde um segredo hist\u00f3rico. Em TREASURE, eles levaram o prazer ao pr\u00f3ximo n\u00edvel, um design espetacular, al\u00e9m de adicionar a tecnologia patenteada WATCHME.<\/p>\n<p>Treasure, \u00e9 uma marca elegante e sensual que vai revolucionar o mundo da sexualidade e da sensualidade nos pr\u00f3ximos anos gra\u00e7as \u00e0 qualidade dos seus produtos, designs inovadores, capazes de cativar qualquer pessoa, e novas ideias para encontrar o prazer total nas rela\u00e7\u00f5es \u00edntimas.<\/p>\n<p>lema do TESOURO<\/p>\n<p>&#8220;A mulher empoderada est\u00e1 aqui para ficar a partir de agora.&#8221;<\/p>\n<p>Quem n\u00e3o gosta de um bom orgasmo? Algum de voc\u00eas n\u00e3o desfruta dos relacionamentos \u00edntimos mais agrad\u00e1veis? Levante a m\u00e3o se voc\u00ea n\u00e3o gosta e se sente \u00fanico no mundo enquanto seu amante est\u00e1 colocando voc\u00ea em 1.000 por hora.<\/p>\n<p>A filosofia TESOURO<\/p>\n<p>Trabalhamos com a filosofia de satisfazer clientes diferenciados. Para esse fim, apoiamos totalmente os direitos ao prazer que todos n\u00f3s temos. Assim, nascemos n\u00e3o apenas como TREASURE e fabricantes de brinquedos sexuais revolucion\u00e1rios, mas como designers de experi\u00eancias que buscam divers\u00e3o plena, tentando alcan\u00e7ar novos mundos de satisfa\u00e7\u00e3o ao longo do caminho que dominam os cinco sentidos.<\/p>\n<p>Assim, a TREASURE apresenta a nova linha de brinquedos sexuais com tecnologia patenteada WATCHME. No pr\u00e9-lan\u00e7amento j\u00e1 foram vendidas 500.000 unidades divididas em 15 pa\u00edses ao redor do mundo e j\u00e1 conseguimos nos destacar no setor ao combinar o luxo de seus brinquedos sexuais com o uso da tecnologia mais avan\u00e7ada e de \u00faltima gera\u00e7\u00e3o.<\/p>\n<p>At\u00e9 agora falamos muito sobre eleg\u00e2ncia nos produtos TREASURE. Um toque de luxo a um pre\u00e7o acess\u00edvel para qualquer tipo de bolso. Por\u00e9m, \u00e9 preciso destacar nesta marca revolucion\u00e1ria sua tecnologia, materiais e design. Pronto para uma nova era?<\/p>\n<p>Alguns dos brinquedos da TREASURE incluem a tecnologia de rel\u00f3gio WATCHME, com o rel\u00f3gio inclu\u00eddo e pronto para usar com ou sem o controle remoto. Mas o que \u00e9 essa tecnologia?<\/p>\n<p>\u00c9 um rel\u00f3gio inteligente sexual que o ajudar\u00e1 a controlar os brinquedos sexuais TRASURE. Podemos sincroniz\u00e1-los com brinquedos sexuais que usam a tecnologia watchme para controlar as vibra\u00e7\u00f5es e fun\u00e7\u00f5es do nosso sextoy.<\/p>\n<p>Fun\u00e7\u00f5es de um rel\u00f3gio WATCHME<\/p>\n<p>Em um rel\u00f3gio WATCHME existem algumas fun\u00e7\u00f5es marcantes que detalharemos:<\/p>\n<ul>\n<li>Ativar\/desativar vibra\u00e7\u00e3o.<\/li>\n<li>Modificar modos de vibra\u00e7\u00e3o<\/li>\n<li>Modifique as intensidades em cada modo de vibra\u00e7\u00e3o.<\/li>\n<li>Mas os brinquedos Anne&#8217;s Desire tamb\u00e9m s\u00e3o \u00e0 prova d&#8217;\u00e1gua?<\/li>\n<\/ul>\n<p>O tesouro, \u00e9 claro, \u00e9 \u00e0 prova d&#8217;\u00e1gua e ser\u00e1 seu companheiro perfeito tanto em uma banheira de hidromassagem rom\u00e2ntica quanto sob os confort\u00e1veis len\u00e7\u00f3is de casa. As vibra\u00e7\u00f5es subaqu\u00e1ticas deste parceiro divertido s\u00e3o percebidas por muitos casais como particularmente intensas.<\/p>\n","protected":false},"excerpt":{"rendered":"<p>TESOURO LAURENCE COELHO, Voc\u00ea ter\u00e1 um tesouro para descobrir! Embora na Treasure tenhamos brinquedos vers\u00e1teis para quase todas as partes [&hellip;]<\/p>\n","protected":false},"featured_media":19744,"comment_status":"open","ping_status":"closed","template":"","meta":{"site-sidebar-layout":"default","site-content-layout":"","ast-site-content-layout":"default","site-content-style":"default","site-sidebar-style":"default","ast-global-header-display":"","ast-banner-title-visibility":"","ast-main-header-display":"","ast-hfb-above-header-display":"","ast-hfb-below-header-display":"","ast-hfb-mobile-header-display":"","site-post-title":"","ast-breadcrumbs-content":"","ast-featured-img":"","footer-sml-layout":"","theme-transparent-header-meta":"default","adv-header-id-meta":"","stick-header-meta":"","header-above-stick-meta":"","header-main-stick-meta":"","header-below-stick-meta":"","astra-migrate-meta-layouts":"set","ast-page-background-enabled":"default","ast-page-background-meta":{"desktop":{"background-color":"var(--ast-global-color-5)","background-image":"","background-repeat":"repeat","background-position":"center center","background-size":"auto","background-attachment":"scroll","background-type":"","background-media":"","overlay-type":"","overlay-color":"","overlay-opacity":"","overlay-gradient":""},"tablet":{"background-color":"","background-image":"","background-repeat":"repeat","background-position":"center center","background-size":"auto","background-attachment":"scroll","background-type":"","background-media":"","overlay-type":"","overlay-color":"","overlay-opacity":"","overlay-gradient":""},"mobile":{"background-color":"","background-image":"","background-repeat":"repeat","background-position":"center center","background-size":"auto","background-attachment":"scroll","background-type":"","background-media":"","overlay-type":"","overlay-color":"","overlay-opacity":"","overlay-gradient":""}},"ast-content-background-meta":{"desktop":{"background-color":"var(--ast-global-color-4)","background-image":"","background-repeat":"repeat","background-position":"center center","background-size":"auto","background-attachment":"scroll","background-type":"","background-media":"","overlay-type":"","overlay-color":"","overlay-opacity":"","overlay-gradient":""},"tablet":{"background-color":"var(--ast-global-color-4)","background-image":"","background-repeat":"repeat","background-position":"center center","background-size":"auto","background-attachment":"scroll","background-type":"","background-media":"","overlay-type":"","overlay-color":"","overlay-opacity":"","overlay-gradient":""},"mobile":{"background-color":"var(--ast-global-color-4)","background-image":"","background-repeat":"repeat","background-position":"center center","background-size":"auto","background-attachment":"scroll","background-type":"","background-media":"","overlay-type":"","overlay-color":"","overlay-opacity":"","overlay-gradient":""}}},"product_brand":[444],"product_cat":[429],"product_tag":[],"class_list":{"0":"post-19745","1":"product","2":"type-product","3":"status-publish","4":"has-post-thumbnail","6":"product_brand-treasure","7":"product_cat-vibradores-hi-tech","8":"desktop-align-left","9":"tablet-align-left","10":"mobile-align-left","12":"first","13":"instock","14":"shipping-taxable","15":"purchasable","16":"product-type-simple"},"_links":{"self":[{"href":"https:\/\/intimusdream.com\/index.php\/wp-json\/wp\/v2\/product\/19745","targetHints":{"allow":["GET"]}}],"collection":[{"href":"https:\/\/intimusdream.com\/index.php\/wp-json\/wp\/v2\/product"}],"about":[{"href":"https:\/\/intimusdream.com\/index.php\/wp-json\/wp\/v2\/types\/product"}],"replies":[{"embeddable":true,"href":"https:\/\/intimusdream.com\/index.php\/wp-json\/wp\/v2\/comments?post=19745"}],"wp:featuredmedia":[{"embeddable":true,"href":"https:\/\/intimusdream.com\/index.php\/wp-json\/wp\/v2\/media\/19744"}],"wp:attachment":[{"href":"https:\/\/intimusdream.com\/index.php\/wp-json\/wp\/v2\/media?parent=19745"}],"wp:term":[{"taxonomy":"product_brand","embeddable":true,"href":"https:\/\/intimusdream.com\/index.php\/wp-json\/wp\/v2\/product_brand?post=19745"},{"taxonomy":"product_cat","embeddable":true,"href":"https:\/\/intimusdream.com\/index.php\/wp-json\/wp\/v2\/product_cat?post=19745"},{"taxonomy":"product_tag","embeddable":true,"href":"https:\/\/intimusdream.com\/index.php\/wp-json\/wp\/v2\/product_tag?post=19745"}],"curies":[{"name":"wp","href":"https:\/\/api.w.org\/{rel}","templated":true}]}}