{"id":19759,"date":"2025-07-21T13:34:06","date_gmt":"2025-07-21T13:34:06","guid":{"rendered":"https:\/\/intimusdream.com\/index.php\/produto\/baile-vibrador-ntimo-amante-tease-lilac\/"},"modified":"2026-01-09T15:13:31","modified_gmt":"2026-01-09T15:13:31","slug":"baile-vibrador-ntimo-amante-tease-lilac","status":"publish","type":"product","link":"https:\/\/intimusdream.com\/index.php\/produto\/baile-vibrador-ntimo-amante-tease-lilac\/","title":{"rendered":"BAILE &#8211; VIBRADOR \u00cdNTIMO AMANTE TEASE LILAC"},"content":{"rendered":"<p>\u00c9 um novo vibrador de alta tecnologia feito de GELATINA macia com m\u00faltiplas utiliza\u00e7\u00f5es.<\/p>\n<ul>\n<li>\u00c9 \u00e0 prova d&#8217;\u00e1gua, ent\u00e3o voc\u00ea tamb\u00e9m pode us\u00e1-lo no chuveiro.<\/li>\n<li>pesco\u00e7o de vertebrado para ajuste anat\u00f4mico.<\/li>\n<li>Devido ao seu tamanho, \u00e9 ideal para uso tanto em penetra\u00e7\u00f5es vaginais como anais.<\/li>\n<li>Incorpora um vibrador revolucion\u00e1rio com controle eletr\u00f4nico de velocidade e oscila\u00e7\u00e3o<\/li>\n<li>At\u00e9 12 possibilidades diferentes de uso: Baixa velocidade, m\u00e9dia velocidade, alta velocidade, incremental, impulsos, super velocidade, etc.,<\/li>\n<li>Al\u00e9m disso, incorpora tamb\u00e9m outro vibrador especificamente indicado para estimular o clit\u00f3ris atrav\u00e9s de um design que simula uma l\u00edngua macia.<\/li>\n<li>Com este brinquedo exclusivo voc\u00ea poder\u00e1 experimentar prazeres que nunca sonhou, \u00e9 realmente incr\u00edvel.<\/li>\n<li>Funciona com 3 pilhas LR03\/AAA que voc\u00ea encontra na se\u00e7\u00e3o Baterias.<\/li>\n<\/ul>\n<p>Inclui amostra de material de limpeza e conserva\u00e7\u00e3o.<\/p>\n<p>Medidas: 23 cm. x 3,5 cm.<\/p>\n","protected":false},"excerpt":{"rendered":"<p>\u00c9 um novo vibrador de alta tecnologia feito de GELATINA macia com m\u00faltiplas utiliza\u00e7\u00f5es. \u00c9 \u00e0 prova d&#8217;\u00e1gua, ent\u00e3o voc\u00ea [&hellip;]<\/p>\n","protected":false},"featured_media":19758,"comment_status":"open","ping_status":"closed","template":"","meta":{"site-sidebar-layout":"default","site-content-layout":"","ast-site-content-layout":"default","site-content-style":"default","site-sidebar-style":"default","ast-global-header-display":"","ast-banner-title-visibility":"","ast-main-header-display":"","ast-hfb-above-header-display":"","ast-hfb-below-header-display":"","ast-hfb-mobile-header-display":"","site-post-title":"","ast-breadcrumbs-content":"","ast-featured-img":"","footer-sml-layout":"","theme-transparent-header-meta":"default","adv-header-id-meta":"","stick-header-meta":"","header-above-stick-meta":"","header-main-stick-meta":"","header-below-stick-meta":"","astra-migrate-meta-layouts":"set","ast-page-background-enabled":"default","ast-page-background-meta":{"desktop":{"background-color":"var(--ast-global-color-5)","background-image":"","background-repeat":"repeat","background-position":"center center","background-size":"auto","background-attachment":"scroll","background-type":"","background-media":"","overlay-type":"","overlay-color":"","overlay-opacity":"","overlay-gradient":""},"tablet":{"background-color":"","background-image":"","background-repeat":"repeat","background-position":"center center","background-size":"auto","background-attachment":"scroll","background-type":"","background-media":"","overlay-type":"","overlay-color":"","overlay-opacity":"","overlay-gradient":""},"mobile":{"background-color":"","background-image":"","background-repeat":"repeat","background-position":"center center","background-size":"auto","background-attachment":"scroll","background-type":"","background-media":"","overlay-type":"","overlay-color":"","overlay-opacity":"","overlay-gradient":""}},"ast-content-background-meta":{"desktop":{"background-color":"var(--ast-global-color-4)","background-image":"","background-repeat":"repeat","background-position":"center center","background-size":"auto","background-attachment":"scroll","background-type":"","background-media":"","overlay-type":"","overlay-color":"","overlay-opacity":"","overlay-gradient":""},"tablet":{"background-color":"var(--ast-global-color-4)","background-image":"","background-repeat":"repeat","background-position":"center center","background-size":"auto","background-attachment":"scroll","background-type":"","background-media":"","overlay-type":"","overlay-color":"","overlay-opacity":"","overlay-gradient":""},"mobile":{"background-color":"var(--ast-global-color-4)","background-image":"","background-repeat":"repeat","background-position":"center center","background-size":"auto","background-attachment":"scroll","background-type":"","background-media":"","overlay-type":"","overlay-color":"","overlay-opacity":"","overlay-gradient":""}}},"product_brand":[445],"product_cat":[429],"product_tag":[],"class_list":{"0":"post-19759","1":"product","2":"type-product","3":"status-publish","4":"has-post-thumbnail","6":"product_brand-baile-rotations","7":"product_cat-vibradores-hi-tech","8":"desktop-align-left","9":"tablet-align-left","10":"mobile-align-left","12":"first","13":"instock","14":"shipping-taxable","15":"purchasable","16":"product-type-simple"},"_links":{"self":[{"href":"https:\/\/intimusdream.com\/index.php\/wp-json\/wp\/v2\/product\/19759","targetHints":{"allow":["GET"]}}],"collection":[{"href":"https:\/\/intimusdream.com\/index.php\/wp-json\/wp\/v2\/product"}],"about":[{"href":"https:\/\/intimusdream.com\/index.php\/wp-json\/wp\/v2\/types\/product"}],"replies":[{"embeddable":true,"href":"https:\/\/intimusdream.com\/index.php\/wp-json\/wp\/v2\/comments?post=19759"}],"wp:featuredmedia":[{"embeddable":true,"href":"https:\/\/intimusdream.com\/index.php\/wp-json\/wp\/v2\/media\/19758"}],"wp:attachment":[{"href":"https:\/\/intimusdream.com\/index.php\/wp-json\/wp\/v2\/media?parent=19759"}],"wp:term":[{"taxonomy":"product_brand","embeddable":true,"href":"https:\/\/intimusdream.com\/index.php\/wp-json\/wp\/v2\/product_brand?post=19759"},{"taxonomy":"product_cat","embeddable":true,"href":"https:\/\/intimusdream.com\/index.php\/wp-json\/wp\/v2\/product_cat?post=19759"},{"taxonomy":"product_tag","embeddable":true,"href":"https:\/\/intimusdream.com\/index.php\/wp-json\/wp\/v2\/product_tag?post=19759"}],"curies":[{"name":"wp","href":"https:\/\/api.w.org\/{rel}","templated":true}]}}