{"id":19769,"date":"2025-07-21T13:34:09","date_gmt":"2025-07-21T13:34:09","guid":{"rendered":"https:\/\/intimusdream.com\/index.php\/produto\/pretty-love-thunderbird-vibrador-duplo-strap-on-controle-remoto-roxo\/"},"modified":"2026-01-09T15:13:46","modified_gmt":"2026-01-09T15:13:46","slug":"pretty-love-thunderbird-vibrador-duplo-strap-on-controle-remoto-roxo","status":"publish","type":"product","link":"https:\/\/intimusdream.com\/index.php\/produto\/pretty-love-thunderbird-vibrador-duplo-strap-on-controle-remoto-roxo\/","title":{"rendered":"PRETTY LOVE &#8211; THUNDERBIRD VIBRADOR DUPLO STRAP-ON CONTROLE REMOTO ROXO"},"content":{"rendered":"<p><strong>PRETTY LOVE BW-022068W<\/strong><br \/>\nEste maravilhoso strap-on sem al\u00e7as faz cada segundo valer a pena, j\u00e1 que sua fun\u00e7\u00e3o sem arn\u00eas, 12 modos de vibra\u00e7\u00e3o e 3 modos de eletroestimula\u00e7\u00e3o prometem uma experi\u00eancia mais espont\u00e2nea e ininterrupta. Seus eixos bulbosos com partes de vibra\u00e7\u00e3o e eletroestimula\u00e7\u00e3o se encaixam perfeitamente na vagina e massageiam suavemente o ponto ideal durante a penetra\u00e7\u00e3o. Esteja voc\u00ea se preparando para agradar seu homem com uma sess\u00e3o sensual de pegging ou planejando um encontro intenso entre mulheres, a satisfa\u00e7\u00e3o est\u00e1 sempre \u00e0 m\u00e3o. Mais do que garantida. Sem arn\u00eas para atrapalhar suas inten\u00e7\u00f5es, basta aplicar lubrificante \u00e0 base de \u00e1gua em ambos os eixos suaves e desfrutar de uma foda sem as m\u00e3os que vai te fazer tremer a terra.<\/p>\n<p><u><strong>CARACTER\u00cdSTICAS<\/strong><\/u>\u00a0:<\/p>\n<ul>\n<li>Fun\u00e7\u00e3o: 12 fun\u00e7\u00f5es de vibra\u00e7\u00e3o, 3 fun\u00e7\u00f5es de choque el\u00e9trico, controle remoto sem fio<\/li>\n<li>Material: Silicone<\/li>\n<li>Fonte de alimenta\u00e7\u00e3o: recarreg\u00e1vel USB<\/li>\n<\/ul>\n","protected":false},"excerpt":{"rendered":"<p>PRETTY LOVE BW-022068W Este maravilhoso strap-on sem al\u00e7as faz cada segundo valer a pena, j\u00e1 que sua fun\u00e7\u00e3o sem arn\u00eas, [&hellip;]<\/p>\n","protected":false},"featured_media":19768,"comment_status":"open","ping_status":"closed","template":"","meta":{"site-sidebar-layout":"default","site-content-layout":"","ast-site-content-layout":"default","site-content-style":"default","site-sidebar-style":"default","ast-global-header-display":"","ast-banner-title-visibility":"","ast-main-header-display":"","ast-hfb-above-header-display":"","ast-hfb-below-header-display":"","ast-hfb-mobile-header-display":"","site-post-title":"","ast-breadcrumbs-content":"","ast-featured-img":"","footer-sml-layout":"","theme-transparent-header-meta":"default","adv-header-id-meta":"","stick-header-meta":"","header-above-stick-meta":"","header-main-stick-meta":"","header-below-stick-meta":"","astra-migrate-meta-layouts":"set","ast-page-background-enabled":"default","ast-page-background-meta":{"desktop":{"background-color":"var(--ast-global-color-5)","background-image":"","background-repeat":"repeat","background-position":"center center","background-size":"auto","background-attachment":"scroll","background-type":"","background-media":"","overlay-type":"","overlay-color":"","overlay-opacity":"","overlay-gradient":""},"tablet":{"background-color":"","background-image":"","background-repeat":"repeat","background-position":"center center","background-size":"auto","background-attachment":"scroll","background-type":"","background-media":"","overlay-type":"","overlay-color":"","overlay-opacity":"","overlay-gradient":""},"mobile":{"background-color":"","background-image":"","background-repeat":"repeat","background-position":"center center","background-size":"auto","background-attachment":"scroll","background-type":"","background-media":"","overlay-type":"","overlay-color":"","overlay-opacity":"","overlay-gradient":""}},"ast-content-background-meta":{"desktop":{"background-color":"var(--ast-global-color-4)","background-image":"","background-repeat":"repeat","background-position":"center center","background-size":"auto","background-attachment":"scroll","background-type":"","background-media":"","overlay-type":"","overlay-color":"","overlay-opacity":"","overlay-gradient":""},"tablet":{"background-color":"var(--ast-global-color-4)","background-image":"","background-repeat":"repeat","background-position":"center center","background-size":"auto","background-attachment":"scroll","background-type":"","background-media":"","overlay-type":"","overlay-color":"","overlay-opacity":"","overlay-gradient":""},"mobile":{"background-color":"var(--ast-global-color-4)","background-image":"","background-repeat":"repeat","background-position":"center center","background-size":"auto","background-attachment":"scroll","background-type":"","background-media":"","overlay-type":"","overlay-color":"","overlay-opacity":"","overlay-gradient":""}}},"product_brand":[422],"product_cat":[429],"product_tag":[],"class_list":{"0":"post-19769","1":"product","2":"type-product","3":"status-publish","4":"has-post-thumbnail","6":"product_brand-pretty-love","7":"product_cat-vibradores-hi-tech","8":"desktop-align-left","9":"tablet-align-left","10":"mobile-align-left","12":"first","13":"outofstock","14":"shipping-taxable","15":"purchasable","16":"product-type-simple"},"_links":{"self":[{"href":"https:\/\/intimusdream.com\/index.php\/wp-json\/wp\/v2\/product\/19769","targetHints":{"allow":["GET"]}}],"collection":[{"href":"https:\/\/intimusdream.com\/index.php\/wp-json\/wp\/v2\/product"}],"about":[{"href":"https:\/\/intimusdream.com\/index.php\/wp-json\/wp\/v2\/types\/product"}],"replies":[{"embeddable":true,"href":"https:\/\/intimusdream.com\/index.php\/wp-json\/wp\/v2\/comments?post=19769"}],"wp:featuredmedia":[{"embeddable":true,"href":"https:\/\/intimusdream.com\/index.php\/wp-json\/wp\/v2\/media\/19768"}],"wp:attachment":[{"href":"https:\/\/intimusdream.com\/index.php\/wp-json\/wp\/v2\/media?parent=19769"}],"wp:term":[{"taxonomy":"product_brand","embeddable":true,"href":"https:\/\/intimusdream.com\/index.php\/wp-json\/wp\/v2\/product_brand?post=19769"},{"taxonomy":"product_cat","embeddable":true,"href":"https:\/\/intimusdream.com\/index.php\/wp-json\/wp\/v2\/product_cat?post=19769"},{"taxonomy":"product_tag","embeddable":true,"href":"https:\/\/intimusdream.com\/index.php\/wp-json\/wp\/v2\/product_tag?post=19769"}],"curies":[{"name":"wp","href":"https:\/\/api.w.org\/{rel}","templated":true}]}}