{"id":19777,"date":"2025-07-21T13:34:11","date_gmt":"2025-07-21T13:34:11","guid":{"rendered":"https:\/\/intimusdream.com\/index.php\/produto\/pretty-love-sibel-sibel-vibrador-ponto-g-estimulador-de-clitris-10-vibraes-roxo\/"},"modified":"2026-01-09T15:13:50","modified_gmt":"2026-01-09T15:13:50","slug":"pretty-love-sibel-sibel-vibrador-ponto-g-estimulador-de-clitris-10-vibraes-roxo","status":"publish","type":"product","link":"https:\/\/intimusdream.com\/index.php\/produto\/pretty-love-sibel-sibel-vibrador-ponto-g-estimulador-de-clitris-10-vibraes-roxo\/","title":{"rendered":"PRETTY LOVE &#8211; SIBEL SIBEL VIBRADOR PONTO G + ESTIMULADOR DE CLIT\u00d3RIS 10 VIBRA\u00c7\u00d5ES ROXO"},"content":{"rendered":"<p><strong>AMOR BONITO BI-300098<\/strong><br \/>\nFeito de silicone de grau m\u00e9dico, este lindo massageador possui 10 fun\u00e7\u00f5es de vibra\u00e7\u00e3o e 10 fun\u00e7\u00f5es de toque. Ele \u00e9 idealmente projetado para lhe proporcionar a estimula\u00e7\u00e3o dupla definitiva. A boca envolver\u00e1 perfeitamente sua p\u00e9rola preciosa enquanto o eixo lhe trar\u00e1 vibra\u00e7\u00f5es poderosas. Com um cabo USB port\u00e1til, ele pode ser usado convenientemente em qualquer lugar.<\/p>\n<p><strong><u>CARACTER\u00cdSTICAS<\/u>\u00a0:<\/strong><\/p>\n<ul>\n<li>Fun\u00e7\u00e3o: 10 fun\u00e7\u00f5es de vibra\u00e7\u00e3o 10 fun\u00e7\u00f5es de toque<\/li>\n<li>Material: Silicone<\/li>\n<li>Pot\u00eancia: USB recarreg\u00e1vel<\/li>\n<\/ul>\n<p>&nbsp;<\/p>\n","protected":false},"excerpt":{"rendered":"<p>AMOR BONITO BI-300098 Feito de silicone de grau m\u00e9dico, este lindo massageador possui 10 fun\u00e7\u00f5es de vibra\u00e7\u00e3o e 10 fun\u00e7\u00f5es [&hellip;]<\/p>\n","protected":false},"featured_media":19776,"comment_status":"open","ping_status":"closed","template":"","meta":{"site-sidebar-layout":"default","site-content-layout":"","ast-site-content-layout":"default","site-content-style":"default","site-sidebar-style":"default","ast-global-header-display":"","ast-banner-title-visibility":"","ast-main-header-display":"","ast-hfb-above-header-display":"","ast-hfb-below-header-display":"","ast-hfb-mobile-header-display":"","site-post-title":"","ast-breadcrumbs-content":"","ast-featured-img":"","footer-sml-layout":"","theme-transparent-header-meta":"default","adv-header-id-meta":"","stick-header-meta":"","header-above-stick-meta":"","header-main-stick-meta":"","header-below-stick-meta":"","astra-migrate-meta-layouts":"set","ast-page-background-enabled":"default","ast-page-background-meta":{"desktop":{"background-color":"var(--ast-global-color-5)","background-image":"","background-repeat":"repeat","background-position":"center center","background-size":"auto","background-attachment":"scroll","background-type":"","background-media":"","overlay-type":"","overlay-color":"","overlay-opacity":"","overlay-gradient":""},"tablet":{"background-color":"","background-image":"","background-repeat":"repeat","background-position":"center center","background-size":"auto","background-attachment":"scroll","background-type":"","background-media":"","overlay-type":"","overlay-color":"","overlay-opacity":"","overlay-gradient":""},"mobile":{"background-color":"","background-image":"","background-repeat":"repeat","background-position":"center center","background-size":"auto","background-attachment":"scroll","background-type":"","background-media":"","overlay-type":"","overlay-color":"","overlay-opacity":"","overlay-gradient":""}},"ast-content-background-meta":{"desktop":{"background-color":"var(--ast-global-color-4)","background-image":"","background-repeat":"repeat","background-position":"center center","background-size":"auto","background-attachment":"scroll","background-type":"","background-media":"","overlay-type":"","overlay-color":"","overlay-opacity":"","overlay-gradient":""},"tablet":{"background-color":"var(--ast-global-color-4)","background-image":"","background-repeat":"repeat","background-position":"center center","background-size":"auto","background-attachment":"scroll","background-type":"","background-media":"","overlay-type":"","overlay-color":"","overlay-opacity":"","overlay-gradient":""},"mobile":{"background-color":"var(--ast-global-color-4)","background-image":"","background-repeat":"repeat","background-position":"center center","background-size":"auto","background-attachment":"scroll","background-type":"","background-media":"","overlay-type":"","overlay-color":"","overlay-opacity":"","overlay-gradient":""}}},"product_brand":[422],"product_cat":[419,429],"product_tag":[],"class_list":{"0":"post-19777","1":"product","2":"type-product","3":"status-publish","4":"has-post-thumbnail","6":"product_brand-pretty-love","7":"product_cat-outlet","8":"product_cat-vibradores-hi-tech","9":"desktop-align-left","10":"tablet-align-left","11":"mobile-align-left","13":"first","14":"instock","15":"shipping-taxable","16":"purchasable","17":"product-type-simple"},"_links":{"self":[{"href":"https:\/\/intimusdream.com\/index.php\/wp-json\/wp\/v2\/product\/19777","targetHints":{"allow":["GET"]}}],"collection":[{"href":"https:\/\/intimusdream.com\/index.php\/wp-json\/wp\/v2\/product"}],"about":[{"href":"https:\/\/intimusdream.com\/index.php\/wp-json\/wp\/v2\/types\/product"}],"replies":[{"embeddable":true,"href":"https:\/\/intimusdream.com\/index.php\/wp-json\/wp\/v2\/comments?post=19777"}],"wp:featuredmedia":[{"embeddable":true,"href":"https:\/\/intimusdream.com\/index.php\/wp-json\/wp\/v2\/media\/19776"}],"wp:attachment":[{"href":"https:\/\/intimusdream.com\/index.php\/wp-json\/wp\/v2\/media?parent=19777"}],"wp:term":[{"taxonomy":"product_brand","embeddable":true,"href":"https:\/\/intimusdream.com\/index.php\/wp-json\/wp\/v2\/product_brand?post=19777"},{"taxonomy":"product_cat","embeddable":true,"href":"https:\/\/intimusdream.com\/index.php\/wp-json\/wp\/v2\/product_cat?post=19777"},{"taxonomy":"product_tag","embeddable":true,"href":"https:\/\/intimusdream.com\/index.php\/wp-json\/wp\/v2\/product_tag?post=19777"}],"curies":[{"name":"wp","href":"https:\/\/api.w.org\/{rel}","templated":true}]}}