{"id":19795,"date":"2025-07-21T13:34:16","date_gmt":"2025-07-21T13:34:16","guid":{"rendered":"https:\/\/intimusdream.com\/index.php\/produto\/baile-vibrador-realista-ano-21-cm-carne\/"},"modified":"2026-01-09T15:13:53","modified_gmt":"2026-01-09T15:13:53","slug":"baile-vibrador-realista-ano-21-cm-carne","status":"publish","type":"product","link":"https:\/\/intimusdream.com\/index.php\/produto\/baile-vibrador-realista-ano-21-cm-carne\/","title":{"rendered":"BAILE &#8211; VIBRADOR REALISTA AN\u00c3O 21 CM CARNE"},"content":{"rendered":"<p><strong>BAILE BW-001050R<\/strong><br \/>\nNosso vibrador dildo realista foi projetado para lhe proporcionar uma experi\u00eancia inesquec\u00edvel e realista. Este \u00e9, sem d\u00favida, um super-her\u00f3i entre todos os vibradores dildo de p\u00eanis realistas. Um vibrador dildo grande esculpido e realista para sess\u00f5es de sexo quentes e selvagens sozinho ou com seu parceiro. Satisfa\u00e7\u00e3o carnuda de um eixo forte e venoso. Um vibrador dildo grande altamente recomendado!<\/p>\n<p><u><strong>CARACTER\u00cdSTICAS<\/strong><\/u>\u00a0:<\/p>\n<ul>\n<li>Fun\u00e7\u00e3o: Vibra\u00e7\u00e3o<\/li>\n<li>Material: TPR<\/li>\n<li>Alimenta\u00e7\u00e3o: 2 pilhas AA<\/li>\n<\/ul>\n","protected":false},"excerpt":{"rendered":"<p>BAILE BW-001050R Nosso vibrador dildo realista foi projetado para lhe proporcionar uma experi\u00eancia inesquec\u00edvel e realista. Este \u00e9, sem d\u00favida, [&hellip;]<\/p>\n","protected":false},"featured_media":19794,"comment_status":"open","ping_status":"closed","template":"","meta":{"site-sidebar-layout":"default","site-content-layout":"","ast-site-content-layout":"default","site-content-style":"default","site-sidebar-style":"default","ast-global-header-display":"","ast-banner-title-visibility":"","ast-main-header-display":"","ast-hfb-above-header-display":"","ast-hfb-below-header-display":"","ast-hfb-mobile-header-display":"","site-post-title":"","ast-breadcrumbs-content":"","ast-featured-img":"","footer-sml-layout":"","theme-transparent-header-meta":"default","adv-header-id-meta":"","stick-header-meta":"","header-above-stick-meta":"","header-main-stick-meta":"","header-below-stick-meta":"","astra-migrate-meta-layouts":"set","ast-page-background-enabled":"default","ast-page-background-meta":{"desktop":{"background-color":"var(--ast-global-color-5)","background-image":"","background-repeat":"repeat","background-position":"center center","background-size":"auto","background-attachment":"scroll","background-type":"","background-media":"","overlay-type":"","overlay-color":"","overlay-opacity":"","overlay-gradient":""},"tablet":{"background-color":"","background-image":"","background-repeat":"repeat","background-position":"center center","background-size":"auto","background-attachment":"scroll","background-type":"","background-media":"","overlay-type":"","overlay-color":"","overlay-opacity":"","overlay-gradient":""},"mobile":{"background-color":"","background-image":"","background-repeat":"repeat","background-position":"center center","background-size":"auto","background-attachment":"scroll","background-type":"","background-media":"","overlay-type":"","overlay-color":"","overlay-opacity":"","overlay-gradient":""}},"ast-content-background-meta":{"desktop":{"background-color":"var(--ast-global-color-4)","background-image":"","background-repeat":"repeat","background-position":"center center","background-size":"auto","background-attachment":"scroll","background-type":"","background-media":"","overlay-type":"","overlay-color":"","overlay-opacity":"","overlay-gradient":""},"tablet":{"background-color":"var(--ast-global-color-4)","background-image":"","background-repeat":"repeat","background-position":"center center","background-size":"auto","background-attachment":"scroll","background-type":"","background-media":"","overlay-type":"","overlay-color":"","overlay-opacity":"","overlay-gradient":""},"mobile":{"background-color":"var(--ast-global-color-4)","background-image":"","background-repeat":"repeat","background-position":"center center","background-size":"auto","background-attachment":"scroll","background-type":"","background-media":"","overlay-type":"","overlay-color":"","overlay-opacity":"","overlay-gradient":""}}},"product_brand":[446],"product_cat":[429],"product_tag":[],"class_list":{"0":"post-19795","1":"product","2":"type-product","3":"status-publish","4":"has-post-thumbnail","6":"product_brand-baile","7":"product_cat-vibradores-hi-tech","8":"desktop-align-left","9":"tablet-align-left","10":"mobile-align-left","12":"first","13":"instock","14":"shipping-taxable","15":"purchasable","16":"product-type-simple"},"_links":{"self":[{"href":"https:\/\/intimusdream.com\/index.php\/wp-json\/wp\/v2\/product\/19795","targetHints":{"allow":["GET"]}}],"collection":[{"href":"https:\/\/intimusdream.com\/index.php\/wp-json\/wp\/v2\/product"}],"about":[{"href":"https:\/\/intimusdream.com\/index.php\/wp-json\/wp\/v2\/types\/product"}],"replies":[{"embeddable":true,"href":"https:\/\/intimusdream.com\/index.php\/wp-json\/wp\/v2\/comments?post=19795"}],"wp:featuredmedia":[{"embeddable":true,"href":"https:\/\/intimusdream.com\/index.php\/wp-json\/wp\/v2\/media\/19794"}],"wp:attachment":[{"href":"https:\/\/intimusdream.com\/index.php\/wp-json\/wp\/v2\/media?parent=19795"}],"wp:term":[{"taxonomy":"product_brand","embeddable":true,"href":"https:\/\/intimusdream.com\/index.php\/wp-json\/wp\/v2\/product_brand?post=19795"},{"taxonomy":"product_cat","embeddable":true,"href":"https:\/\/intimusdream.com\/index.php\/wp-json\/wp\/v2\/product_cat?post=19795"},{"taxonomy":"product_tag","embeddable":true,"href":"https:\/\/intimusdream.com\/index.php\/wp-json\/wp\/v2\/product_tag?post=19795"}],"curies":[{"name":"wp","href":"https:\/\/api.w.org\/{rel}","templated":true}]}}