{"id":19809,"date":"2025-07-21T13:34:20","date_gmt":"2025-07-21T13:34:20","guid":{"rendered":"https:\/\/intimusdream.com\/index.php\/produto\/pretty-love-erynnyes-vibrador-ponto-g-estimulador-de-clitris-10-vibraes-rosa\/"},"modified":"2026-01-09T15:13:58","modified_gmt":"2026-01-09T15:13:58","slug":"pretty-love-erynnyes-vibrador-ponto-g-estimulador-de-clitris-10-vibraes-rosa","status":"publish","type":"product","link":"https:\/\/intimusdream.com\/index.php\/produto\/pretty-love-erynnyes-vibrador-ponto-g-estimulador-de-clitris-10-vibraes-rosa\/","title":{"rendered":"PRETTY LOVE &#8211; ERYNNYES VIBRADOR PONTO G + ESTIMULADOR DE CLIT\u00d3RIS 10 VIBRA\u00c7\u00d5ES ROSA"},"content":{"rendered":"<p><strong>LINDO AMOR BI-300104<\/strong><br \/>\nFeito de silicone de grau m\u00e9dico, este lindo massageador possui 10 fun\u00e7\u00f5es de vibra\u00e7\u00e3o e 5 fun\u00e7\u00f5es de lambida. Ele \u00e9 idealmente projetado para lhe proporcionar a m\u00e1xima estimula\u00e7\u00e3o dupla. A pequena l\u00edngua estimular\u00e1 perfeitamente sua preciosa p\u00e9rola enquanto o eixo lhe trar\u00e1 vibra\u00e7\u00f5es poderosas. Com um cabo USB port\u00e1til, ele pode ser usado convenientemente em qualquer lugar.<\/p>\n<p><strong><u>CARACTER\u00cdSTICAS<\/u> :<\/strong><\/p>\n<ul>\n<li>Fun\u00e7\u00e3o: 10 fun\u00e7\u00f5es de vibra\u00e7\u00e3o 5 configura\u00e7\u00f5es de lambida<\/li>\n<li>Material: Silicone<\/li>\n<li>Pot\u00eancia: USB recarreg\u00e1vel<\/li>\n<\/ul>\n<p><img fetchpriority=\"high\" decoding=\"async\" class=\"alignleft size-medium wp-image-19854\" src=\"https:\/\/intimusdream.com\/wp-content\/uploads\/2025\/07\/img_203076_39e834b24f497ef0b3b45b75763253a4_1-300x300.jpg\" alt=\"\" width=\"300\" height=\"300\" srcset=\"https:\/\/intimusdream.com\/wp-content\/uploads\/2025\/07\/img_203076_39e834b24f497ef0b3b45b75763253a4_1-300x300.jpg 300w, https:\/\/intimusdream.com\/wp-content\/uploads\/2025\/07\/img_203076_39e834b24f497ef0b3b45b75763253a4_1-150x150.jpg 150w, https:\/\/intimusdream.com\/wp-content\/uploads\/2025\/07\/img_203076_39e834b24f497ef0b3b45b75763253a4_1-768x768.jpg 768w, https:\/\/intimusdream.com\/wp-content\/uploads\/2025\/07\/img_203076_39e834b24f497ef0b3b45b75763253a4_1-600x600.jpg 600w, https:\/\/intimusdream.com\/wp-content\/uploads\/2025\/07\/img_203076_39e834b24f497ef0b3b45b75763253a4_1-100x100.jpg 100w, https:\/\/intimusdream.com\/wp-content\/uploads\/2025\/07\/img_203076_39e834b24f497ef0b3b45b75763253a4_1.jpg 900w\" sizes=\"(max-width: 300px) 100vw, 300px\" \/> <img decoding=\"async\" class=\"alignleft size-medium wp-image-19855\" src=\"https:\/\/intimusdream.com\/wp-content\/uploads\/2025\/07\/img_203077_ced59447eb2beab1eaf121953ffed605_1-300x300.jpg\" alt=\"\" width=\"300\" height=\"300\" srcset=\"https:\/\/intimusdream.com\/wp-content\/uploads\/2025\/07\/img_203077_ced59447eb2beab1eaf121953ffed605_1-300x300.jpg 300w, https:\/\/intimusdream.com\/wp-content\/uploads\/2025\/07\/img_203077_ced59447eb2beab1eaf121953ffed605_1-150x150.jpg 150w, https:\/\/intimusdream.com\/wp-content\/uploads\/2025\/07\/img_203077_ced59447eb2beab1eaf121953ffed605_1-768x768.jpg 768w, https:\/\/intimusdream.com\/wp-content\/uploads\/2025\/07\/img_203077_ced59447eb2beab1eaf121953ffed605_1-600x600.jpg 600w, https:\/\/intimusdream.com\/wp-content\/uploads\/2025\/07\/img_203077_ced59447eb2beab1eaf121953ffed605_1-100x100.jpg 100w, https:\/\/intimusdream.com\/wp-content\/uploads\/2025\/07\/img_203077_ced59447eb2beab1eaf121953ffed605_1.jpg 900w\" sizes=\"(max-width: 300px) 100vw, 300px\" \/> <img decoding=\"async\" class=\"alignleft size-medium wp-image-19856\" src=\"https:\/\/intimusdream.com\/wp-content\/uploads\/2025\/07\/img_203078_24ff97d3211e052b13f644d6c54253d2_1-300x300.jpg\" alt=\"\" width=\"300\" height=\"300\" srcset=\"https:\/\/intimusdream.com\/wp-content\/uploads\/2025\/07\/img_203078_24ff97d3211e052b13f644d6c54253d2_1-300x300.jpg 300w, https:\/\/intimusdream.com\/wp-content\/uploads\/2025\/07\/img_203078_24ff97d3211e052b13f644d6c54253d2_1-150x150.jpg 150w, https:\/\/intimusdream.com\/wp-content\/uploads\/2025\/07\/img_203078_24ff97d3211e052b13f644d6c54253d2_1-768x768.jpg 768w, https:\/\/intimusdream.com\/wp-content\/uploads\/2025\/07\/img_203078_24ff97d3211e052b13f644d6c54253d2_1-600x600.jpg 600w, https:\/\/intimusdream.com\/wp-content\/uploads\/2025\/07\/img_203078_24ff97d3211e052b13f644d6c54253d2_1-100x100.jpg 100w, https:\/\/intimusdream.com\/wp-content\/uploads\/2025\/07\/img_203078_24ff97d3211e052b13f644d6c54253d2_1.jpg 900w\" sizes=\"(max-width: 300px) 100vw, 300px\" \/> <img loading=\"lazy\" decoding=\"async\" class=\"alignleft size-medium wp-image-19857\" src=\"https:\/\/intimusdream.com\/wp-content\/uploads\/2025\/07\/img_203079_39b07278f99fc43127def2131d9c93d1_1-300x300.jpg\" alt=\"\" width=\"300\" height=\"300\" srcset=\"https:\/\/intimusdream.com\/wp-content\/uploads\/2025\/07\/img_203079_39b07278f99fc43127def2131d9c93d1_1-300x300.jpg 300w, https:\/\/intimusdream.com\/wp-content\/uploads\/2025\/07\/img_203079_39b07278f99fc43127def2131d9c93d1_1-150x150.jpg 150w, https:\/\/intimusdream.com\/wp-content\/uploads\/2025\/07\/img_203079_39b07278f99fc43127def2131d9c93d1_1-768x768.jpg 768w, https:\/\/intimusdream.com\/wp-content\/uploads\/2025\/07\/img_203079_39b07278f99fc43127def2131d9c93d1_1-600x600.jpg 600w, https:\/\/intimusdream.com\/wp-content\/uploads\/2025\/07\/img_203079_39b07278f99fc43127def2131d9c93d1_1-100x100.jpg 100w, https:\/\/intimusdream.com\/wp-content\/uploads\/2025\/07\/img_203079_39b07278f99fc43127def2131d9c93d1_1.jpg 900w\" sizes=\"(max-width: 300px) 100vw, 300px\" \/> <img loading=\"lazy\" decoding=\"async\" class=\"alignleft size-medium wp-image-19858\" src=\"https:\/\/intimusdream.com\/wp-content\/uploads\/2025\/07\/img_203080_2ed20d9ecf499f9e6d3ebff16a841f4e_1-300x300.jpg\" alt=\"\" width=\"300\" height=\"300\" srcset=\"https:\/\/intimusdream.com\/wp-content\/uploads\/2025\/07\/img_203080_2ed20d9ecf499f9e6d3ebff16a841f4e_1-300x300.jpg 300w, https:\/\/intimusdream.com\/wp-content\/uploads\/2025\/07\/img_203080_2ed20d9ecf499f9e6d3ebff16a841f4e_1-150x150.jpg 150w, https:\/\/intimusdream.com\/wp-content\/uploads\/2025\/07\/img_203080_2ed20d9ecf499f9e6d3ebff16a841f4e_1-768x768.jpg 768w, https:\/\/intimusdream.com\/wp-content\/uploads\/2025\/07\/img_203080_2ed20d9ecf499f9e6d3ebff16a841f4e_1-600x600.jpg 600w, https:\/\/intimusdream.com\/wp-content\/uploads\/2025\/07\/img_203080_2ed20d9ecf499f9e6d3ebff16a841f4e_1-100x100.jpg 100w, https:\/\/intimusdream.com\/wp-content\/uploads\/2025\/07\/img_203080_2ed20d9ecf499f9e6d3ebff16a841f4e_1.jpg 900w\" sizes=\"(max-width: 300px) 100vw, 300px\" \/> <img loading=\"lazy\" decoding=\"async\" class=\"alignleft size-medium wp-image-19859\" src=\"https:\/\/intimusdream.com\/wp-content\/uploads\/2025\/07\/img_203081_10fd7a32664741bdd5da23fbed06f5fc_1-300x300.jpg\" alt=\"\" width=\"300\" height=\"300\" srcset=\"https:\/\/intimusdream.com\/wp-content\/uploads\/2025\/07\/img_203081_10fd7a32664741bdd5da23fbed06f5fc_1-300x300.jpg 300w, https:\/\/intimusdream.com\/wp-content\/uploads\/2025\/07\/img_203081_10fd7a32664741bdd5da23fbed06f5fc_1-150x150.jpg 150w, https:\/\/intimusdream.com\/wp-content\/uploads\/2025\/07\/img_203081_10fd7a32664741bdd5da23fbed06f5fc_1-768x768.jpg 768w, https:\/\/intimusdream.com\/wp-content\/uploads\/2025\/07\/img_203081_10fd7a32664741bdd5da23fbed06f5fc_1-600x600.jpg 600w, https:\/\/intimusdream.com\/wp-content\/uploads\/2025\/07\/img_203081_10fd7a32664741bdd5da23fbed06f5fc_1-100x100.jpg 100w, https:\/\/intimusdream.com\/wp-content\/uploads\/2025\/07\/img_203081_10fd7a32664741bdd5da23fbed06f5fc_1.jpg 900w\" sizes=\"(max-width: 300px) 100vw, 300px\" \/> <img loading=\"lazy\" decoding=\"async\" class=\"alignleft size-medium wp-image-19861\" src=\"https:\/\/intimusdream.com\/wp-content\/uploads\/2025\/07\/img_203082_4e4a452097ddf5f75de2269645e07b0b_1-300x300.jpg\" alt=\"\" width=\"300\" height=\"300\" srcset=\"https:\/\/intimusdream.com\/wp-content\/uploads\/2025\/07\/img_203082_4e4a452097ddf5f75de2269645e07b0b_1-300x300.jpg 300w, https:\/\/intimusdream.com\/wp-content\/uploads\/2025\/07\/img_203082_4e4a452097ddf5f75de2269645e07b0b_1-150x150.jpg 150w, https:\/\/intimusdream.com\/wp-content\/uploads\/2025\/07\/img_203082_4e4a452097ddf5f75de2269645e07b0b_1-768x768.jpg 768w, https:\/\/intimusdream.com\/wp-content\/uploads\/2025\/07\/img_203082_4e4a452097ddf5f75de2269645e07b0b_1-600x600.jpg 600w, https:\/\/intimusdream.com\/wp-content\/uploads\/2025\/07\/img_203082_4e4a452097ddf5f75de2269645e07b0b_1-100x100.jpg 100w, https:\/\/intimusdream.com\/wp-content\/uploads\/2025\/07\/img_203082_4e4a452097ddf5f75de2269645e07b0b_1.jpg 900w\" sizes=\"(max-width: 300px) 100vw, 300px\" \/> <img loading=\"lazy\" decoding=\"async\" class=\"alignleft size-medium wp-image-19862\" src=\"https:\/\/intimusdream.com\/wp-content\/uploads\/2025\/07\/img_203083_6d72a0541ac63469133dae4b28886ad2_1-300x300.jpg\" alt=\"\" width=\"300\" height=\"300\" srcset=\"https:\/\/intimusdream.com\/wp-content\/uploads\/2025\/07\/img_203083_6d72a0541ac63469133dae4b28886ad2_1-300x300.jpg 300w, https:\/\/intimusdream.com\/wp-content\/uploads\/2025\/07\/img_203083_6d72a0541ac63469133dae4b28886ad2_1-150x150.jpg 150w, https:\/\/intimusdream.com\/wp-content\/uploads\/2025\/07\/img_203083_6d72a0541ac63469133dae4b28886ad2_1-768x768.jpg 768w, https:\/\/intimusdream.com\/wp-content\/uploads\/2025\/07\/img_203083_6d72a0541ac63469133dae4b28886ad2_1-600x600.jpg 600w, https:\/\/intimusdream.com\/wp-content\/uploads\/2025\/07\/img_203083_6d72a0541ac63469133dae4b28886ad2_1-100x100.jpg 100w, https:\/\/intimusdream.com\/wp-content\/uploads\/2025\/07\/img_203083_6d72a0541ac63469133dae4b28886ad2_1.jpg 900w\" sizes=\"(max-width: 300px) 100vw, 300px\" \/> <img loading=\"lazy\" decoding=\"async\" class=\"alignleft size-medium wp-image-19863\" src=\"https:\/\/intimusdream.com\/wp-content\/uploads\/2025\/07\/img_203084_e9f9563077436a9a5bbd40fbce1d0472_1-1-300x300.jpg\" alt=\"\" width=\"300\" height=\"300\" srcset=\"https:\/\/intimusdream.com\/wp-content\/uploads\/2025\/07\/img_203084_e9f9563077436a9a5bbd40fbce1d0472_1-1-300x300.jpg 300w, https:\/\/intimusdream.com\/wp-content\/uploads\/2025\/07\/img_203084_e9f9563077436a9a5bbd40fbce1d0472_1-1-150x150.jpg 150w, https:\/\/intimusdream.com\/wp-content\/uploads\/2025\/07\/img_203084_e9f9563077436a9a5bbd40fbce1d0472_1-1-768x768.jpg 768w, https:\/\/intimusdream.com\/wp-content\/uploads\/2025\/07\/img_203084_e9f9563077436a9a5bbd40fbce1d0472_1-1-600x600.jpg 600w, https:\/\/intimusdream.com\/wp-content\/uploads\/2025\/07\/img_203084_e9f9563077436a9a5bbd40fbce1d0472_1-1-100x100.jpg 100w, https:\/\/intimusdream.com\/wp-content\/uploads\/2025\/07\/img_203084_e9f9563077436a9a5bbd40fbce1d0472_1-1.jpg 900w\" sizes=\"(max-width: 300px) 100vw, 300px\" \/> <img loading=\"lazy\" decoding=\"async\" class=\"alignleft size-medium wp-image-19864\" src=\"https:\/\/intimusdream.com\/wp-content\/uploads\/2025\/07\/img_203085_87c6df5878fc4401340b076ca7296b9a_1-300x300.jpg\" alt=\"\" width=\"300\" height=\"300\" srcset=\"https:\/\/intimusdream.com\/wp-content\/uploads\/2025\/07\/img_203085_87c6df5878fc4401340b076ca7296b9a_1-300x300.jpg 300w, https:\/\/intimusdream.com\/wp-content\/uploads\/2025\/07\/img_203085_87c6df5878fc4401340b076ca7296b9a_1-150x150.jpg 150w, https:\/\/intimusdream.com\/wp-content\/uploads\/2025\/07\/img_203085_87c6df5878fc4401340b076ca7296b9a_1-768x768.jpg 768w, https:\/\/intimusdream.com\/wp-content\/uploads\/2025\/07\/img_203085_87c6df5878fc4401340b076ca7296b9a_1-600x600.jpg 600w, https:\/\/intimusdream.com\/wp-content\/uploads\/2025\/07\/img_203085_87c6df5878fc4401340b076ca7296b9a_1-100x100.jpg 100w, https:\/\/intimusdream.com\/wp-content\/uploads\/2025\/07\/img_203085_87c6df5878fc4401340b076ca7296b9a_1.jpg 900w\" sizes=\"(max-width: 300px) 100vw, 300px\" \/><\/p>\n","protected":false},"excerpt":{"rendered":"<p>LINDO AMOR BI-300104 Feito de silicone de grau m\u00e9dico, este lindo massageador possui 10 fun\u00e7\u00f5es de vibra\u00e7\u00e3o e 5 fun\u00e7\u00f5es [&hellip;]<\/p>\n","protected":false},"featured_media":19808,"comment_status":"open","ping_status":"closed","template":"","meta":{"site-sidebar-layout":"default","site-content-layout":"","ast-site-content-layout":"default","site-content-style":"default","site-sidebar-style":"default","ast-global-header-display":"","ast-banner-title-visibility":"","ast-main-header-display":"","ast-hfb-above-header-display":"","ast-hfb-below-header-display":"","ast-hfb-mobile-header-display":"","site-post-title":"","ast-breadcrumbs-content":"","ast-featured-img":"","footer-sml-layout":"","theme-transparent-header-meta":"default","adv-header-id-meta":"","stick-header-meta":"","header-above-stick-meta":"","header-main-stick-meta":"","header-below-stick-meta":"","astra-migrate-meta-layouts":"set","ast-page-background-enabled":"default","ast-page-background-meta":{"desktop":{"background-color":"var(--ast-global-color-5)","background-image":"","background-repeat":"repeat","background-position":"center center","background-size":"auto","background-attachment":"scroll","background-type":"","background-media":"","overlay-type":"","overlay-color":"","overlay-opacity":"","overlay-gradient":""},"tablet":{"background-color":"","background-image":"","background-repeat":"repeat","background-position":"center center","background-size":"auto","background-attachment":"scroll","background-type":"","background-media":"","overlay-type":"","overlay-color":"","overlay-opacity":"","overlay-gradient":""},"mobile":{"background-color":"","background-image":"","background-repeat":"repeat","background-position":"center center","background-size":"auto","background-attachment":"scroll","background-type":"","background-media":"","overlay-type":"","overlay-color":"","overlay-opacity":"","overlay-gradient":""}},"ast-content-background-meta":{"desktop":{"background-color":"var(--ast-global-color-4)","background-image":"","background-repeat":"repeat","background-position":"center center","background-size":"auto","background-attachment":"scroll","background-type":"","background-media":"","overlay-type":"","overlay-color":"","overlay-opacity":"","overlay-gradient":""},"tablet":{"background-color":"var(--ast-global-color-4)","background-image":"","background-repeat":"repeat","background-position":"center center","background-size":"auto","background-attachment":"scroll","background-type":"","background-media":"","overlay-type":"","overlay-color":"","overlay-opacity":"","overlay-gradient":""},"mobile":{"background-color":"var(--ast-global-color-4)","background-image":"","background-repeat":"repeat","background-position":"center center","background-size":"auto","background-attachment":"scroll","background-type":"","background-media":"","overlay-type":"","overlay-color":"","overlay-opacity":"","overlay-gradient":""}}},"product_brand":[421],"product_cat":[429],"product_tag":[],"class_list":{"0":"post-19809","1":"product","2":"type-product","3":"status-publish","4":"has-post-thumbnail","6":"product_brand-pretty-love-smart","7":"product_cat-vibradores-hi-tech","8":"desktop-align-left","9":"tablet-align-left","10":"mobile-align-left","12":"first","13":"instock","14":"shipping-taxable","15":"purchasable","16":"product-type-simple"},"_links":{"self":[{"href":"https:\/\/intimusdream.com\/index.php\/wp-json\/wp\/v2\/product\/19809","targetHints":{"allow":["GET"]}}],"collection":[{"href":"https:\/\/intimusdream.com\/index.php\/wp-json\/wp\/v2\/product"}],"about":[{"href":"https:\/\/intimusdream.com\/index.php\/wp-json\/wp\/v2\/types\/product"}],"replies":[{"embeddable":true,"href":"https:\/\/intimusdream.com\/index.php\/wp-json\/wp\/v2\/comments?post=19809"}],"wp:featuredmedia":[{"embeddable":true,"href":"https:\/\/intimusdream.com\/index.php\/wp-json\/wp\/v2\/media\/19808"}],"wp:attachment":[{"href":"https:\/\/intimusdream.com\/index.php\/wp-json\/wp\/v2\/media?parent=19809"}],"wp:term":[{"taxonomy":"product_brand","embeddable":true,"href":"https:\/\/intimusdream.com\/index.php\/wp-json\/wp\/v2\/product_brand?post=19809"},{"taxonomy":"product_cat","embeddable":true,"href":"https:\/\/intimusdream.com\/index.php\/wp-json\/wp\/v2\/product_cat?post=19809"},{"taxonomy":"product_tag","embeddable":true,"href":"https:\/\/intimusdream.com\/index.php\/wp-json\/wp\/v2\/product_tag?post=19809"}],"curies":[{"name":"wp","href":"https:\/\/api.w.org\/{rel}","templated":true}]}}