{"id":19815,"date":"2025-07-21T13:34:22","date_gmt":"2025-07-21T13:34:22","guid":{"rendered":"https:\/\/intimusdream.com\/index.php\/produto\/fetish-fantasy-series-hanky-spank-me-vibrando-cala\/"},"modified":"2026-01-09T15:14:02","modified_gmt":"2026-01-09T15:14:02","slug":"fetish-fantasy-series-hanky-spank-me-vibrando-cala","status":"publish","type":"product","link":"https:\/\/intimusdream.com\/index.php\/produto\/fetish-fantasy-series-hanky-spank-me-vibrando-cala\/","title":{"rendered":"FETISH FANTASY SERIES -HANKY SPANK ME VIBRANDO CALA"},"content":{"rendered":"<p>Voc\u00ea consegue guardar segredo? Escondida discretamente dentro desta sexy tanga de renda de cintura baixa est\u00e1 uma micro bala escondida projetada para abalar o seu mundo!<\/p>\n<p>O c\u00f3s macio e el\u00e1stico \u00e9 t\u00e3o confort\u00e1vel que voc\u00ea vai esquecer que est\u00e1 usando calcinha &#8211; at\u00e9 ligar o microestimulador secreto. Com o apertar de um bot\u00e3o, o motor silencioso ganha vida e fornece estimula\u00e7\u00e3o direta onde voc\u00ea mais deseja.<\/p>\n<p>O melhor de tudo \u00e9 que ningu\u00e9m jamais saber\u00e1 por que voc\u00ea est\u00e1 sorrindo tanto!<\/p>\n<p><span style=\"color: #000000; font-family: Questrial, sans-serif; font-size: 12px; line-height: 15px;\">Requer 3 baterias LR44 \/ AG13 (1,5V) (n\u00e3o inclu\u00eddas)<\/span><\/p>\n","protected":false},"excerpt":{"rendered":"<p>Voc\u00ea consegue guardar segredo? Escondida discretamente dentro desta sexy tanga de renda de cintura baixa est\u00e1 uma micro bala escondida [&hellip;]<\/p>\n","protected":false},"featured_media":19814,"comment_status":"open","ping_status":"closed","template":"","meta":{"site-sidebar-layout":"default","site-content-layout":"","ast-site-content-layout":"default","site-content-style":"default","site-sidebar-style":"default","ast-global-header-display":"","ast-banner-title-visibility":"","ast-main-header-display":"","ast-hfb-above-header-display":"","ast-hfb-below-header-display":"","ast-hfb-mobile-header-display":"","site-post-title":"","ast-breadcrumbs-content":"","ast-featured-img":"","footer-sml-layout":"","theme-transparent-header-meta":"default","adv-header-id-meta":"","stick-header-meta":"","header-above-stick-meta":"","header-main-stick-meta":"","header-below-stick-meta":"","astra-migrate-meta-layouts":"set","ast-page-background-enabled":"default","ast-page-background-meta":{"desktop":{"background-color":"var(--ast-global-color-5)","background-image":"","background-repeat":"repeat","background-position":"center center","background-size":"auto","background-attachment":"scroll","background-type":"","background-media":"","overlay-type":"","overlay-color":"","overlay-opacity":"","overlay-gradient":""},"tablet":{"background-color":"","background-image":"","background-repeat":"repeat","background-position":"center center","background-size":"auto","background-attachment":"scroll","background-type":"","background-media":"","overlay-type":"","overlay-color":"","overlay-opacity":"","overlay-gradient":""},"mobile":{"background-color":"","background-image":"","background-repeat":"repeat","background-position":"center center","background-size":"auto","background-attachment":"scroll","background-type":"","background-media":"","overlay-type":"","overlay-color":"","overlay-opacity":"","overlay-gradient":""}},"ast-content-background-meta":{"desktop":{"background-color":"var(--ast-global-color-4)","background-image":"","background-repeat":"repeat","background-position":"center center","background-size":"auto","background-attachment":"scroll","background-type":"","background-media":"","overlay-type":"","overlay-color":"","overlay-opacity":"","overlay-gradient":""},"tablet":{"background-color":"var(--ast-global-color-4)","background-image":"","background-repeat":"repeat","background-position":"center center","background-size":"auto","background-attachment":"scroll","background-type":"","background-media":"","overlay-type":"","overlay-color":"","overlay-opacity":"","overlay-gradient":""},"mobile":{"background-color":"var(--ast-global-color-4)","background-image":"","background-repeat":"repeat","background-position":"center center","background-size":"auto","background-attachment":"scroll","background-type":"","background-media":"","overlay-type":"","overlay-color":"","overlay-opacity":"","overlay-gradient":""}}},"product_brand":[447],"product_cat":[429],"product_tag":[],"class_list":{"0":"post-19815","1":"product","2":"type-product","3":"status-publish","4":"has-post-thumbnail","6":"product_brand-fetish-fantasy-series","7":"product_cat-vibradores-hi-tech","8":"desktop-align-left","9":"tablet-align-left","10":"mobile-align-left","12":"first","13":"instock","14":"featured","15":"shipping-taxable","16":"purchasable","17":"product-type-simple"},"_links":{"self":[{"href":"https:\/\/intimusdream.com\/index.php\/wp-json\/wp\/v2\/product\/19815","targetHints":{"allow":["GET"]}}],"collection":[{"href":"https:\/\/intimusdream.com\/index.php\/wp-json\/wp\/v2\/product"}],"about":[{"href":"https:\/\/intimusdream.com\/index.php\/wp-json\/wp\/v2\/types\/product"}],"replies":[{"embeddable":true,"href":"https:\/\/intimusdream.com\/index.php\/wp-json\/wp\/v2\/comments?post=19815"}],"wp:featuredmedia":[{"embeddable":true,"href":"https:\/\/intimusdream.com\/index.php\/wp-json\/wp\/v2\/media\/19814"}],"wp:attachment":[{"href":"https:\/\/intimusdream.com\/index.php\/wp-json\/wp\/v2\/media?parent=19815"}],"wp:term":[{"taxonomy":"product_brand","embeddable":true,"href":"https:\/\/intimusdream.com\/index.php\/wp-json\/wp\/v2\/product_brand?post=19815"},{"taxonomy":"product_cat","embeddable":true,"href":"https:\/\/intimusdream.com\/index.php\/wp-json\/wp\/v2\/product_cat?post=19815"},{"taxonomy":"product_tag","embeddable":true,"href":"https:\/\/intimusdream.com\/index.php\/wp-json\/wp\/v2\/product_tag?post=19815"}],"curies":[{"name":"wp","href":"https:\/\/api.w.org\/{rel}","templated":true}]}}