{"id":20598,"date":"2025-11-17T15:49:26","date_gmt":"2025-11-17T15:49:26","guid":{"rendered":"https:\/\/intimusdream.com\/index.php\/produto\/rocks-off-bala-vibratria-recarregvel-poppy-vermelha\/"},"modified":"2026-01-09T15:14:01","modified_gmt":"2026-01-09T15:14:01","slug":"rocks-off-bala-vibratria-recarregvel-poppy-vermelha","status":"publish","type":"product","link":"https:\/\/intimusdream.com\/index.php\/produto\/rocks-off-bala-vibratria-recarregvel-poppy-vermelha\/","title":{"rendered":"ROCKS-OFF &#8211; BALA VIBRAT\u00d3RIA RECARREG\u00c1VEL POPPY VERMELHA"},"content":{"rendered":"<p><strong>Luxo, discri\u00e7\u00e3o e poder na ponta dos seus dedos.<\/strong><\/p>\n<p>Descubra uma nova dimens\u00e3o de prazer com o Bala Vibrat\u00f3ria Recarreg\u00e1vel\u00a0<strong>Rocks-Off<\/strong>\u00a0, um estimulador compacto e elegante, projetado para proporcionar sensa\u00e7\u00f5es intensas com um toque de sofistica\u00e7\u00e3o. Esta requintada bala vermelha combina est\u00e9tica refinada com desempenho potente, ideal para quem busca uma experi\u00eancia sensual sem complica\u00e7\u00f5es.<\/p>\n<p>Projetado para um prazer preciso e direcionado, sua ponta precisa estimula diretamente suas zonas er\u00f3genas favoritas, enquanto sua superf\u00edcie macia proporciona uma sensa\u00e7\u00e3o sedosa na pele. Seja para brincar sozinho ou como acompanhante de um parceiro, este vibrador \u00e9 o seu companheiro perfeito para qualquer momento. Com 16 fun\u00e7\u00f5es de vibra\u00e7\u00e3o ultrapoderosas, de pulsa\u00e7\u00f5es suaves a ritmos intensos, voc\u00ea pode personalizar cada sess\u00e3o de acordo com seu humor ou n\u00edvel de excita\u00e7\u00e3o. Seu motor silencioso garante discri\u00e7\u00e3o absoluta, sem comprometer a pot\u00eancia.<\/p>\n<p>O carregamento magn\u00e9tico USB o mant\u00e9m sempre pronto sem a necessidade de pilhas, e sua resist\u00eancia \u00e0 \u00e1gua com certifica\u00e7\u00e3o IPX7 permite que voc\u00ea o use com confian\u00e7a no chuveiro ou na banheira. Al\u00e9m disso, seu tamanho compacto, que cabe no bolso, o torna o companheiro ideal para levar em qualquer lugar ou ter sempre \u00e0 m\u00e3o.<\/p>\n<p>&nbsp;<\/p>\n<p><strong><u>CARACTER\u00cdSTICAS<\/u><\/strong>\u00a0:<\/p>\n<ul>\n<li>Recarreg\u00e1vel via USB magn\u00e9tico<\/li>\n<li>\u00c0 prova d&#8217;\u00e1gua (IPX7): ideal para brincadeiras na \u00e1gua<\/li>\n<li>16 fun\u00e7\u00f5es de vibra\u00e7\u00e3o: uma variedade de intensidades e ritmos<\/li>\n<li>Ponta de precis\u00e3o para estimula\u00e7\u00e3o direcionada<\/li>\n<li>Superf\u00edcie lisa e elegante<\/li>\n<li>Motor potente e silencioso<\/li>\n<li>Design discreto e de bolso<\/li>\n<li>Tempo de carregamento: 70 minutos \/ Tempo de carregamento: 1 hora Tempo de uso: at\u00e9 45 minutos<\/li>\n<\/ul>\n<p>Viva uma experi\u00eancia sensual onde design e funcionalidade se unem. A bala vibrat\u00f3ria\u00a0<strong>Rocks-Off<\/strong>\u00a0n\u00e3o s\u00f3 atende \u00e0s suas expectativas&#8230; como as supera.<\/p>\n","protected":false},"excerpt":{"rendered":"<p>Luxo, discri\u00e7\u00e3o e poder na ponta dos seus dedos. Descubra uma nova dimens\u00e3o de prazer com o Bala Vibrat\u00f3ria Recarreg\u00e1vel\u00a0Rocks-Off\u00a0, [&hellip;]<\/p>\n","protected":false},"featured_media":20597,"comment_status":"open","ping_status":"closed","template":"","meta":{"site-sidebar-layout":"default","site-content-layout":"","ast-site-content-layout":"default","site-content-style":"default","site-sidebar-style":"default","ast-global-header-display":"","ast-banner-title-visibility":"","ast-main-header-display":"","ast-hfb-above-header-display":"","ast-hfb-below-header-display":"","ast-hfb-mobile-header-display":"","site-post-title":"","ast-breadcrumbs-content":"","ast-featured-img":"","footer-sml-layout":"","theme-transparent-header-meta":"default","adv-header-id-meta":"","stick-header-meta":"","header-above-stick-meta":"","header-main-stick-meta":"","header-below-stick-meta":"","astra-migrate-meta-layouts":"set","ast-page-background-enabled":"default","ast-page-background-meta":{"desktop":{"background-color":"var(--ast-global-color-5)","background-image":"","background-repeat":"repeat","background-position":"center center","background-size":"auto","background-attachment":"scroll","background-type":"","background-media":"","overlay-type":"","overlay-color":"","overlay-opacity":"","overlay-gradient":""},"tablet":{"background-color":"","background-image":"","background-repeat":"repeat","background-position":"center center","background-size":"auto","background-attachment":"scroll","background-type":"","background-media":"","overlay-type":"","overlay-color":"","overlay-opacity":"","overlay-gradient":""},"mobile":{"background-color":"","background-image":"","background-repeat":"repeat","background-position":"center center","background-size":"auto","background-attachment":"scroll","background-type":"","background-media":"","overlay-type":"","overlay-color":"","overlay-opacity":"","overlay-gradient":""}},"ast-content-background-meta":{"desktop":{"background-color":"var(--ast-global-color-4)","background-image":"","background-repeat":"repeat","background-position":"center center","background-size":"auto","background-attachment":"scroll","background-type":"","background-media":"","overlay-type":"","overlay-color":"","overlay-opacity":"","overlay-gradient":""},"tablet":{"background-color":"var(--ast-global-color-4)","background-image":"","background-repeat":"repeat","background-position":"center center","background-size":"auto","background-attachment":"scroll","background-type":"","background-media":"","overlay-type":"","overlay-color":"","overlay-opacity":"","overlay-gradient":""},"mobile":{"background-color":"var(--ast-global-color-4)","background-image":"","background-repeat":"repeat","background-position":"center center","background-size":"auto","background-attachment":"scroll","background-type":"","background-media":"","overlay-type":"","overlay-color":"","overlay-opacity":"","overlay-gradient":""}}},"product_brand":[131],"product_cat":[385,15,419,368,429],"product_tag":[],"class_list":{"0":"post-20598","1":"product","2":"type-product","3":"status-publish","4":"has-post-thumbnail","6":"product_brand-rocks-off","7":"product_cat-brinquedos-para-mulheres-2","8":"product_cat-sem-categoria","9":"product_cat-outlet","10":"product_cat-vibradores","11":"product_cat-vibradores-hi-tech","12":"desktop-align-left","13":"tablet-align-left","14":"mobile-align-left","16":"first","17":"instock","18":"featured","19":"shipping-taxable","20":"purchasable","21":"product-type-simple"},"_links":{"self":[{"href":"https:\/\/intimusdream.com\/index.php\/wp-json\/wp\/v2\/product\/20598","targetHints":{"allow":["GET"]}}],"collection":[{"href":"https:\/\/intimusdream.com\/index.php\/wp-json\/wp\/v2\/product"}],"about":[{"href":"https:\/\/intimusdream.com\/index.php\/wp-json\/wp\/v2\/types\/product"}],"replies":[{"embeddable":true,"href":"https:\/\/intimusdream.com\/index.php\/wp-json\/wp\/v2\/comments?post=20598"}],"wp:featuredmedia":[{"embeddable":true,"href":"https:\/\/intimusdream.com\/index.php\/wp-json\/wp\/v2\/media\/20597"}],"wp:attachment":[{"href":"https:\/\/intimusdream.com\/index.php\/wp-json\/wp\/v2\/media?parent=20598"}],"wp:term":[{"taxonomy":"product_brand","embeddable":true,"href":"https:\/\/intimusdream.com\/index.php\/wp-json\/wp\/v2\/product_brand?post=20598"},{"taxonomy":"product_cat","embeddable":true,"href":"https:\/\/intimusdream.com\/index.php\/wp-json\/wp\/v2\/product_cat?post=20598"},{"taxonomy":"product_tag","embeddable":true,"href":"https:\/\/intimusdream.com\/index.php\/wp-json\/wp\/v2\/product_tag?post=20598"}],"curies":[{"name":"wp","href":"https:\/\/api.w.org\/{rel}","templated":true}]}}